{"id":9035,"date":"2026-04-22T13:36:02","date_gmt":"2026-04-22T13:36:02","guid":{"rendered":"https:\/\/educaredigital.online\/loja\/?post_type=product&#038;p=9035"},"modified":"2026-04-22T17:31:06","modified_gmt":"2026-04-22T17:31:06","slug":"painel-jogo-da-velha-gigante","status":"publish","type":"product","link":"https:\/\/educaredigital.online\/loja\/produto\/painel-jogo-da-velha-gigante\/","title":{"rendered":"Painel Jogo da Velha Gigante"},"content":{"rendered":"<ul>\n<li>Confeccionado em lona vinil, soldada nas pontas com col.oca\u00e7\u00e3o de madeira e ponteiras de pl\u00e1sticas.<\/li>\n<li>Cont\u00e9m velcro no painel e acompanha 10 pe\u00e7as para fixar com impress\u00e3o digital.<\/li>\n<\/ul>\n","protected":false},"excerpt":{"rendered":"<p>Dimens\u00f5es: 0,90 x 1,00 m<\/p>\n","protected":false},"featured_media":9036,"comment_status":"open","ping_status":"closed","template":"","meta":[],"product_brand":[],"product_cat":[48],"product_tag":[],"class_list":{"0":"post-9035","1":"product","2":"type-product","3":"status-publish","6":"product_cat-jogosdeequipe","8":"first","9":"instock","10":"shipping-taxable","11":"purchasable","12":"product-type-simple"},"_links":{"self":[{"href":"https:\/\/educaredigital.online\/loja\/wp-json\/wp\/v2\/product\/9035","targetHints":{"allow":["GET"]}}],"collection":[{"href":"https:\/\/educaredigital.online\/loja\/wp-json\/wp\/v2\/product"}],"about":[{"href":"https:\/\/educaredigital.online\/loja\/wp-json\/wp\/v2\/types\/product"}],"replies":[{"embeddable":true,"href":"https:\/\/educaredigital.online\/loja\/wp-json\/wp\/v2\/comments?post=9035"}],"wp:featuredmedia":[{"embeddable":true,"href":"https:\/\/educaredigital.online\/loja\/wp-json\/wp\/v2\/media\/9036"}],"wp:attachment":[{"href":"https:\/\/educaredigital.online\/loja\/wp-json\/wp\/v2\/media?parent=9035"}],"wp:term":[{"taxonomy":"product_brand","embeddable":true,"href":"https:\/\/educaredigital.online\/loja\/wp-json\/wp\/v2\/product_brand?post=9035"},{"taxonomy":"product_cat","embeddable":true,"href":"https:\/\/educaredigital.online\/loja\/wp-json\/wp\/v2\/product_cat?post=9035"},{"taxonomy":"product_tag","embeddable":true,"href":"https:\/\/educaredigital.online\/loja\/wp-json\/wp\/v2\/product_tag?post=9035"}],"curies":[{"name":"wp","href":"https:\/\/api.w.org\/{rel}","templated":true}]}}