{"id":9017,"date":"2026-04-22T13:22:55","date_gmt":"2026-04-22T13:22:55","guid":{"rendered":"https:\/\/educaredigital.online\/loja\/?post_type=product&#038;p=9017"},"modified":"2026-04-22T17:30:19","modified_gmt":"2026-04-22T17:30:19","slug":"acerte-o-alvo-numeros","status":"publish","type":"product","link":"https:\/\/educaredigital.online\/loja\/produto\/acerte-o-alvo-numeros\/","title":{"rendered":"Acerte o Alvo N\u00fameros"},"content":{"rendered":"<ul>\n<li>Confeccionado em bagun brilhante, soldada nas pontas em coloca\u00e7\u00e3o de madeira e ponteira pl\u00e1stica.<\/li>\n<li>Cont\u00e9m velcro no painel e acompanha 18 pe\u00e7as para fixar.<\/li>\n<li>Com impress\u00e3o digital.<\/li>\n<\/ul>\n","protected":false},"excerpt":{"rendered":"<p>Dimens\u00f5es: 0,90 x 1,15 m<\/p>\n","protected":false},"featured_media":0,"comment_status":"open","ping_status":"closed","template":"","meta":[],"product_brand":[],"product_cat":[48],"product_tag":[],"class_list":{"1":"product","2":"type-product","3":"status-publish","5":"product_cat-jogosdeequipe","7":"first","8":"instock","9":"shipping-taxable","10":"purchasable","11":"product-type-simple"},"_links":{"self":[{"href":"https:\/\/educaredigital.online\/loja\/wp-json\/wp\/v2\/product\/9017","targetHints":{"allow":["GET"]}}],"collection":[{"href":"https:\/\/educaredigital.online\/loja\/wp-json\/wp\/v2\/product"}],"about":[{"href":"https:\/\/educaredigital.online\/loja\/wp-json\/wp\/v2\/types\/product"}],"replies":[{"embeddable":true,"href":"https:\/\/educaredigital.online\/loja\/wp-json\/wp\/v2\/comments?post=9017"}],"wp:attachment":[{"href":"https:\/\/educaredigital.online\/loja\/wp-json\/wp\/v2\/media?parent=9017"}],"wp:term":[{"taxonomy":"product_brand","embeddable":true,"href":"https:\/\/educaredigital.online\/loja\/wp-json\/wp\/v2\/product_brand?post=9017"},{"taxonomy":"product_cat","embeddable":true,"href":"https:\/\/educaredigital.online\/loja\/wp-json\/wp\/v2\/product_cat?post=9017"},{"taxonomy":"product_tag","embeddable":true,"href":"https:\/\/educaredigital.online\/loja\/wp-json\/wp\/v2\/product_tag?post=9017"}],"curies":[{"name":"wp","href":"https:\/\/api.w.org\/{rel}","templated":true}]}}