{"id":9014,"date":"2026-04-22T13:20:39","date_gmt":"2026-04-22T13:20:39","guid":{"rendered":"https:\/\/educaredigital.online\/loja\/?post_type=product&#038;p=9014"},"modified":"2026-04-22T17:29:58","modified_gmt":"2026-04-22T17:29:58","slug":"acerte-o-alvo-jogo-da-velha","status":"publish","type":"product","link":"https:\/\/educaredigital.online\/loja\/produto\/acerte-o-alvo-jogo-da-velha\/","title":{"rendered":"Acerte o Alvo Jogo da Velha"},"content":{"rendered":"<ul>\n<li>Confecionado em bagun brilhante, soldada nas pontas com coloca\u00e7\u00e3o de madeira e ponteira pl\u00e1stica.<\/li>\n<li>Cont\u00e9m velcro no painel e acompanha 10 pe\u00e7as para fixar.<\/li>\n<li>Com impress\u00e3o digital.<\/li>\n<\/ul>\n<p>&nbsp;<\/p>\n","protected":false},"excerpt":{"rendered":"<p>Dimens\u00f5es: 0,90 x 1,00 m<\/p>\n","protected":false},"featured_media":9015,"comment_status":"open","ping_status":"closed","template":"","meta":[],"product_brand":[],"product_cat":[48],"product_tag":[],"class_list":{"0":"post-9014","1":"product","2":"type-product","3":"status-publish","6":"product_cat-jogosdeequipe","8":"first","9":"instock","10":"shipping-taxable","11":"purchasable","12":"product-type-simple"},"_links":{"self":[{"href":"https:\/\/educaredigital.online\/loja\/wp-json\/wp\/v2\/product\/9014","targetHints":{"allow":["GET"]}}],"collection":[{"href":"https:\/\/educaredigital.online\/loja\/wp-json\/wp\/v2\/product"}],"about":[{"href":"https:\/\/educaredigital.online\/loja\/wp-json\/wp\/v2\/types\/product"}],"replies":[{"embeddable":true,"href":"https:\/\/educaredigital.online\/loja\/wp-json\/wp\/v2\/comments?post=9014"}],"wp:featuredmedia":[{"embeddable":true,"href":"https:\/\/educaredigital.online\/loja\/wp-json\/wp\/v2\/media\/9015"}],"wp:attachment":[{"href":"https:\/\/educaredigital.online\/loja\/wp-json\/wp\/v2\/media?parent=9014"}],"wp:term":[{"taxonomy":"product_brand","embeddable":true,"href":"https:\/\/educaredigital.online\/loja\/wp-json\/wp\/v2\/product_brand?post=9014"},{"taxonomy":"product_cat","embeddable":true,"href":"https:\/\/educaredigital.online\/loja\/wp-json\/wp\/v2\/product_cat?post=9014"},{"taxonomy":"product_tag","embeddable":true,"href":"https:\/\/educaredigital.online\/loja\/wp-json\/wp\/v2\/product_tag?post=9014"}],"curies":[{"name":"wp","href":"https:\/\/api.w.org\/{rel}","templated":true}]}}