{"id":9011,"date":"2026-04-22T13:17:53","date_gmt":"2026-04-22T13:17:53","guid":{"rendered":"https:\/\/educaredigital.online\/loja\/?post_type=product&#038;p=9011"},"modified":"2026-04-22T13:17:57","modified_gmt":"2026-04-22T13:17:57","slug":"acerte-o-alvo","status":"publish","type":"product","link":"https:\/\/educaredigital.online\/loja\/produto\/acerte-o-alvo\/","title":{"rendered":"Acerte o Alvo"},"content":{"rendered":"<ul>\n<li>Confeccionado em bagun brilhante, soldada nas pontas com coloca\u00e7\u00e3o de madeira e ponteira pl\u00e1stica.<\/li>\n<li>Cont\u00e9m velcro no painel e acompanha 6 pe\u00e7as para fixar.<\/li>\n<li>Com impress\u00e3o digital e possui indica\u00e7\u00e3o de pontos.<\/li>\n<\/ul>\n<p>&nbsp;<\/p>\n","protected":false},"excerpt":{"rendered":"<p>Confeccionado em bagun brilhante, soldada nas pontas com coloca\u00e7\u00e3o de madeira e ponteira pl\u00e1stica. Cont\u00e9m velcro no painel e acompanha 6 pe\u00e7as para fixar. Com impress\u00e3o digital e possui indica\u00e7\u00e3o de pontos. &nbsp;<\/p>\n","protected":false},"featured_media":9012,"comment_status":"open","ping_status":"closed","template":"","meta":[],"product_brand":[],"product_cat":[48],"product_tag":[],"class_list":{"0":"post-9011","1":"product","2":"type-product","3":"status-publish","6":"product_cat-jogosdeequipe","8":"first","9":"instock","10":"shipping-taxable","11":"purchasable","12":"product-type-simple"},"_links":{"self":[{"href":"https:\/\/educaredigital.online\/loja\/wp-json\/wp\/v2\/product\/9011","targetHints":{"allow":["GET"]}}],"collection":[{"href":"https:\/\/educaredigital.online\/loja\/wp-json\/wp\/v2\/product"}],"about":[{"href":"https:\/\/educaredigital.online\/loja\/wp-json\/wp\/v2\/types\/product"}],"replies":[{"embeddable":true,"href":"https:\/\/educaredigital.online\/loja\/wp-json\/wp\/v2\/comments?post=9011"}],"wp:featuredmedia":[{"embeddable":true,"href":"https:\/\/educaredigital.online\/loja\/wp-json\/wp\/v2\/media\/9012"}],"wp:attachment":[{"href":"https:\/\/educaredigital.online\/loja\/wp-json\/wp\/v2\/media?parent=9011"}],"wp:term":[{"taxonomy":"product_brand","embeddable":true,"href":"https:\/\/educaredigital.online\/loja\/wp-json\/wp\/v2\/product_brand?post=9011"},{"taxonomy":"product_cat","embeddable":true,"href":"https:\/\/educaredigital.online\/loja\/wp-json\/wp\/v2\/product_cat?post=9011"},{"taxonomy":"product_tag","embeddable":true,"href":"https:\/\/educaredigital.online\/loja\/wp-json\/wp\/v2\/product_tag?post=9011"}],"curies":[{"name":"wp","href":"https:\/\/api.w.org\/{rel}","templated":true}]}}