{"id":9007,"date":"2026-04-22T13:13:14","date_gmt":"2026-04-22T13:13:14","guid":{"rendered":"https:\/\/educaredigital.online\/loja\/?post_type=product&#038;p=9007"},"modified":"2026-04-22T13:13:46","modified_gmt":"2026-04-22T13:13:46","slug":"big-construtor","status":"publish","type":"product","link":"https:\/\/educaredigital.online\/loja\/produto\/big-construtor\/","title":{"rendered":"Big Construtor"},"content":{"rendered":"<ul>\n<li>Confeccionado com Espuma, revestido em bagun e corino.<\/li>\n<li>Com impress\u00e3o digital.<\/li>\n<li>Cont\u00e9m 24 pe\u00e7as.<\/li>\n<li>Acondicionado em sacola PVC cristal, com al\u00e7a e ziper.<\/li>\n<\/ul>\n","protected":false},"excerpt":{"rendered":"<p>Confeccionado com Espuma, revestido em bagun e corino. Com impress\u00e3o digital. Cont\u00e9m 24 pe\u00e7as. Acondicionado em sacola PVC cristal, com al\u00e7a e ziper.<\/p>\n","protected":false},"featured_media":9008,"comment_status":"open","ping_status":"closed","template":"","meta":[],"product_brand":[],"product_cat":[46],"product_tag":[],"class_list":{"0":"post-9007","1":"product","2":"type-product","3":"status-publish","6":"product_cat-espumados","8":"first","9":"instock","10":"shipping-taxable","11":"purchasable","12":"product-type-simple"},"_links":{"self":[{"href":"https:\/\/educaredigital.online\/loja\/wp-json\/wp\/v2\/product\/9007","targetHints":{"allow":["GET"]}}],"collection":[{"href":"https:\/\/educaredigital.online\/loja\/wp-json\/wp\/v2\/product"}],"about":[{"href":"https:\/\/educaredigital.online\/loja\/wp-json\/wp\/v2\/types\/product"}],"replies":[{"embeddable":true,"href":"https:\/\/educaredigital.online\/loja\/wp-json\/wp\/v2\/comments?post=9007"}],"wp:featuredmedia":[{"embeddable":true,"href":"https:\/\/educaredigital.online\/loja\/wp-json\/wp\/v2\/media\/9008"}],"wp:attachment":[{"href":"https:\/\/educaredigital.online\/loja\/wp-json\/wp\/v2\/media?parent=9007"}],"wp:term":[{"taxonomy":"product_brand","embeddable":true,"href":"https:\/\/educaredigital.online\/loja\/wp-json\/wp\/v2\/product_brand?post=9007"},{"taxonomy":"product_cat","embeddable":true,"href":"https:\/\/educaredigital.online\/loja\/wp-json\/wp\/v2\/product_cat?post=9007"},{"taxonomy":"product_tag","embeddable":true,"href":"https:\/\/educaredigital.online\/loja\/wp-json\/wp\/v2\/product_tag?post=9007"}],"curies":[{"name":"wp","href":"https:\/\/api.w.org\/{rel}","templated":true}]}}