{"id":9005,"date":"2026-04-22T13:09:45","date_gmt":"2026-04-22T13:09:45","guid":{"rendered":"https:\/\/educaredigital.online\/loja\/?post_type=product&#038;p=9005"},"modified":"2026-04-22T17:29:42","modified_gmt":"2026-04-22T17:29:42","slug":"faixa-dos-numeros-de-0-a-30","status":"publish","type":"product","link":"https:\/\/educaredigital.online\/loja\/produto\/faixa-dos-numeros-de-0-a-30\/","title":{"rendered":"Faixa dos N\u00fameros de 0 a 30"},"content":{"rendered":"<p>Confeccionado em vinil, soldada nas pontas em coloca\u00e7\u00e3o de madeira e ponteira pl\u00e1stica. Com impress\u00e3o digital.<!-- notionvc: 10d57723-a39a-4e90-a8ea-ce86b67b26af --><\/p>\n","protected":false},"excerpt":{"rendered":"<p>Dimens\u00f5es: 2,30 x 0,30 m<!-- notionvc: 77c17c64-0800-4ec6-994b-dcdf8a3b5dba --><\/p>\n","protected":false},"featured_media":9002,"comment_status":"open","ping_status":"closed","template":"","meta":[],"product_brand":[],"product_cat":[218],"product_tag":[],"class_list":{"0":"post-9005","1":"product","2":"type-product","3":"status-publish","6":"product_cat-banners-e-mapas","8":"first","9":"instock","10":"shipping-taxable","11":"purchasable","12":"product-type-simple"},"_links":{"self":[{"href":"https:\/\/educaredigital.online\/loja\/wp-json\/wp\/v2\/product\/9005","targetHints":{"allow":["GET"]}}],"collection":[{"href":"https:\/\/educaredigital.online\/loja\/wp-json\/wp\/v2\/product"}],"about":[{"href":"https:\/\/educaredigital.online\/loja\/wp-json\/wp\/v2\/types\/product"}],"replies":[{"embeddable":true,"href":"https:\/\/educaredigital.online\/loja\/wp-json\/wp\/v2\/comments?post=9005"}],"wp:featuredmedia":[{"embeddable":true,"href":"https:\/\/educaredigital.online\/loja\/wp-json\/wp\/v2\/media\/9002"}],"wp:attachment":[{"href":"https:\/\/educaredigital.online\/loja\/wp-json\/wp\/v2\/media?parent=9005"}],"wp:term":[{"taxonomy":"product_brand","embeddable":true,"href":"https:\/\/educaredigital.online\/loja\/wp-json\/wp\/v2\/product_brand?post=9005"},{"taxonomy":"product_cat","embeddable":true,"href":"https:\/\/educaredigital.online\/loja\/wp-json\/wp\/v2\/product_cat?post=9005"},{"taxonomy":"product_tag","embeddable":true,"href":"https:\/\/educaredigital.online\/loja\/wp-json\/wp\/v2\/product_tag?post=9005"}],"curies":[{"name":"wp","href":"https:\/\/api.w.org\/{rel}","templated":true}]}}