{"id":8998,"date":"2026-04-22T13:05:24","date_gmt":"2026-04-22T13:05:24","guid":{"rendered":"https:\/\/educaredigital.online\/loja\/?post_type=product&#038;p=8998"},"modified":"2026-04-22T17:29:32","modified_gmt":"2026-04-22T17:29:32","slug":"faixa-numeros-de-0-a-10","status":"publish","type":"product","link":"https:\/\/educaredigital.online\/loja\/produto\/faixa-numeros-de-0-a-10\/","title":{"rendered":"Faixa N\u00fameros de 0 a 10"},"content":{"rendered":"<p>Confeccionado em vinil, soldada nas pontas em coloca\u00e7\u00e3o de madeira e ponteira pl\u00e1stica. Com impress\u00e3o digital.<!-- notionvc: b666172a-bcb0-4974-affd-b3b6775c48d0 --><\/p>\n","protected":false},"excerpt":{"rendered":"<p>Dimens\u00f5es: 0,35 x 2,00 m<!-- notionvc: 947a965f-652f-4aa2-afd3-0c6e6e5eb12c --><\/p>\n","protected":false},"featured_media":8999,"comment_status":"open","ping_status":"closed","template":"","meta":[],"product_brand":[],"product_cat":[218],"product_tag":[],"class_list":{"0":"post-8998","1":"product","2":"type-product","3":"status-publish","6":"product_cat-banners-e-mapas","8":"first","9":"instock","10":"shipping-taxable","11":"purchasable","12":"product-type-simple"},"_links":{"self":[{"href":"https:\/\/educaredigital.online\/loja\/wp-json\/wp\/v2\/product\/8998","targetHints":{"allow":["GET"]}}],"collection":[{"href":"https:\/\/educaredigital.online\/loja\/wp-json\/wp\/v2\/product"}],"about":[{"href":"https:\/\/educaredigital.online\/loja\/wp-json\/wp\/v2\/types\/product"}],"replies":[{"embeddable":true,"href":"https:\/\/educaredigital.online\/loja\/wp-json\/wp\/v2\/comments?post=8998"}],"wp:featuredmedia":[{"embeddable":true,"href":"https:\/\/educaredigital.online\/loja\/wp-json\/wp\/v2\/media\/8999"}],"wp:attachment":[{"href":"https:\/\/educaredigital.online\/loja\/wp-json\/wp\/v2\/media?parent=8998"}],"wp:term":[{"taxonomy":"product_brand","embeddable":true,"href":"https:\/\/educaredigital.online\/loja\/wp-json\/wp\/v2\/product_brand?post=8998"},{"taxonomy":"product_cat","embeddable":true,"href":"https:\/\/educaredigital.online\/loja\/wp-json\/wp\/v2\/product_cat?post=8998"},{"taxonomy":"product_tag","embeddable":true,"href":"https:\/\/educaredigital.online\/loja\/wp-json\/wp\/v2\/product_tag?post=8998"}],"curies":[{"name":"wp","href":"https:\/\/api.w.org\/{rel}","templated":true}]}}