{"id":8989,"date":"2026-04-22T12:57:06","date_gmt":"2026-04-22T12:57:06","guid":{"rendered":"https:\/\/educaredigital.online\/loja\/?post_type=product&#038;p=8989"},"modified":"2026-04-22T17:29:18","modified_gmt":"2026-04-22T17:29:18","slug":"banner-alfabeto-e-numeros-em-libras","status":"publish","type":"product","link":"https:\/\/educaredigital.online\/loja\/produto\/banner-alfabeto-e-numeros-em-libras\/","title":{"rendered":"Banner Alfabeto e N\u00fameros em Libras"},"content":{"rendered":"<p>Confeccionado em vinil, soldada nas pontas em coloca\u00e7\u00e3o de madeira e ponteira pl\u00e1stica. Com impress\u00e3o digital.<!-- notionvc: db104db6-ddc3-4ad8-8d1d-6e2432ae3990 --><\/p>\n","protected":false},"excerpt":{"rendered":"<p>Dimens\u00f5es: 0,65 x 1,00 m<!-- notionvc: bcbb6625-001d-4ab4-bea1-89ec8b4e7c8d --><\/p>\n","protected":false},"featured_media":8990,"comment_status":"open","ping_status":"closed","template":"","meta":[],"product_brand":[],"product_cat":[218],"product_tag":[],"class_list":{"0":"post-8989","1":"product","2":"type-product","3":"status-publish","6":"product_cat-banners-e-mapas","8":"first","9":"instock","10":"shipping-taxable","11":"purchasable","12":"product-type-simple"},"_links":{"self":[{"href":"https:\/\/educaredigital.online\/loja\/wp-json\/wp\/v2\/product\/8989","targetHints":{"allow":["GET"]}}],"collection":[{"href":"https:\/\/educaredigital.online\/loja\/wp-json\/wp\/v2\/product"}],"about":[{"href":"https:\/\/educaredigital.online\/loja\/wp-json\/wp\/v2\/types\/product"}],"replies":[{"embeddable":true,"href":"https:\/\/educaredigital.online\/loja\/wp-json\/wp\/v2\/comments?post=8989"}],"wp:featuredmedia":[{"embeddable":true,"href":"https:\/\/educaredigital.online\/loja\/wp-json\/wp\/v2\/media\/8990"}],"wp:attachment":[{"href":"https:\/\/educaredigital.online\/loja\/wp-json\/wp\/v2\/media?parent=8989"}],"wp:term":[{"taxonomy":"product_brand","embeddable":true,"href":"https:\/\/educaredigital.online\/loja\/wp-json\/wp\/v2\/product_brand?post=8989"},{"taxonomy":"product_cat","embeddable":true,"href":"https:\/\/educaredigital.online\/loja\/wp-json\/wp\/v2\/product_cat?post=8989"},{"taxonomy":"product_tag","embeddable":true,"href":"https:\/\/educaredigital.online\/loja\/wp-json\/wp\/v2\/product_tag?post=8989"}],"curies":[{"name":"wp","href":"https:\/\/api.w.org\/{rel}","templated":true}]}}