{"id":8984,"date":"2026-04-22T12:51:55","date_gmt":"2026-04-22T12:51:55","guid":{"rendered":"https:\/\/educaredigital.online\/loja\/?post_type=product&#038;p=8984"},"modified":"2026-04-22T17:28:11","modified_gmt":"2026-04-22T17:28:11","slug":"banner-dos-numerais-de-0-a-1000","status":"publish","type":"product","link":"https:\/\/educaredigital.online\/loja\/produto\/banner-dos-numerais-de-0-a-1000\/","title":{"rendered":"Banner dos Numerais de 0 a 1000"},"content":{"rendered":"<p>Confeccionado em vinil, soldada nas pontas em coloca\u00e7\u00e3o de madeira e ponteira pl\u00e1stica. Com impress\u00e3o digital.<\/p>\n<p><!-- notionvc: 9ee206f9-f317-4cb7-bfb7-127b0b72e086 --><\/p>\n","protected":false},"excerpt":{"rendered":"<p>Dimens\u00f5es: 0,68 x 1,00 m<!-- notionvc: 5c58cc2e-e262-477d-a582-97dccb737149 --><\/p>\n","protected":false},"featured_media":8981,"comment_status":"open","ping_status":"closed","template":"","meta":[],"product_brand":[],"product_cat":[218],"product_tag":[],"class_list":{"0":"post-8984","1":"product","2":"type-product","3":"status-publish","6":"product_cat-banners-e-mapas","8":"first","9":"instock","10":"shipping-taxable","11":"purchasable","12":"product-type-simple"},"_links":{"self":[{"href":"https:\/\/educaredigital.online\/loja\/wp-json\/wp\/v2\/product\/8984","targetHints":{"allow":["GET"]}}],"collection":[{"href":"https:\/\/educaredigital.online\/loja\/wp-json\/wp\/v2\/product"}],"about":[{"href":"https:\/\/educaredigital.online\/loja\/wp-json\/wp\/v2\/types\/product"}],"replies":[{"embeddable":true,"href":"https:\/\/educaredigital.online\/loja\/wp-json\/wp\/v2\/comments?post=8984"}],"wp:featuredmedia":[{"embeddable":true,"href":"https:\/\/educaredigital.online\/loja\/wp-json\/wp\/v2\/media\/8981"}],"wp:attachment":[{"href":"https:\/\/educaredigital.online\/loja\/wp-json\/wp\/v2\/media?parent=8984"}],"wp:term":[{"taxonomy":"product_brand","embeddable":true,"href":"https:\/\/educaredigital.online\/loja\/wp-json\/wp\/v2\/product_brand?post=8984"},{"taxonomy":"product_cat","embeddable":true,"href":"https:\/\/educaredigital.online\/loja\/wp-json\/wp\/v2\/product_cat?post=8984"},{"taxonomy":"product_tag","embeddable":true,"href":"https:\/\/educaredigital.online\/loja\/wp-json\/wp\/v2\/product_tag?post=8984"}],"curies":[{"name":"wp","href":"https:\/\/api.w.org\/{rel}","templated":true}]}}