{"id":8968,"date":"2026-04-22T12:22:13","date_gmt":"2026-04-22T12:22:13","guid":{"rendered":"https:\/\/educaredigital.online\/loja\/?post_type=product&#038;p=8968"},"modified":"2026-04-22T17:28:32","modified_gmt":"2026-04-22T17:28:32","slug":"banner-da-tabela-de-pitagoras","status":"publish","type":"product","link":"https:\/\/educaredigital.online\/loja\/produto\/banner-da-tabela-de-pitagoras\/","title":{"rendered":"Banner da Tabela de Pit\u00e1goras"},"content":{"rendered":"<p>Confeccionado em vinil, soldada nas pontas em coloca\u00e7\u00e3o de madeira e ponteira pl\u00e1stica. Com impress\u00e3o digital.<!-- notionvc: 5a8ab6e8-1c0b-49ff-a74d-160f67945097 --><\/p>\n","protected":false},"excerpt":{"rendered":"<p>Dimens\u00f5es: 0,65 x 1,00 m<\/p>\n<p><!-- notionvc: 228a5728-7d55-4f6f-8c6a-79c9aec90821 --><\/p>\n","protected":false},"featured_media":8970,"comment_status":"open","ping_status":"closed","template":"","meta":[],"product_brand":[],"product_cat":[218],"product_tag":[],"class_list":{"0":"post-8968","1":"product","2":"type-product","3":"status-publish","6":"product_cat-banners-e-mapas","8":"first","9":"instock","10":"shipping-taxable","11":"purchasable","12":"product-type-simple"},"_links":{"self":[{"href":"https:\/\/educaredigital.online\/loja\/wp-json\/wp\/v2\/product\/8968","targetHints":{"allow":["GET"]}}],"collection":[{"href":"https:\/\/educaredigital.online\/loja\/wp-json\/wp\/v2\/product"}],"about":[{"href":"https:\/\/educaredigital.online\/loja\/wp-json\/wp\/v2\/types\/product"}],"replies":[{"embeddable":true,"href":"https:\/\/educaredigital.online\/loja\/wp-json\/wp\/v2\/comments?post=8968"}],"wp:featuredmedia":[{"embeddable":true,"href":"https:\/\/educaredigital.online\/loja\/wp-json\/wp\/v2\/media\/8970"}],"wp:attachment":[{"href":"https:\/\/educaredigital.online\/loja\/wp-json\/wp\/v2\/media?parent=8968"}],"wp:term":[{"taxonomy":"product_brand","embeddable":true,"href":"https:\/\/educaredigital.online\/loja\/wp-json\/wp\/v2\/product_brand?post=8968"},{"taxonomy":"product_cat","embeddable":true,"href":"https:\/\/educaredigital.online\/loja\/wp-json\/wp\/v2\/product_cat?post=8968"},{"taxonomy":"product_tag","embeddable":true,"href":"https:\/\/educaredigital.online\/loja\/wp-json\/wp\/v2\/product_tag?post=8968"}],"curies":[{"name":"wp","href":"https:\/\/api.w.org\/{rel}","templated":true}]}}