{"id":8966,"date":"2026-04-22T12:19:22","date_gmt":"2026-04-22T12:19:22","guid":{"rendered":"https:\/\/educaredigital.online\/loja\/?post_type=product&#038;p=8966"},"modified":"2026-04-22T17:28:37","modified_gmt":"2026-04-22T17:28:37","slug":"banner-das-tabuadas-multiplicacao","status":"publish","type":"product","link":"https:\/\/educaredigital.online\/loja\/produto\/banner-das-tabuadas-multiplicacao\/","title":{"rendered":"Banner das Tabuadas &#8211; Multiplica\u00e7\u00e3o"},"content":{"rendered":"<p>Confeccionado em vinil, soldada nas pontas em coloca\u00e7\u00e3o de madeira e ponteira pl\u00e1stica. Com impress\u00e3o digital.<!-- notionvc: 0291bb5d-9142-41b6-b712-0e4db1e46514 --><\/p>\n","protected":false},"excerpt":{"rendered":"<p>Dimens\u00f5es: 0,68 x 1,10 m<!-- notionvc: 4fd249a4-105c-4ac0-81e6-bf7c7df85e40 --><\/p>\n","protected":false},"featured_media":0,"comment_status":"open","ping_status":"closed","template":"","meta":[],"product_brand":[],"product_cat":[218],"product_tag":[],"class_list":{"1":"product","2":"type-product","3":"status-publish","5":"product_cat-banners-e-mapas","7":"first","8":"instock","9":"shipping-taxable","10":"purchasable","11":"product-type-simple"},"_links":{"self":[{"href":"https:\/\/educaredigital.online\/loja\/wp-json\/wp\/v2\/product\/8966","targetHints":{"allow":["GET"]}}],"collection":[{"href":"https:\/\/educaredigital.online\/loja\/wp-json\/wp\/v2\/product"}],"about":[{"href":"https:\/\/educaredigital.online\/loja\/wp-json\/wp\/v2\/types\/product"}],"replies":[{"embeddable":true,"href":"https:\/\/educaredigital.online\/loja\/wp-json\/wp\/v2\/comments?post=8966"}],"wp:attachment":[{"href":"https:\/\/educaredigital.online\/loja\/wp-json\/wp\/v2\/media?parent=8966"}],"wp:term":[{"taxonomy":"product_brand","embeddable":true,"href":"https:\/\/educaredigital.online\/loja\/wp-json\/wp\/v2\/product_brand?post=8966"},{"taxonomy":"product_cat","embeddable":true,"href":"https:\/\/educaredigital.online\/loja\/wp-json\/wp\/v2\/product_cat?post=8966"},{"taxonomy":"product_tag","embeddable":true,"href":"https:\/\/educaredigital.online\/loja\/wp-json\/wp\/v2\/product_tag?post=8966"}],"curies":[{"name":"wp","href":"https:\/\/api.w.org\/{rel}","templated":true}]}}