{"id":8950,"date":"2026-04-22T12:03:01","date_gmt":"2026-04-22T12:03:01","guid":{"rendered":"https:\/\/educaredigital.online\/loja\/?post_type=product&#038;p=8950"},"modified":"2026-04-22T17:27:34","modified_gmt":"2026-04-22T17:27:34","slug":"banner-dos-numeros-e-quantidades-de-0-a-30","status":"publish","type":"product","link":"https:\/\/educaredigital.online\/loja\/produto\/banner-dos-numeros-e-quantidades-de-0-a-30\/","title":{"rendered":"Banner dos N\u00fameros e Quantidades de 0 a 30"},"content":{"rendered":"<p>Confeccionado em lona vinil, soldada nas pontas com coloca\u00e7\u00e3o de madeira e ponteira pl\u00e1stica. Com impress\u00e3o digital.<\/p>\n","protected":false},"excerpt":{"rendered":"<p>Dimens\u00f5es: 0,68 x 1,00 m<\/p>\n","protected":false},"featured_media":8951,"comment_status":"open","ping_status":"closed","template":"","meta":[],"product_brand":[],"product_cat":[218],"product_tag":[],"class_list":{"0":"post-8950","1":"product","2":"type-product","3":"status-publish","6":"product_cat-banners-e-mapas","8":"first","9":"instock","10":"shipping-taxable","11":"purchasable","12":"product-type-simple"},"_links":{"self":[{"href":"https:\/\/educaredigital.online\/loja\/wp-json\/wp\/v2\/product\/8950","targetHints":{"allow":["GET"]}}],"collection":[{"href":"https:\/\/educaredigital.online\/loja\/wp-json\/wp\/v2\/product"}],"about":[{"href":"https:\/\/educaredigital.online\/loja\/wp-json\/wp\/v2\/types\/product"}],"replies":[{"embeddable":true,"href":"https:\/\/educaredigital.online\/loja\/wp-json\/wp\/v2\/comments?post=8950"}],"wp:featuredmedia":[{"embeddable":true,"href":"https:\/\/educaredigital.online\/loja\/wp-json\/wp\/v2\/media\/8951"}],"wp:attachment":[{"href":"https:\/\/educaredigital.online\/loja\/wp-json\/wp\/v2\/media?parent=8950"}],"wp:term":[{"taxonomy":"product_brand","embeddable":true,"href":"https:\/\/educaredigital.online\/loja\/wp-json\/wp\/v2\/product_brand?post=8950"},{"taxonomy":"product_cat","embeddable":true,"href":"https:\/\/educaredigital.online\/loja\/wp-json\/wp\/v2\/product_cat?post=8950"},{"taxonomy":"product_tag","embeddable":true,"href":"https:\/\/educaredigital.online\/loja\/wp-json\/wp\/v2\/product_tag?post=8950"}],"curies":[{"name":"wp","href":"https:\/\/api.w.org\/{rel}","templated":true}]}}