{"id":8944,"date":"2026-04-22T11:54:49","date_gmt":"2026-04-22T11:54:49","guid":{"rendered":"https:\/\/educaredigital.online\/loja\/?post_type=product&#038;p=8944"},"modified":"2026-04-22T11:54:53","modified_gmt":"2026-04-22T11:54:53","slug":"banner-silabario-simples","status":"publish","type":"product","link":"https:\/\/educaredigital.online\/loja\/produto\/banner-silabario-simples\/","title":{"rendered":"Banner Silab\u00e1rio &#8211; Simples"},"content":{"rendered":"<p>Confeccionado em lona vinil, soldada nas pontas com coloca\u00e7\u00e3o de madeira e ponteira pl\u00e1stica.<\/p>\n<p>Com impress\u00e3o digital.<\/p>\n","protected":false},"excerpt":{"rendered":"<p>Dimens\u00f5es: 0,65 x 1.50m.<\/p>\n","protected":false},"featured_media":8945,"comment_status":"open","ping_status":"closed","template":"","meta":[],"product_brand":[],"product_cat":[218],"product_tag":[],"class_list":{"0":"post-8944","1":"product","2":"type-product","3":"status-publish","6":"product_cat-banners-e-mapas","8":"first","9":"instock","10":"shipping-taxable","11":"purchasable","12":"product-type-simple"},"_links":{"self":[{"href":"https:\/\/educaredigital.online\/loja\/wp-json\/wp\/v2\/product\/8944","targetHints":{"allow":["GET"]}}],"collection":[{"href":"https:\/\/educaredigital.online\/loja\/wp-json\/wp\/v2\/product"}],"about":[{"href":"https:\/\/educaredigital.online\/loja\/wp-json\/wp\/v2\/types\/product"}],"replies":[{"embeddable":true,"href":"https:\/\/educaredigital.online\/loja\/wp-json\/wp\/v2\/comments?post=8944"}],"wp:featuredmedia":[{"embeddable":true,"href":"https:\/\/educaredigital.online\/loja\/wp-json\/wp\/v2\/media\/8945"}],"wp:attachment":[{"href":"https:\/\/educaredigital.online\/loja\/wp-json\/wp\/v2\/media?parent=8944"}],"wp:term":[{"taxonomy":"product_brand","embeddable":true,"href":"https:\/\/educaredigital.online\/loja\/wp-json\/wp\/v2\/product_brand?post=8944"},{"taxonomy":"product_cat","embeddable":true,"href":"https:\/\/educaredigital.online\/loja\/wp-json\/wp\/v2\/product_cat?post=8944"},{"taxonomy":"product_tag","embeddable":true,"href":"https:\/\/educaredigital.online\/loja\/wp-json\/wp\/v2\/product_tag?post=8944"}],"curies":[{"name":"wp","href":"https:\/\/api.w.org\/{rel}","templated":true}]}}