{"id":8911,"date":"2026-04-20T20:20:27","date_gmt":"2026-04-20T20:20:27","guid":{"rendered":"https:\/\/educaredigital.online\/loja\/?post_type=product&#038;p=8911"},"modified":"2026-04-24T19:51:13","modified_gmt":"2026-04-24T19:51:13","slug":"baby-trem","status":"publish","type":"product","link":"https:\/\/educaredigital.online\/loja\/produto\/baby-trem\/","title":{"rendered":"Baby Trem"},"content":{"rendered":"<div class=\"ds-message _63c77b1\">\n<div class=\"ds-markdown\"><\/div>\n<\/div>\n<div class=\"ds-theme\">\n<p class=\"ds-markdown-paragraph\">\u00a0<strong>Baby Trem<\/strong> \u00a0Ele estimula a descoberta dos movimentos atrav\u00e9s de uma locomotiva que, ao ser empurrada, ativa\u00a0<strong>engrenagens girat\u00f3rias<\/strong>\u00a0e uma\u00a0<strong>buzina que imite o som real de um trem<\/strong>\u00a0. Dependendo da vers\u00e3o, o brinquedo pode acompanhar\u00a0<strong>vag\u00f5es com blocos de formas geom\u00e9tricas<\/strong>\u00a0 ou <strong>animais de zool\u00f3gico que giram,<\/strong>\u00a0incentivando o encaixe de pe\u00e7as e a associa\u00e7\u00e3o de cores e formas.<\/p>\n<p class=\"ds-markdown-paragraph\">\u00a0Promove o desenvolvimento da <strong>coordena\u00e7\u00e3o motora fina e grossa<\/strong>, a\u00a0<strong>compreens\u00e3o de causa e efeito<\/strong>\u00a0e a\u00a0<strong>integra\u00e7\u00e3o visoespacial<\/strong>\u00a0dos pequenos\u00a0. Perfeito para brincadeiras no ch\u00e3o da sala ou quarto infantil, ele transforma o ato de brincar em uma experi\u00eancia sensorial completa, mantendo o\u00a0<strong>design l\u00fadico e a qualidade.<\/strong><\/p>\n<div class=\"details-table-wrapper\">\n<table class=\"product-details-table\">\n<tbody>\n<tr>\n<td>Marca<\/td>\n<td>Tateti<\/td>\n<\/tr>\n<tr>\n<td>Material<\/td>\n<td>\u00a0Pl\u00e1stico<\/td>\n<\/tr>\n<tr>\n<td>Faixa Et\u00e1ria<\/td>\n<td>A partir de 9 a 12 meses<\/td>\n<\/tr>\n<\/tbody>\n<\/table>\n<\/div>\n<\/div>\n","protected":false},"excerpt":{"rendered":"<p>\u00a0Baby Trem \u00a0Ele estimula a descoberta dos movimentos atrav\u00e9s de uma locomotiva que, ao ser empurrada, ativa\u00a0engrenagens girat\u00f3rias\u00a0e uma\u00a0buzina que imite o som real de um trem\u00a0. Dependendo da vers\u00e3o, o brinquedo pode acompanhar\u00a0vag\u00f5es com blocos de formas geom\u00e9tricas\u00a0 ou<\/p>\n","protected":false},"featured_media":8912,"comment_status":"open","ping_status":"closed","template":"","meta":[],"product_brand":[231],"product_cat":[213],"product_tag":[],"class_list":{"0":"post-8911","1":"product","2":"type-product","3":"status-publish","6":"product_brand-tateti","7":"product_cat-brinquedos-jogos-e-brinquedos","9":"first","10":"instock","11":"shipping-taxable","12":"product-type-simple"},"_links":{"self":[{"href":"https:\/\/educaredigital.online\/loja\/wp-json\/wp\/v2\/product\/8911","targetHints":{"allow":["GET"]}}],"collection":[{"href":"https:\/\/educaredigital.online\/loja\/wp-json\/wp\/v2\/product"}],"about":[{"href":"https:\/\/educaredigital.online\/loja\/wp-json\/wp\/v2\/types\/product"}],"replies":[{"embeddable":true,"href":"https:\/\/educaredigital.online\/loja\/wp-json\/wp\/v2\/comments?post=8911"}],"wp:featuredmedia":[{"embeddable":true,"href":"https:\/\/educaredigital.online\/loja\/wp-json\/wp\/v2\/media\/8912"}],"wp:attachment":[{"href":"https:\/\/educaredigital.online\/loja\/wp-json\/wp\/v2\/media?parent=8911"}],"wp:term":[{"taxonomy":"product_brand","embeddable":true,"href":"https:\/\/educaredigital.online\/loja\/wp-json\/wp\/v2\/product_brand?post=8911"},{"taxonomy":"product_cat","embeddable":true,"href":"https:\/\/educaredigital.online\/loja\/wp-json\/wp\/v2\/product_cat?post=8911"},{"taxonomy":"product_tag","embeddable":true,"href":"https:\/\/educaredigital.online\/loja\/wp-json\/wp\/v2\/product_tag?post=8911"}],"curies":[{"name":"wp","href":"https:\/\/api.w.org\/{rel}","templated":true}]}}