{"id":8909,"date":"2026-04-20T20:18:22","date_gmt":"2026-04-20T20:18:22","guid":{"rendered":"https:\/\/educaredigital.online\/loja\/?post_type=product&#038;p=8909"},"modified":"2026-04-24T19:51:26","modified_gmt":"2026-04-24T19:51:26","slug":"tom-tom-car","status":"publish","type":"product","link":"https:\/\/educaredigital.online\/loja\/produto\/tom-tom-car\/","title":{"rendered":"Tom Tom Car"},"content":{"rendered":"<div class=\"ds-message _63c77b1\">\n<div class=\"ds-markdown\">\n<p class=\"ds-markdown-paragraph\"><strong>Tom Tom Car<\/strong>\u00a0da\u00a0<strong>Tateti<\/strong>\u00a0Ele vem em um formato de carrinho colorido, acompanhando <strong>5 pe\u00e7as did\u00e1ticas<\/strong>\u00a0(formas geom\u00e9tricas) para encaixar, estimulando o desenvolvimento da\u00a0<strong>coordena\u00e7\u00e3o motora fina<\/strong>, o\u00a0<strong>racioc\u00ednio l\u00f3gico<\/strong>\u00a0e a\u00a0<strong>imagina\u00e7\u00e3o<\/strong>\u00a0dos pequenos\u00a0.<\/p>\n<p class=\"ds-markdown-paragraph\">\u00a0O carrinho conta com um <strong>porta-malas que abre<\/strong>, permitindo guardar as pe\u00e7as ou outros objetos pequenos, o que prolonga a divers\u00e3o e ensina sobre organiza\u00e7\u00e3o. Perfeito para brincadeiras no ch\u00e3o, ele promove a\u00a0<strong>coordena\u00e7\u00e3o entre olhos e m\u00e3os<\/strong>, a\u00a0<strong>aten\u00e7\u00e3o e concentra\u00e7\u00e3o<\/strong>, al\u00e9m da\u00a0<strong>curiosidade e descoberta<\/strong>, mantendo a qualidade e o design l\u00fadico.<\/p>\n<div class=\"details-table-wrapper\">\n<table class=\"product-details-table\">\n<tbody>\n<tr>\n<td>Marca<\/td>\n<td>Tateti<\/td>\n<\/tr>\n<tr>\n<td>Material<\/td>\n<td>\u00a0Pl\u00e1stico<\/td>\n<\/tr>\n<tr>\n<td>Faixa Et\u00e1ria<\/td>\n<td>A partir de 1 Ano<\/td>\n<\/tr>\n<\/tbody>\n<\/table>\n<\/div>\n<\/div>\n<\/div>\n","protected":false},"excerpt":{"rendered":"<p>Tom Tom Car\u00a0da\u00a0Tateti\u00a0Ele vem em um formato de carrinho colorido, acompanhando 5 pe\u00e7as did\u00e1ticas\u00a0(formas geom\u00e9tricas) para encaixar, estimulando o desenvolvimento da\u00a0coordena\u00e7\u00e3o motora fina, o\u00a0racioc\u00ednio l\u00f3gico\u00a0e a\u00a0imagina\u00e7\u00e3o\u00a0dos pequenos\u00a0. \u00a0O carrinho conta com um porta-malas que abre, permitindo guardar as pe\u00e7as ou<\/p>\n","protected":false},"featured_media":8910,"comment_status":"open","ping_status":"closed","template":"","meta":[],"product_brand":[231],"product_cat":[213],"product_tag":[],"class_list":{"0":"post-8909","1":"product","2":"type-product","3":"status-publish","6":"product_brand-tateti","7":"product_cat-brinquedos-jogos-e-brinquedos","9":"first","10":"instock","11":"shipping-taxable","12":"product-type-simple"},"_links":{"self":[{"href":"https:\/\/educaredigital.online\/loja\/wp-json\/wp\/v2\/product\/8909","targetHints":{"allow":["GET"]}}],"collection":[{"href":"https:\/\/educaredigital.online\/loja\/wp-json\/wp\/v2\/product"}],"about":[{"href":"https:\/\/educaredigital.online\/loja\/wp-json\/wp\/v2\/types\/product"}],"replies":[{"embeddable":true,"href":"https:\/\/educaredigital.online\/loja\/wp-json\/wp\/v2\/comments?post=8909"}],"wp:featuredmedia":[{"embeddable":true,"href":"https:\/\/educaredigital.online\/loja\/wp-json\/wp\/v2\/media\/8910"}],"wp:attachment":[{"href":"https:\/\/educaredigital.online\/loja\/wp-json\/wp\/v2\/media?parent=8909"}],"wp:term":[{"taxonomy":"product_brand","embeddable":true,"href":"https:\/\/educaredigital.online\/loja\/wp-json\/wp\/v2\/product_brand?post=8909"},{"taxonomy":"product_cat","embeddable":true,"href":"https:\/\/educaredigital.online\/loja\/wp-json\/wp\/v2\/product_cat?post=8909"},{"taxonomy":"product_tag","embeddable":true,"href":"https:\/\/educaredigital.online\/loja\/wp-json\/wp\/v2\/product_tag?post=8909"}],"curies":[{"name":"wp","href":"https:\/\/api.w.org\/{rel}","templated":true}]}}