{"id":8905,"date":"2026-04-20T20:15:58","date_gmt":"2026-04-20T20:15:58","guid":{"rendered":"https:\/\/educaredigital.online\/loja\/?post_type=product&#038;p=8905"},"modified":"2026-04-24T19:51:43","modified_gmt":"2026-04-24T19:51:43","slug":"curva-bamba","status":"publish","type":"product","link":"https:\/\/educaredigital.online\/loja\/produto\/curva-bamba\/","title":{"rendered":"Curva Bamba"},"content":{"rendered":"<p class=\"ds-markdown-paragraph\"><strong>Curva Bamba<\/strong>\u00a0da\u00a0<strong>Tateti<\/strong> parece ser um brinquedo de movimento inspirado em pistas ou blocos de montar, geralmente desenvolvido para crian\u00e7as. Ele pode ser caracterizado por pe\u00e7as curvas que permitem criar trajet\u00f3rias inst\u00e1veis ou &#8220;bambas&#8221;, desafiando o equil\u00edbrio de bolinhas, carrinhos ou outros objetos que percorrem o caminho montado.<\/p>\n<p class=\"ds-markdown-paragraph\">O brinquedo provavelmente estimula o <strong>racioc\u00ednio l\u00f3gico<\/strong>, a\u00a0<strong>coordena\u00e7\u00e3o motora fina<\/strong>\u00a0e a\u00a0<strong>percep\u00e7\u00e3o espacial<\/strong>, mantendo o padr\u00e3o de qualidade e o design l\u00fadico.<\/p>\n<div class=\"details-table-wrapper\">\n<table class=\"product-details-table\">\n<tbody>\n<tr>\n<td>Marca<\/td>\n<td>Tateti<\/td>\n<\/tr>\n<tr>\n<td>Material<\/td>\n<td>\u00a0Pl\u00e1stico<\/td>\n<\/tr>\n<tr>\n<td>Faixa Et\u00e1ria<\/td>\n<td>A partir de 1 Ano<\/td>\n<\/tr>\n<\/tbody>\n<\/table>\n<\/div>\n","protected":false},"excerpt":{"rendered":"<p>Curva Bamba\u00a0da\u00a0Tateti parece ser um brinquedo de movimento inspirado em pistas ou blocos de montar, geralmente desenvolvido para crian\u00e7as. Ele pode ser caracterizado por pe\u00e7as curvas que permitem criar trajet\u00f3rias inst\u00e1veis ou &#8220;bambas&#8221;, desafiando o equil\u00edbrio de bolinhas, carrinhos ou<\/p>\n","protected":false},"featured_media":8908,"comment_status":"open","ping_status":"closed","template":"","meta":[],"product_brand":[231],"product_cat":[213],"product_tag":[],"class_list":{"0":"post-8905","1":"product","2":"type-product","3":"status-publish","6":"product_brand-tateti","7":"product_cat-brinquedos-jogos-e-brinquedos","9":"first","10":"instock","11":"shipping-taxable","12":"product-type-simple"},"_links":{"self":[{"href":"https:\/\/educaredigital.online\/loja\/wp-json\/wp\/v2\/product\/8905","targetHints":{"allow":["GET"]}}],"collection":[{"href":"https:\/\/educaredigital.online\/loja\/wp-json\/wp\/v2\/product"}],"about":[{"href":"https:\/\/educaredigital.online\/loja\/wp-json\/wp\/v2\/types\/product"}],"replies":[{"embeddable":true,"href":"https:\/\/educaredigital.online\/loja\/wp-json\/wp\/v2\/comments?post=8905"}],"wp:featuredmedia":[{"embeddable":true,"href":"https:\/\/educaredigital.online\/loja\/wp-json\/wp\/v2\/media\/8908"}],"wp:attachment":[{"href":"https:\/\/educaredigital.online\/loja\/wp-json\/wp\/v2\/media?parent=8905"}],"wp:term":[{"taxonomy":"product_brand","embeddable":true,"href":"https:\/\/educaredigital.online\/loja\/wp-json\/wp\/v2\/product_brand?post=8905"},{"taxonomy":"product_cat","embeddable":true,"href":"https:\/\/educaredigital.online\/loja\/wp-json\/wp\/v2\/product_cat?post=8905"},{"taxonomy":"product_tag","embeddable":true,"href":"https:\/\/educaredigital.online\/loja\/wp-json\/wp\/v2\/product_tag?post=8905"}],"curies":[{"name":"wp","href":"https:\/\/api.w.org\/{rel}","templated":true}]}}