{"id":8903,"date":"2026-04-20T20:14:03","date_gmt":"2026-04-20T20:14:03","guid":{"rendered":"https:\/\/educaredigital.online\/loja\/?post_type=product&#038;p=8903"},"modified":"2026-04-24T19:51:51","modified_gmt":"2026-04-24T19:51:51","slug":"play-house","status":"publish","type":"product","link":"https:\/\/educaredigital.online\/loja\/produto\/play-house\/","title":{"rendered":"Play House"},"content":{"rendered":"<p class=\"ds-markdown-paragraph\"><strong>Play House<\/strong> \u00e9 um brinquedo educativo multifuncional em formato de casinha colorida . O modelo possui um telhado que serve como base para encaixar <strong>6 pe\u00e7as did\u00e1ticas<\/strong>\u00a0de diferentes formas e cores (c\u00edrculo, quadrado, estrela, etc.), desafiando o reconhecimento de formas e estimulando o racioc\u00ednio l\u00f3gico\u00a0. A brincadeira tamb\u00e9m inclui\u00a0<strong>2 chaves de pl\u00e1stico<\/strong>\u00a0que abrem e fecham a porta da casinha, incentivando a compreens\u00e3o de causa e efeito e a resolu\u00e7\u00e3o de problemas de forma l\u00fadica\u00a0.<\/p>\n<p class=\"ds-markdown-paragraph\">O brinquedo \u00e9 seguro e dur\u00e1vel, com pe\u00e7as grandes que evitam riscos de engasgos . A Play House contribui para o desenvolvimento da <strong>coordena\u00e7\u00e3o motora fina<\/strong>,\u00a0<strong>aten\u00e7\u00e3o e concentra\u00e7\u00e3o<\/strong>,\u00a0<strong>percep\u00e7\u00e3o visual<\/strong>\u00a0e\u00a0<strong>destreza manual<\/strong> .<\/p>\n<div class=\"details-table-wrapper\">\n<table class=\"product-details-table\">\n<tbody>\n<tr>\n<td>Marca<\/td>\n<td>Tateti<\/td>\n<\/tr>\n<tr>\n<td>Material<\/td>\n<td>\u00a0Pl\u00e1stico<\/td>\n<\/tr>\n<tr>\n<td>Faixa Et\u00e1ria<\/td>\n<td>A partir de 18 meses<\/td>\n<\/tr>\n<\/tbody>\n<\/table>\n<\/div>\n","protected":false},"excerpt":{"rendered":"<p>Play House \u00e9 um brinquedo educativo multifuncional em formato de casinha colorida . O modelo possui um telhado que serve como base para encaixar 6 pe\u00e7as did\u00e1ticas\u00a0de diferentes formas e cores (c\u00edrculo, quadrado, estrela, etc.), desafiando o reconhecimento de formas<\/p>\n","protected":false},"featured_media":8904,"comment_status":"open","ping_status":"closed","template":"","meta":[],"product_brand":[231],"product_cat":[213],"product_tag":[],"class_list":{"0":"post-8903","1":"product","2":"type-product","3":"status-publish","6":"product_brand-tateti","7":"product_cat-brinquedos-jogos-e-brinquedos","9":"first","10":"instock","11":"shipping-taxable","12":"product-type-simple"},"_links":{"self":[{"href":"https:\/\/educaredigital.online\/loja\/wp-json\/wp\/v2\/product\/8903","targetHints":{"allow":["GET"]}}],"collection":[{"href":"https:\/\/educaredigital.online\/loja\/wp-json\/wp\/v2\/product"}],"about":[{"href":"https:\/\/educaredigital.online\/loja\/wp-json\/wp\/v2\/types\/product"}],"replies":[{"embeddable":true,"href":"https:\/\/educaredigital.online\/loja\/wp-json\/wp\/v2\/comments?post=8903"}],"wp:featuredmedia":[{"embeddable":true,"href":"https:\/\/educaredigital.online\/loja\/wp-json\/wp\/v2\/media\/8904"}],"wp:attachment":[{"href":"https:\/\/educaredigital.online\/loja\/wp-json\/wp\/v2\/media?parent=8903"}],"wp:term":[{"taxonomy":"product_brand","embeddable":true,"href":"https:\/\/educaredigital.online\/loja\/wp-json\/wp\/v2\/product_brand?post=8903"},{"taxonomy":"product_cat","embeddable":true,"href":"https:\/\/educaredigital.online\/loja\/wp-json\/wp\/v2\/product_cat?post=8903"},{"taxonomy":"product_tag","embeddable":true,"href":"https:\/\/educaredigital.online\/loja\/wp-json\/wp\/v2\/product_tag?post=8903"}],"curies":[{"name":"wp","href":"https:\/\/api.w.org\/{rel}","templated":true}]}}