{"id":8901,"date":"2026-04-20T20:12:33","date_gmt":"2026-04-20T20:12:33","guid":{"rendered":"https:\/\/educaredigital.online\/loja\/?post_type=product&#038;p=8901"},"modified":"2026-04-24T19:52:17","modified_gmt":"2026-04-24T19:52:17","slug":"push-pet-dog","status":"publish","type":"product","link":"https:\/\/educaredigital.online\/loja\/produto\/push-pet-dog\/","title":{"rendered":"Push Pet Dog"},"content":{"rendered":"<p class=\"ds-markdown-paragraph\"><strong>Push Pet Dog<\/strong> \u00a0\u00e9 um brinquedo interativo em formato de cachorrinho que encanta os pequenos com desafios l\u00fadicos. Ele possui um\u00a0<strong>potinho especial com el\u00e1sticos entrela\u00e7ados<\/strong>\u00a0na barriga, perfeito para que as m\u00e3ozinhas curiosas empurrem as pecinhas para dentro. Na parte de tr\u00e1s do brinquedo, h\u00e1 espa\u00e7os para encaixar as\u00a0<strong>5 pe\u00e7as did\u00e1ticas<\/strong>\u00a0(formas geom\u00e9tricas) &#8211; ao encaix\u00e1-las no lugar certo, elas caem direto no potinho, ensinando sobre formas e propor\u00e7\u00f5es de forma divertida\u00a0.<\/p>\n<p class=\"ds-markdown-paragraph\">\u00a0Push Pet Dog desenvolve habilidades como <strong>aten\u00e7\u00e3o e concentra\u00e7\u00e3o<\/strong>,\u00a0<strong>compreens\u00e3o de causa e efeito<\/strong>,\u00a0<strong>coordena\u00e7\u00e3o motora fina<\/strong>,\u00a0<strong>coordena\u00e7\u00e3o entre olhos e m\u00e3os<\/strong>, al\u00e9m de estimular a\u00a0<strong>curiosidade e a resolu\u00e7\u00e3o de problemas<\/strong> nos pequenos.<\/p>\n<div class=\"details-table-wrapper\">\n<table class=\"product-details-table\">\n<tbody>\n<tr>\n<td>Marca<\/td>\n<td>Tateti<\/td>\n<\/tr>\n<tr>\n<td>Material<\/td>\n<td>\u00a0Pl\u00e1stico<\/td>\n<\/tr>\n<tr>\n<td>Faixa Et\u00e1ria<\/td>\n<td>A partir de 1 Ano<\/td>\n<\/tr>\n<\/tbody>\n<\/table>\n<\/div>\n","protected":false},"excerpt":{"rendered":"<p>Push Pet Dog \u00a0\u00e9 um brinquedo interativo em formato de cachorrinho que encanta os pequenos com desafios l\u00fadicos. Ele possui um\u00a0potinho especial com el\u00e1sticos entrela\u00e7ados\u00a0na barriga, perfeito para que as m\u00e3ozinhas curiosas empurrem as pecinhas para dentro. Na parte de<\/p>\n","protected":false},"featured_media":8902,"comment_status":"open","ping_status":"closed","template":"","meta":[],"product_brand":[231],"product_cat":[213],"product_tag":[],"class_list":{"0":"post-8901","1":"product","2":"type-product","3":"status-publish","6":"product_brand-tateti","7":"product_cat-brinquedos-jogos-e-brinquedos","9":"first","10":"instock","11":"shipping-taxable","12":"product-type-simple"},"_links":{"self":[{"href":"https:\/\/educaredigital.online\/loja\/wp-json\/wp\/v2\/product\/8901","targetHints":{"allow":["GET"]}}],"collection":[{"href":"https:\/\/educaredigital.online\/loja\/wp-json\/wp\/v2\/product"}],"about":[{"href":"https:\/\/educaredigital.online\/loja\/wp-json\/wp\/v2\/types\/product"}],"replies":[{"embeddable":true,"href":"https:\/\/educaredigital.online\/loja\/wp-json\/wp\/v2\/comments?post=8901"}],"wp:featuredmedia":[{"embeddable":true,"href":"https:\/\/educaredigital.online\/loja\/wp-json\/wp\/v2\/media\/8902"}],"wp:attachment":[{"href":"https:\/\/educaredigital.online\/loja\/wp-json\/wp\/v2\/media?parent=8901"}],"wp:term":[{"taxonomy":"product_brand","embeddable":true,"href":"https:\/\/educaredigital.online\/loja\/wp-json\/wp\/v2\/product_brand?post=8901"},{"taxonomy":"product_cat","embeddable":true,"href":"https:\/\/educaredigital.online\/loja\/wp-json\/wp\/v2\/product_cat?post=8901"},{"taxonomy":"product_tag","embeddable":true,"href":"https:\/\/educaredigital.online\/loja\/wp-json\/wp\/v2\/product_tag?post=8901"}],"curies":[{"name":"wp","href":"https:\/\/api.w.org\/{rel}","templated":true}]}}