{"id":8899,"date":"2026-04-20T20:10:49","date_gmt":"2026-04-20T20:10:49","guid":{"rendered":"https:\/\/educaredigital.online\/loja\/?post_type=product&#038;p=8899"},"modified":"2026-04-24T19:52:27","modified_gmt":"2026-04-24T19:52:27","slug":"imaginativa-meu-consultorio","status":"publish","type":"product","link":"https:\/\/educaredigital.online\/loja\/produto\/imaginativa-meu-consultorio\/","title":{"rendered":"Imaginativa Meu Consult\u00f3rio"},"content":{"rendered":"<p class=\"ds-markdown-paragraph\"><strong>Imaginativa Meu Consult\u00f3rio<\/strong> \u00a0\u00e9 um kit m\u00e9dico infantil completo que transforma a brincadeira de faz de conta em uma experi\u00eancia rica e educativa. Acompanhado por uma pr\u00e1tica maleta organizadora, o conjunto cont\u00e9m\u00a0<strong>14 acess\u00f3rios<\/strong>\u00a0realistas que imitam os instrumentos usados por profissionais de sa\u00fade, incluindo estetosc\u00f3pio, term\u00f4metro, medidor de press\u00e3o, nebulizador com m\u00e1scara, otosc\u00f3pio, seringa, martelo de reflexos, pin\u00e7as, tesoura, abaixador de l\u00edngua, cuba, cartela de curativos adesivos e at\u00e9 um mini prontu\u00e1rio com prancheta\u00a0.<\/p>\n<p class=\"ds-markdown-paragraph\">Dispon\u00edvel nas cores azul e rosa, o kit estimula habilidades como <strong>imagina\u00e7\u00e3o e criatividade<\/strong>,\u00a0<strong>aprendizado pela imita\u00e7\u00e3o<\/strong>,\u00a0<strong>coordena\u00e7\u00e3o entre olhos e m\u00e3os<\/strong>,\u00a0<strong>compreens\u00e3o de causa e efeito<\/strong>\u00a0e\u00a0<strong>adapta\u00e7\u00e3o social<\/strong>\u00a0. Perfeito para consultas imagin\u00e1rias, ele ajuda os pequenos a perderem o medo de m\u00e9dicos enquanto se divertem cuidando dos pacientes.<\/p>\n<div class=\"details-table-wrapper\">\n<table class=\"product-details-table\">\n<tbody>\n<tr>\n<td>Marca<\/td>\n<td>Tateti<\/td>\n<\/tr>\n<tr>\n<td>Material<\/td>\n<td>\u00a0Pl\u00e1stico<\/td>\n<\/tr>\n<tr>\n<td>Faixa Et\u00e1ria<\/td>\n<td>A partir de 3 Anos<\/td>\n<\/tr>\n<\/tbody>\n<\/table>\n<\/div>\n","protected":false},"excerpt":{"rendered":"<p>Imaginativa Meu Consult\u00f3rio \u00a0\u00e9 um kit m\u00e9dico infantil completo que transforma a brincadeira de faz de conta em uma experi\u00eancia rica e educativa. Acompanhado por uma pr\u00e1tica maleta organizadora, o conjunto cont\u00e9m\u00a014 acess\u00f3rios\u00a0realistas que imitam os instrumentos usados por profissionais<\/p>\n","protected":false},"featured_media":8900,"comment_status":"open","ping_status":"closed","template":"","meta":[],"product_brand":[231],"product_cat":[213],"product_tag":[],"class_list":{"0":"post-8899","1":"product","2":"type-product","3":"status-publish","6":"product_brand-tateti","7":"product_cat-brinquedos-jogos-e-brinquedos","9":"first","10":"instock","11":"shipping-taxable","12":"product-type-simple"},"_links":{"self":[{"href":"https:\/\/educaredigital.online\/loja\/wp-json\/wp\/v2\/product\/8899","targetHints":{"allow":["GET"]}}],"collection":[{"href":"https:\/\/educaredigital.online\/loja\/wp-json\/wp\/v2\/product"}],"about":[{"href":"https:\/\/educaredigital.online\/loja\/wp-json\/wp\/v2\/types\/product"}],"replies":[{"embeddable":true,"href":"https:\/\/educaredigital.online\/loja\/wp-json\/wp\/v2\/comments?post=8899"}],"wp:featuredmedia":[{"embeddable":true,"href":"https:\/\/educaredigital.online\/loja\/wp-json\/wp\/v2\/media\/8900"}],"wp:attachment":[{"href":"https:\/\/educaredigital.online\/loja\/wp-json\/wp\/v2\/media?parent=8899"}],"wp:term":[{"taxonomy":"product_brand","embeddable":true,"href":"https:\/\/educaredigital.online\/loja\/wp-json\/wp\/v2\/product_brand?post=8899"},{"taxonomy":"product_cat","embeddable":true,"href":"https:\/\/educaredigital.online\/loja\/wp-json\/wp\/v2\/product_cat?post=8899"},{"taxonomy":"product_tag","embeddable":true,"href":"https:\/\/educaredigital.online\/loja\/wp-json\/wp\/v2\/product_tag?post=8899"}],"curies":[{"name":"wp","href":"https:\/\/api.w.org\/{rel}","templated":true}]}}