{"id":8895,"date":"2026-04-20T20:06:27","date_gmt":"2026-04-20T20:06:27","guid":{"rendered":"https:\/\/educaredigital.online\/loja\/?post_type=product&#038;p=8895"},"modified":"2026-04-24T19:52:47","modified_gmt":"2026-04-24T19:52:47","slug":"imaginativa-bebaby","status":"publish","type":"product","link":"https:\/\/educaredigital.online\/loja\/produto\/imaginativa-bebaby\/","title":{"rendered":"Imaginativa Bebaby"},"content":{"rendered":"<p class=\"ds-markdown-paragraph\">\u00a0<strong>Imaginativa Bebaby<\/strong> \u00e9 um carrinho de boneca desenvolvido especialmente para crian\u00e7as \u00a0incentivando o faz de conta e o cuidado com os pequenos\u00a0. Com dimens\u00f5es de 48,5 cm de altura, 25,5 cm de largura e 47,8 cm de comprimento, o brinquedo possui estrutura em pl\u00e1stico resistente e at\u00f3xico, com cores vibrantes (como lil\u00e1s e branco) e design l\u00fadico que encantam os pequenos\u00a0. Perfeito para passeios em casa, no jardim ou onde a imagina\u00e7\u00e3o mandar, o carrinho permite que a crian\u00e7a leve sua boneca favorita para todos os lugares, desenvolvendo o senso de responsabilidade, o carinho e a criatividade\u00a0.<\/p>\n<p class=\"ds-markdown-paragraph\">Bebaby \u00e9 leve e f\u00e1cil de manusear, estimulando habilidades essenciais como <strong>coordena\u00e7\u00e3o motora<\/strong>,\u00a0<strong>equil\u00edbrio<\/strong>,\u00a0<strong>imagina\u00e7\u00e3o<\/strong>\u00a0e\u00a0<strong>aprendizado pela imita\u00e7\u00e3o<\/strong>\u00a0de situa\u00e7\u00f5es do dia a dia\u00a0. Ao empurrar o carrinho, a crian\u00e7a pratica movimentos amplos, fortalece a musculatura e exercita a autonomia, enquanto se diverte cuidando do seu &#8220;beb\u00ea&#8221; &#8211; uma experi\u00eancia rica para o desenvolvimento social e emocional na primeira inf\u00e2ncia\u00a0.<\/p>\n<div class=\"details-table-wrapper\">\n<table class=\"product-details-table\">\n<tbody>\n<tr>\n<td>Marca<\/td>\n<td>Tateti<\/td>\n<\/tr>\n<tr>\n<td>Material<\/td>\n<td>\u00a0Pl\u00e1stico<\/td>\n<\/tr>\n<tr>\n<td>Faixa Et\u00e1ria<\/td>\n<td>A partir de 3 Anos<\/td>\n<\/tr>\n<\/tbody>\n<\/table>\n<\/div>\n","protected":false},"excerpt":{"rendered":"<p>\u00a0Imaginativa Bebaby \u00e9 um carrinho de boneca desenvolvido especialmente para crian\u00e7as \u00a0incentivando o faz de conta e o cuidado com os pequenos\u00a0. Com dimens\u00f5es de 48,5 cm de altura, 25,5 cm de largura e 47,8 cm de comprimento, o brinquedo<\/p>\n","protected":false},"featured_media":8896,"comment_status":"open","ping_status":"closed","template":"","meta":[],"product_brand":[231],"product_cat":[213],"product_tag":[],"class_list":{"0":"post-8895","1":"product","2":"type-product","3":"status-publish","6":"product_brand-tateti","7":"product_cat-brinquedos-jogos-e-brinquedos","9":"first","10":"instock","11":"shipping-taxable","12":"product-type-simple"},"_links":{"self":[{"href":"https:\/\/educaredigital.online\/loja\/wp-json\/wp\/v2\/product\/8895","targetHints":{"allow":["GET"]}}],"collection":[{"href":"https:\/\/educaredigital.online\/loja\/wp-json\/wp\/v2\/product"}],"about":[{"href":"https:\/\/educaredigital.online\/loja\/wp-json\/wp\/v2\/types\/product"}],"replies":[{"embeddable":true,"href":"https:\/\/educaredigital.online\/loja\/wp-json\/wp\/v2\/comments?post=8895"}],"wp:featuredmedia":[{"embeddable":true,"href":"https:\/\/educaredigital.online\/loja\/wp-json\/wp\/v2\/media\/8896"}],"wp:attachment":[{"href":"https:\/\/educaredigital.online\/loja\/wp-json\/wp\/v2\/media?parent=8895"}],"wp:term":[{"taxonomy":"product_brand","embeddable":true,"href":"https:\/\/educaredigital.online\/loja\/wp-json\/wp\/v2\/product_brand?post=8895"},{"taxonomy":"product_cat","embeddable":true,"href":"https:\/\/educaredigital.online\/loja\/wp-json\/wp\/v2\/product_cat?post=8895"},{"taxonomy":"product_tag","embeddable":true,"href":"https:\/\/educaredigital.online\/loja\/wp-json\/wp\/v2\/product_tag?post=8895"}],"curies":[{"name":"wp","href":"https:\/\/api.w.org\/{rel}","templated":true}]}}