{"id":8891,"date":"2026-04-20T20:02:32","date_gmt":"2026-04-20T20:02:32","guid":{"rendered":"https:\/\/educaredigital.online\/loja\/?post_type=product&#038;p=8891"},"modified":"2026-04-24T19:53:04","modified_gmt":"2026-04-24T19:53:04","slug":"tucano-musical","status":"publish","type":"product","link":"https:\/\/educaredigital.online\/loja\/produto\/tucano-musical\/","title":{"rendered":"Tucano Musical"},"content":{"rendered":"<div class=\"ds-message _63c77b1\">\n<div class=\"ds-markdown\">\n<p class=\"ds-markdown-paragraph\"><strong>Tucano Musical<\/strong> \u00e9 um painel interativo em formato de piano\/tucano que encanta beb\u00eas . O brinquedo conta com <strong>5 melodias diferentes<\/strong>\u00a0e teclas coloridas que\u00a0<strong>acendem luzes<\/strong>\u00a0ao serem tocadas, criando um est\u00edmulo visual e auditivo completo\u00a0. Al\u00e9m do teclado, possui elementos de a\u00e7\u00e3o surpresa, como\u00a0<strong>pe\u00e7as que giram, deslizam e podem ser apertadas<\/strong>, mantendo as m\u00e3ozinhas curiosas sempre ocupadas\u00a0.<\/p>\n<p class=\"ds-markdown-paragraph\">\u00a0Tucano Musical desenvolve habilidades essenciais como <strong>aten\u00e7\u00e3o e concentra\u00e7\u00e3o<\/strong>,\u00a0<strong>compreens\u00e3o de causa e efeito<\/strong>,\u00a0<strong>coordena\u00e7\u00e3o entre olhos e m\u00e3os<\/strong>, al\u00e9m de\u00a0<strong>habilidades sensoriais<\/strong> . Funciona com 3 pilhas LR44 (inclu\u00eddas) e possui design compacto que pode ser exposto tanto em prateleira quanto pendurado pela gancheira, perfeito para brincadeiras no ber\u00e7o, carrinho ou tapete infantil.<\/p>\n<div class=\"details-table-wrapper\">\n<table class=\"product-details-table\">\n<tbody>\n<tr>\n<td>Marca<\/td>\n<td>Tateti<\/td>\n<\/tr>\n<tr>\n<td>Material<\/td>\n<td>\u00a0Pl\u00e1stico<\/td>\n<\/tr>\n<tr>\n<td>Faixa Et\u00e1ria<\/td>\n<td>A partir de 6 meses<\/td>\n<\/tr>\n<\/tbody>\n<\/table>\n<\/div>\n<\/div>\n<\/div>\n","protected":false},"excerpt":{"rendered":"<p>Tucano Musical \u00e9 um painel interativo em formato de piano\/tucano que encanta beb\u00eas . O brinquedo conta com 5 melodias diferentes\u00a0e teclas coloridas que\u00a0acendem luzes\u00a0ao serem tocadas, criando um est\u00edmulo visual e auditivo completo\u00a0. Al\u00e9m do teclado, possui elementos de<\/p>\n","protected":false},"featured_media":8892,"comment_status":"open","ping_status":"closed","template":"","meta":[],"product_brand":[231],"product_cat":[213],"product_tag":[],"class_list":{"0":"post-8891","1":"product","2":"type-product","3":"status-publish","6":"product_brand-tateti","7":"product_cat-brinquedos-jogos-e-brinquedos","9":"first","10":"instock","11":"shipping-taxable","12":"product-type-simple"},"_links":{"self":[{"href":"https:\/\/educaredigital.online\/loja\/wp-json\/wp\/v2\/product\/8891","targetHints":{"allow":["GET"]}}],"collection":[{"href":"https:\/\/educaredigital.online\/loja\/wp-json\/wp\/v2\/product"}],"about":[{"href":"https:\/\/educaredigital.online\/loja\/wp-json\/wp\/v2\/types\/product"}],"replies":[{"embeddable":true,"href":"https:\/\/educaredigital.online\/loja\/wp-json\/wp\/v2\/comments?post=8891"}],"wp:featuredmedia":[{"embeddable":true,"href":"https:\/\/educaredigital.online\/loja\/wp-json\/wp\/v2\/media\/8892"}],"wp:attachment":[{"href":"https:\/\/educaredigital.online\/loja\/wp-json\/wp\/v2\/media?parent=8891"}],"wp:term":[{"taxonomy":"product_brand","embeddable":true,"href":"https:\/\/educaredigital.online\/loja\/wp-json\/wp\/v2\/product_brand?post=8891"},{"taxonomy":"product_cat","embeddable":true,"href":"https:\/\/educaredigital.online\/loja\/wp-json\/wp\/v2\/product_cat?post=8891"},{"taxonomy":"product_tag","embeddable":true,"href":"https:\/\/educaredigital.online\/loja\/wp-json\/wp\/v2\/product_tag?post=8891"}],"curies":[{"name":"wp","href":"https:\/\/api.w.org\/{rel}","templated":true}]}}