{"id":8886,"date":"2026-04-20T20:00:41","date_gmt":"2026-04-20T20:00:41","guid":{"rendered":"https:\/\/educaredigital.online\/loja\/?post_type=product&#038;p=8886"},"modified":"2026-04-24T19:53:13","modified_gmt":"2026-04-24T19:53:13","slug":"rodadinhos-locomotiva-caixa-micro-aberta","status":"publish","type":"product","link":"https:\/\/educaredigital.online\/loja\/produto\/rodadinhos-locomotiva-caixa-micro-aberta\/","title":{"rendered":"Rodadinhos &#8211; Locomotiva &#8211; CAIXA MICRO ABERTA"},"content":{"rendered":"<div class=\"ds-message _63c77b1\">\n<div class=\"ds-markdown\">\n<p class=\"ds-markdown-paragraph\"><strong>Rodadinhos &#8211; Locomotiva<\/strong>\u00a0da\u00a0<strong>Tateti<\/strong> \u00e9 um brinquedo da linha &#8220;Monta Rodadinhos&#8221; que funciona como um verdadeiro <strong>quebra-cabe\u00e7a sobre rodas<\/strong>\u00a0. Ele permite que as crian\u00e7as montem e desmontem diferentes ve\u00edculos, sendo um deles a\u00a0<strong>locomotiva<\/strong>\u00a0(trem), al\u00e9m de outras op\u00e7\u00f5es como caminh\u00e3o, trator, moto ou carro\u00a0. O conjunto cont\u00e9m uma\u00a0<strong>base com rodinhas<\/strong>\u00a0e\u00a0<strong>5 pe\u00e7as<\/strong>\u00a0que se enca\u00e7am de diferentes formas, incentivando a crian\u00e7a a explorar formas e encaixes para descobrir como montar o ve\u00edculo desejado a cada nova brincadeira\u00a0.<\/p>\n<p class=\"ds-markdown-paragraph\">\u00a0Ele estimula o desenvolvimento da <strong>coordena\u00e7\u00e3o motora<\/strong>, a\u00a0<strong>criatividade<\/strong>, o\u00a0<strong>racioc\u00ednio l\u00f3gico<\/strong>\u00a0e a\u00a0<strong>percep\u00e7\u00e3o de formas<\/strong>, mantendo o padr\u00e3o de qualidade e o design l\u00fadico. As cores do brinquedo s\u00e3o sortidas e podem variar conforme o lote de fabrica\u00e7\u00e3o.<\/p>\n<div class=\"details-table-wrapper\">\n<table class=\"product-details-table\">\n<tbody>\n<tr>\n<td>Marca<\/td>\n<td>Tateti<\/td>\n<\/tr>\n<tr>\n<td>Material<\/td>\n<td>\u00a0Pl\u00e1stico<\/td>\n<\/tr>\n<tr>\n<td>Faixa Et\u00e1ria<\/td>\n<td>A partir de 1 Ano<\/td>\n<\/tr>\n<\/tbody>\n<\/table>\n<\/div>\n<\/div>\n<\/div>\n","protected":false},"excerpt":{"rendered":"<p>Rodadinhos &#8211; Locomotiva\u00a0da\u00a0Tateti \u00e9 um brinquedo da linha &#8220;Monta Rodadinhos&#8221; que funciona como um verdadeiro quebra-cabe\u00e7a sobre rodas\u00a0. Ele permite que as crian\u00e7as montem e desmontem diferentes ve\u00edculos, sendo um deles a\u00a0locomotiva\u00a0(trem), al\u00e9m de outras op\u00e7\u00f5es como caminh\u00e3o, trator, moto<\/p>\n","protected":false},"featured_media":8888,"comment_status":"open","ping_status":"closed","template":"","meta":[],"product_brand":[231],"product_cat":[213],"product_tag":[],"class_list":{"0":"post-8886","1":"product","2":"type-product","3":"status-publish","6":"product_brand-tateti","7":"product_cat-brinquedos-jogos-e-brinquedos","9":"first","10":"instock","11":"shipping-taxable","12":"product-type-simple"},"_links":{"self":[{"href":"https:\/\/educaredigital.online\/loja\/wp-json\/wp\/v2\/product\/8886","targetHints":{"allow":["GET"]}}],"collection":[{"href":"https:\/\/educaredigital.online\/loja\/wp-json\/wp\/v2\/product"}],"about":[{"href":"https:\/\/educaredigital.online\/loja\/wp-json\/wp\/v2\/types\/product"}],"replies":[{"embeddable":true,"href":"https:\/\/educaredigital.online\/loja\/wp-json\/wp\/v2\/comments?post=8886"}],"wp:featuredmedia":[{"embeddable":true,"href":"https:\/\/educaredigital.online\/loja\/wp-json\/wp\/v2\/media\/8888"}],"wp:attachment":[{"href":"https:\/\/educaredigital.online\/loja\/wp-json\/wp\/v2\/media?parent=8886"}],"wp:term":[{"taxonomy":"product_brand","embeddable":true,"href":"https:\/\/educaredigital.online\/loja\/wp-json\/wp\/v2\/product_brand?post=8886"},{"taxonomy":"product_cat","embeddable":true,"href":"https:\/\/educaredigital.online\/loja\/wp-json\/wp\/v2\/product_cat?post=8886"},{"taxonomy":"product_tag","embeddable":true,"href":"https:\/\/educaredigital.online\/loja\/wp-json\/wp\/v2\/product_tag?post=8886"}],"curies":[{"name":"wp","href":"https:\/\/api.w.org\/{rel}","templated":true}]}}