{"id":8871,"date":"2026-04-20T19:54:20","date_gmt":"2026-04-20T19:54:20","guid":{"rendered":"https:\/\/educaredigital.online\/loja\/?post_type=product&#038;p=8871"},"modified":"2026-04-24T19:54:10","modified_gmt":"2026-04-24T19:54:10","slug":"activity-house","status":"publish","type":"product","link":"https:\/\/educaredigital.online\/loja\/produto\/activity-house\/","title":{"rendered":"Activity House"},"content":{"rendered":"<p class=\"ds-markdown-paragraph\">\u00a0<strong>Activity House<\/strong>\u00a0\u00e9 um centro de atividades em formato de casinha, projetado para estimular o desenvolvimento de beb\u00eas a partir de 18 meses. O brinquedo combina diversas funcionalidades em um \u00fanico produto: possui formas geom\u00e9tricas coloridas que a crian\u00e7a deve encaixar nos lugares corretos, ajudando no reconhecimento de cores e formatos. Uma de suas caracter\u00edsticas mais atrativas \u00e9 o mecanismo da bolinha, que \u00e9 inserida pela chamin\u00e9 e desce por um tobog\u00e3 ao redor da casa, ensinando no\u00e7\u00f5es de causa e efeito. O conjunto inclui um martelinho para impulsionar a bolinha, uma chave para abrir a portinha e retirar as pe\u00e7as, al\u00e9m de duas bolinhas e seis formas did\u00e1ticas\u00a0.<\/p>\n<p class=\"ds-markdown-paragraph\">Este brinqueno educativo trabalha diversas habilidades essenciais na primeira inf\u00e2ncia, como coordena\u00e7\u00e3o motora fina (ao manusear o martelo e as formas), resolu\u00e7\u00e3o de problemas (descobrir onde cada pe\u00e7a se encaixa) e integra\u00e7\u00e3o visoespacial. O fato de a portinha abrir com chave tamb\u00e9m introduz a crian\u00e7a a conceitos de causa e efeito e de &#8220;esconder e achar&#8221;, tornando a brincadeira mais interativa e prolongando o interesse. Fabricado em pl\u00e1stico resistente, \u00e9 uma op\u00e7\u00e3o completa para unir divers\u00e3o e aprendizado, incentivando a curiosidade e a descoberta de forma l\u00fadica\u00a0.<\/p>\n<div class=\"details-table-wrapper\">\n<table class=\"product-details-table\">\n<tbody>\n<tr>\n<td>Marca<\/td>\n<td>Tateti<\/td>\n<\/tr>\n<tr>\n<td>Material<\/td>\n<td>\u00a0Pl\u00e1stico<\/td>\n<\/tr>\n<tr>\n<td>Faixa Et\u00e1ria<\/td>\n<td>A partir de 1 Ano<\/td>\n<\/tr>\n<\/tbody>\n<\/table>\n<\/div>\n","protected":false},"excerpt":{"rendered":"<p>\u00a0Activity House\u00a0\u00e9 um centro de atividades em formato de casinha, projetado para estimular o desenvolvimento de beb\u00eas a partir de 18 meses. O brinquedo combina diversas funcionalidades em um \u00fanico produto: possui formas geom\u00e9tricas coloridas que a crian\u00e7a deve encaixar<\/p>\n","protected":false},"featured_media":8875,"comment_status":"open","ping_status":"closed","template":"","meta":[],"product_brand":[231],"product_cat":[213],"product_tag":[],"class_list":{"0":"post-8871","1":"product","2":"type-product","3":"status-publish","6":"product_brand-tateti","7":"product_cat-brinquedos-jogos-e-brinquedos","9":"first","10":"instock","11":"shipping-taxable","12":"product-type-simple"},"_links":{"self":[{"href":"https:\/\/educaredigital.online\/loja\/wp-json\/wp\/v2\/product\/8871","targetHints":{"allow":["GET"]}}],"collection":[{"href":"https:\/\/educaredigital.online\/loja\/wp-json\/wp\/v2\/product"}],"about":[{"href":"https:\/\/educaredigital.online\/loja\/wp-json\/wp\/v2\/types\/product"}],"replies":[{"embeddable":true,"href":"https:\/\/educaredigital.online\/loja\/wp-json\/wp\/v2\/comments?post=8871"}],"wp:featuredmedia":[{"embeddable":true,"href":"https:\/\/educaredigital.online\/loja\/wp-json\/wp\/v2\/media\/8875"}],"wp:attachment":[{"href":"https:\/\/educaredigital.online\/loja\/wp-json\/wp\/v2\/media?parent=8871"}],"wp:term":[{"taxonomy":"product_brand","embeddable":true,"href":"https:\/\/educaredigital.online\/loja\/wp-json\/wp\/v2\/product_brand?post=8871"},{"taxonomy":"product_cat","embeddable":true,"href":"https:\/\/educaredigital.online\/loja\/wp-json\/wp\/v2\/product_cat?post=8871"},{"taxonomy":"product_tag","embeddable":true,"href":"https:\/\/educaredigital.online\/loja\/wp-json\/wp\/v2\/product_tag?post=8871"}],"curies":[{"name":"wp","href":"https:\/\/api.w.org\/{rel}","templated":true}]}}