{"id":8868,"date":"2026-04-20T19:49:23","date_gmt":"2026-04-20T19:49:23","guid":{"rendered":"https:\/\/educaredigital.online\/loja\/?post_type=product&#038;p=8868"},"modified":"2026-04-24T19:54:20","modified_gmt":"2026-04-24T19:54:20","slug":"car-center","status":"publish","type":"product","link":"https:\/\/educaredigital.online\/loja\/produto\/car-center\/","title":{"rendered":"Car Center"},"content":{"rendered":"<p class=\"ds-markdown-paragraph\"><strong>Car Center <\/strong>O conjunto simula um centro automotivo completo, com duas bombas de combust\u00edvel que possuem bot\u00f5es girat\u00f3rios para escolher o tipo de combust\u00edvel, incentivando o &#8220;faz de conta&#8221; . Entre seus principais atrativos est\u00e3o o elevador que leva o carrinho at\u00e9 um estacionamento superior, uma rampa para descida em alta velocidade, al\u00e9m de uma balan\u00e7a de eleva\u00e7\u00e3o e um lava-r\u00e1pido . O brinquedo acompanha um carrinho e um guincho, e todo o sistema \u00e9 composto por pe\u00e7as coloridas em pl\u00e1stico resistente .<\/p>\n<p class=\"ds-markdown-paragraph\">Este brinquedo \u00e9 excelente para o desenvolvimento infantil, trabalhando o aprendizado por imita\u00e7\u00e3o ao reproduzir situa\u00e7\u00f5es do cotidiano, a compreens\u00e3o de causa e efeito (ao acionar o elevador ou girar os bot\u00f5es) e a coordena\u00e7\u00e3o motora fina\u00a0. Al\u00e9m disso, estimula a imagina\u00e7\u00e3o, a criatividade e a resolu\u00e7\u00e3o de problemas, incentivando a intera\u00e7\u00e3o social e a curiosidade durante as brincadeiras<\/p>\n<div class=\"details-table-wrapper\">\n<table class=\"product-details-table\">\n<tbody>\n<tr>\n<td>Marca<\/td>\n<td>Tateti<\/td>\n<\/tr>\n<tr>\n<td>Material<\/td>\n<td>\u00a0Pl\u00e1stico<\/td>\n<\/tr>\n<tr>\n<td>Faixa Et\u00e1ria<\/td>\n<td>A partir de 1 Ano<\/td>\n<\/tr>\n<\/tbody>\n<\/table>\n<\/div>\n","protected":false},"excerpt":{"rendered":"<p>Car Center O conjunto simula um centro automotivo completo, com duas bombas de combust\u00edvel que possuem bot\u00f5es girat\u00f3rios para escolher o tipo de combust\u00edvel, incentivando o &#8220;faz de conta&#8221; . Entre seus principais atrativos est\u00e3o o elevador que leva o<\/p>\n","protected":false},"featured_media":8869,"comment_status":"open","ping_status":"closed","template":"","meta":[],"product_brand":[231],"product_cat":[213],"product_tag":[],"class_list":{"0":"post-8868","1":"product","2":"type-product","3":"status-publish","6":"product_brand-tateti","7":"product_cat-brinquedos-jogos-e-brinquedos","9":"first","10":"instock","11":"shipping-taxable","12":"product-type-simple"},"_links":{"self":[{"href":"https:\/\/educaredigital.online\/loja\/wp-json\/wp\/v2\/product\/8868","targetHints":{"allow":["GET"]}}],"collection":[{"href":"https:\/\/educaredigital.online\/loja\/wp-json\/wp\/v2\/product"}],"about":[{"href":"https:\/\/educaredigital.online\/loja\/wp-json\/wp\/v2\/types\/product"}],"replies":[{"embeddable":true,"href":"https:\/\/educaredigital.online\/loja\/wp-json\/wp\/v2\/comments?post=8868"}],"wp:featuredmedia":[{"embeddable":true,"href":"https:\/\/educaredigital.online\/loja\/wp-json\/wp\/v2\/media\/8869"}],"wp:attachment":[{"href":"https:\/\/educaredigital.online\/loja\/wp-json\/wp\/v2\/media?parent=8868"}],"wp:term":[{"taxonomy":"product_brand","embeddable":true,"href":"https:\/\/educaredigital.online\/loja\/wp-json\/wp\/v2\/product_brand?post=8868"},{"taxonomy":"product_cat","embeddable":true,"href":"https:\/\/educaredigital.online\/loja\/wp-json\/wp\/v2\/product_cat?post=8868"},{"taxonomy":"product_tag","embeddable":true,"href":"https:\/\/educaredigital.online\/loja\/wp-json\/wp\/v2\/product_tag?post=8868"}],"curies":[{"name":"wp","href":"https:\/\/api.w.org\/{rel}","templated":true}]}}