{"id":8861,"date":"2026-04-20T19:46:00","date_gmt":"2026-04-20T19:46:00","guid":{"rendered":"https:\/\/educaredigital.online\/loja\/?post_type=product&#038;p=8861"},"modified":"2026-04-24T19:54:30","modified_gmt":"2026-04-24T19:54:30","slug":"maquina-de-suco-e-cafe","status":"publish","type":"product","link":"https:\/\/educaredigital.online\/loja\/produto\/maquina-de-suco-e-cafe\/","title":{"rendered":"M\u00e1quina de Suco e Caf\u00e9"},"content":{"rendered":"<p class=\"ds-markdown-paragraph\"><strong>M\u00e1quina de Suco e Caf\u00e9 <\/strong>\u00a0O produto vem com uma cafeteira que pode ser abastecida com \u00e1gua de verdade para &#8220;fazer caf\u00e9 expresso&#8221;, al\u00e9m de luzes e sons realistas que tornam a brincadeira mais imersiva . O conjunto inclui uma estufa recheada com cinco docinhos ou lanches, duas x\u00edcaras e um painel que gira 360\u00b0 para simular situa\u00e7\u00f5es de compra e venda, incentivando o faz de conta .<\/p>\n<p class=\"ds-markdown-paragraph\">Este brinquedo trabalha diversas habilidades essenciais para o desenvolvimento infantil. Ao imitar situa\u00e7\u00f5es do cotidiano de uma cafeteria, a crian\u00e7a exercita o aprendizado por imita\u00e7\u00e3o, estimula a comunica\u00e7\u00e3o e a criatividade, al\u00e9m de desenvolver coordena\u00e7\u00e3o motora, racioc\u00ednio e percep\u00e7\u00e3o visual . O funcionamento com \u00e1gua, luz e som tamb\u00e9m introduz no\u00e7\u00f5es de causa e efeito, despertando a curiosidade e a aten\u00e7\u00e3o dos pequenos de forma l\u00fadica e interativa.<\/p>\n<div class=\"details-table-wrapper\">\n<table class=\"product-details-table\">\n<tbody>\n<tr>\n<td>Marca<\/td>\n<td>Tateti<\/td>\n<\/tr>\n<tr>\n<td>Material<\/td>\n<td>\u00a0Pl\u00e1stico<\/td>\n<\/tr>\n<tr>\n<td>Faixa Et\u00e1ria<\/td>\n<td>A partir de 3 Anos<\/td>\n<\/tr>\n<\/tbody>\n<\/table>\n<\/div>\n","protected":false},"excerpt":{"rendered":"<p>M\u00e1quina de Suco e Caf\u00e9 \u00a0O produto vem com uma cafeteira que pode ser abastecida com \u00e1gua de verdade para &#8220;fazer caf\u00e9 expresso&#8221;, al\u00e9m de luzes e sons realistas que tornam a brincadeira mais imersiva . O conjunto inclui uma<\/p>\n","protected":false},"featured_media":8864,"comment_status":"open","ping_status":"closed","template":"","meta":[],"product_brand":[231],"product_cat":[213],"product_tag":[],"class_list":{"0":"post-8861","1":"product","2":"type-product","3":"status-publish","6":"product_brand-tateti","7":"product_cat-brinquedos-jogos-e-brinquedos","9":"first","10":"instock","11":"shipping-taxable","12":"product-type-simple"},"_links":{"self":[{"href":"https:\/\/educaredigital.online\/loja\/wp-json\/wp\/v2\/product\/8861","targetHints":{"allow":["GET"]}}],"collection":[{"href":"https:\/\/educaredigital.online\/loja\/wp-json\/wp\/v2\/product"}],"about":[{"href":"https:\/\/educaredigital.online\/loja\/wp-json\/wp\/v2\/types\/product"}],"replies":[{"embeddable":true,"href":"https:\/\/educaredigital.online\/loja\/wp-json\/wp\/v2\/comments?post=8861"}],"wp:featuredmedia":[{"embeddable":true,"href":"https:\/\/educaredigital.online\/loja\/wp-json\/wp\/v2\/media\/8864"}],"wp:attachment":[{"href":"https:\/\/educaredigital.online\/loja\/wp-json\/wp\/v2\/media?parent=8861"}],"wp:term":[{"taxonomy":"product_brand","embeddable":true,"href":"https:\/\/educaredigital.online\/loja\/wp-json\/wp\/v2\/product_brand?post=8861"},{"taxonomy":"product_cat","embeddable":true,"href":"https:\/\/educaredigital.online\/loja\/wp-json\/wp\/v2\/product_cat?post=8861"},{"taxonomy":"product_tag","embeddable":true,"href":"https:\/\/educaredigital.online\/loja\/wp-json\/wp\/v2\/product_tag?post=8861"}],"curies":[{"name":"wp","href":"https:\/\/api.w.org\/{rel}","templated":true}]}}