{"id":8831,"date":"2026-04-20T19:09:19","date_gmt":"2026-04-20T19:09:19","guid":{"rendered":"https:\/\/educaredigital.online\/loja\/produto\/dog-mix\/"},"modified":"2026-04-24T19:54:45","modified_gmt":"2026-04-24T19:54:45","slug":"dog-mix","status":"publish","type":"product","link":"https:\/\/educaredigital.online\/loja\/produto\/dog-mix\/","title":{"rendered":"Dog Mix"},"content":{"rendered":"<p class=\"ds-markdown-paragraph\"><strong>Dog Mix da Tateti<\/strong> O produto \u00e9 composto por uma base, um cachorro de encaixe, uma tampa e quatro pe\u00e7as did\u00e1ticas que possuem um mecanismo de apertar, auxiliando no reconhecimento de cores, formas e tamanhos . A grande inova\u00e7\u00e3o do brinquedo \u00e9 a barriguinha do dog, que gira 360 graus e serve para guardar as pe\u00e7as de encaixe, adicionando um elemento surpresa e interativo \u00e0 brincadeira .<\/p>\n<p class=\"ds-markdown-paragraph\">Este brinquedo desenvolve habilidades essenciais como coordena\u00e7\u00e3o motora fina, compreens\u00e3o de causa e efeito, percep\u00e7\u00e3o visual e curiosidade . Ao girar a barriguinha e manusear as pe\u00e7as de encaixe, a crian\u00e7a exercita a mem\u00f3ria, o racioc\u00ednio e a criatividade, al\u00e9m de ser estimulada a explorar e descobrir novas formas de brincar . Com dimens\u00f5es aproximadas de 26,6 x 30,5 x 15,3 cm.<\/p>\n<div class=\"details-table-wrapper\">\n<table class=\"product-details-table\">\n<tbody>\n<tr>\n<td>Marca<\/td>\n<td>Tateti<\/td>\n<\/tr>\n<tr>\n<td>Material<\/td>\n<td>\u00a0Pl\u00e1stico<\/td>\n<\/tr>\n<tr>\n<td>Faixa Et\u00e1ria<\/td>\n<td>A partir de 1 Ano<\/td>\n<\/tr>\n<\/tbody>\n<\/table>\n<\/div>\n","protected":false},"excerpt":{"rendered":"<p>Dog Mix da Tateti O produto \u00e9 composto por uma base, um cachorro de encaixe, uma tampa e quatro pe\u00e7as did\u00e1ticas que possuem um mecanismo de apertar, auxiliando no reconhecimento de cores, formas e tamanhos . A grande inova\u00e7\u00e3o do<\/p>\n","protected":false},"featured_media":8830,"comment_status":"open","ping_status":"closed","template":"","meta":[],"product_brand":[231],"product_cat":[213],"product_tag":[],"class_list":{"0":"post-8831","1":"product","2":"type-product","3":"status-publish","6":"product_brand-tateti","7":"product_cat-brinquedos-jogos-e-brinquedos","9":"first","10":"instock","11":"shipping-taxable","12":"purchasable","13":"product-type-simple"},"_links":{"self":[{"href":"https:\/\/educaredigital.online\/loja\/wp-json\/wp\/v2\/product\/8831","targetHints":{"allow":["GET"]}}],"collection":[{"href":"https:\/\/educaredigital.online\/loja\/wp-json\/wp\/v2\/product"}],"about":[{"href":"https:\/\/educaredigital.online\/loja\/wp-json\/wp\/v2\/types\/product"}],"replies":[{"embeddable":true,"href":"https:\/\/educaredigital.online\/loja\/wp-json\/wp\/v2\/comments?post=8831"}],"wp:featuredmedia":[{"embeddable":true,"href":"https:\/\/educaredigital.online\/loja\/wp-json\/wp\/v2\/media\/8830"}],"wp:attachment":[{"href":"https:\/\/educaredigital.online\/loja\/wp-json\/wp\/v2\/media?parent=8831"}],"wp:term":[{"taxonomy":"product_brand","embeddable":true,"href":"https:\/\/educaredigital.online\/loja\/wp-json\/wp\/v2\/product_brand?post=8831"},{"taxonomy":"product_cat","embeddable":true,"href":"https:\/\/educaredigital.online\/loja\/wp-json\/wp\/v2\/product_cat?post=8831"},{"taxonomy":"product_tag","embeddable":true,"href":"https:\/\/educaredigital.online\/loja\/wp-json\/wp\/v2\/product_tag?post=8831"}],"curies":[{"name":"wp","href":"https:\/\/api.w.org\/{rel}","templated":true}]}}