{"id":8825,"date":"2026-04-20T19:09:11","date_gmt":"2026-04-20T19:09:11","guid":{"rendered":"https:\/\/educaredigital.online\/loja\/produto\/pequenas-descobertas-kit-2\/"},"modified":"2026-04-24T19:55:09","modified_gmt":"2026-04-24T19:55:09","slug":"pequenas-descobertas-kit-2","status":"publish","type":"product","link":"https:\/\/educaredigital.online\/loja\/produto\/pequenas-descobertas-kit-2\/","title":{"rendered":"Pequenas Descobertas (KIT 2)"},"content":{"rendered":"<p class=\"ds-markdown-paragraph\"><strong>Pequenas Descobertas (Kit 2)<\/strong>\u00a0\u00e9 um conjunto sensorial projetado para beb\u00eas a partir de 3 meses, focado nos primeiros est\u00edmulos de desenvolvimento\u00a0. Embora as informa\u00e7\u00f5es dispon\u00edveis destaquem um kit com tr\u00eas chocalhos de formas, cores e texturas variadas\u00a0, o &#8220;Kit 2&#8221; mencionado pode seguir a mesma filosofia de oferecer objetos leves e seguros para explorar novos sons e texturas, despertando a curiosidade natural dos pequenos\u00a0.<\/p>\n<p class=\"ds-markdown-paragraph\">Este brinquedo desenvolve a\u00a0<strong>estimula\u00e7\u00e3o sensorial<\/strong>\u00a0(auditiva, visual e t\u00e1til) e a\u00a0<strong>coordena\u00e7\u00e3o motora fina<\/strong>\u00a0ao manusear e balan\u00e7ar as pe\u00e7as\u00a0. Fabricado em pl\u00e1stico at\u00f3xico e seguro (sem BPA), com bordas arredondadas, o kit incentiva a\u00a0<strong>curiosidade<\/strong>, a\u00a0<strong>descoberta<\/strong>\u00a0e as primeiras no\u00e7\u00f5es de causa e efeito, sendo ideal para a fase em que os beb\u00eas come\u00e7am a interagir com o mundo ao seu redor\u00a0.<\/p>\n<div class=\"details-table-wrapper\">\n<table class=\"product-details-table\">\n<tbody>\n<tr>\n<td>Marca<\/td>\n<td>Tateti<\/td>\n<\/tr>\n<tr>\n<td>Material<\/td>\n<td>\u00a0Pl\u00e1stico<\/td>\n<\/tr>\n<tr>\n<td>Faixa Et\u00e1ria<\/td>\n<td>A partir de 3 Meses<\/td>\n<\/tr>\n<\/tbody>\n<\/table>\n<\/div>\n","protected":false},"excerpt":{"rendered":"<p>Pequenas Descobertas (Kit 2)\u00a0\u00e9 um conjunto sensorial projetado para beb\u00eas a partir de 3 meses, focado nos primeiros est\u00edmulos de desenvolvimento\u00a0. Embora as informa\u00e7\u00f5es dispon\u00edveis destaquem um kit com tr\u00eas chocalhos de formas, cores e texturas variadas\u00a0, o &#8220;Kit 2&#8221;<\/p>\n","protected":false},"featured_media":8824,"comment_status":"open","ping_status":"closed","template":"","meta":[],"product_brand":[231],"product_cat":[213],"product_tag":[],"class_list":{"0":"post-8825","1":"product","2":"type-product","3":"status-publish","6":"product_brand-tateti","7":"product_cat-brinquedos-jogos-e-brinquedos","9":"first","10":"instock","11":"shipping-taxable","12":"purchasable","13":"product-type-simple"},"_links":{"self":[{"href":"https:\/\/educaredigital.online\/loja\/wp-json\/wp\/v2\/product\/8825","targetHints":{"allow":["GET"]}}],"collection":[{"href":"https:\/\/educaredigital.online\/loja\/wp-json\/wp\/v2\/product"}],"about":[{"href":"https:\/\/educaredigital.online\/loja\/wp-json\/wp\/v2\/types\/product"}],"replies":[{"embeddable":true,"href":"https:\/\/educaredigital.online\/loja\/wp-json\/wp\/v2\/comments?post=8825"}],"wp:featuredmedia":[{"embeddable":true,"href":"https:\/\/educaredigital.online\/loja\/wp-json\/wp\/v2\/media\/8824"}],"wp:attachment":[{"href":"https:\/\/educaredigital.online\/loja\/wp-json\/wp\/v2\/media?parent=8825"}],"wp:term":[{"taxonomy":"product_brand","embeddable":true,"href":"https:\/\/educaredigital.online\/loja\/wp-json\/wp\/v2\/product_brand?post=8825"},{"taxonomy":"product_cat","embeddable":true,"href":"https:\/\/educaredigital.online\/loja\/wp-json\/wp\/v2\/product_cat?post=8825"},{"taxonomy":"product_tag","embeddable":true,"href":"https:\/\/educaredigital.online\/loja\/wp-json\/wp\/v2\/product_tag?post=8825"}],"curies":[{"name":"wp","href":"https:\/\/api.w.org\/{rel}","templated":true}]}}