{"id":8821,"date":"2026-04-20T19:08:38","date_gmt":"2026-04-20T19:08:38","guid":{"rendered":"https:\/\/educaredigital.online\/loja\/produto\/tool-kids\/"},"modified":"2026-04-24T19:55:23","modified_gmt":"2026-04-24T19:55:23","slug":"tool-kids","status":"publish","type":"product","link":"https:\/\/educaredigital.online\/loja\/produto\/tool-kids\/","title":{"rendered":"Tool Kids"},"content":{"rendered":"<p class=\"ds-markdown-paragraph\"><strong>Tool Kids<\/strong>\u00a0O conjunto vem em uma pr\u00e1tica maleta que se transforma em uma mini bancada de trabalho, sendo port\u00e1til e vers\u00e1til para brincar em qualquer lugar\u00a0. O kit inclui 1 chave de fenda, 1 chave de boca, 1 martelo, 4 parafusos, 2 pregos e 3 formas planas coloridas, totalizando 10 pe\u00e7as que estimulam a criatividade e a coordena\u00e7\u00e3o motora fina durante as atividades de montar, desmontar, parafusar e soltar\u00a0.<\/p>\n<p class=\"ds-markdown-paragraph\">Este brinquedo desenvolve habilidades essenciais como coordena\u00e7\u00e3o motora fina, integra\u00e7\u00e3o visoespacial e aprendizado por imita\u00e7\u00e3o, al\u00e9m de familiarizar a crian\u00e7a com cores e no\u00e7\u00f5es de causa e efeito\u00a0. O formato colorido e as pe\u00e7as pensadas para m\u00e3os pequenas incentivam a imagina\u00e7\u00e3o, a concentra\u00e7\u00e3o e a resolu\u00e7\u00e3o de problemas de forma l\u00fadica, permitindo que os pequenos explorem o universo das ferramentas com seguran\u00e7a\u00a0.<\/p>\n<div class=\"details-table-wrapper\">\n<table class=\"product-details-table\">\n<tbody>\n<tr>\n<td>Marca<\/td>\n<td>Tateti<\/td>\n<\/tr>\n<tr>\n<td>Material<\/td>\n<td>\u00a0Pl\u00e1stico<\/td>\n<\/tr>\n<tr>\n<td>Faixa Et\u00e1ria<\/td>\n<td>A partir de 1 Ano<\/td>\n<\/tr>\n<\/tbody>\n<\/table>\n<\/div>\n","protected":false},"excerpt":{"rendered":"<p>Tool Kids\u00a0O conjunto vem em uma pr\u00e1tica maleta que se transforma em uma mini bancada de trabalho, sendo port\u00e1til e vers\u00e1til para brincar em qualquer lugar\u00a0. O kit inclui 1 chave de fenda, 1 chave de boca, 1 martelo, 4<\/p>\n","protected":false},"featured_media":8820,"comment_status":"open","ping_status":"closed","template":"","meta":[],"product_brand":[231],"product_cat":[213],"product_tag":[],"class_list":{"0":"post-8821","1":"product","2":"type-product","3":"status-publish","6":"product_brand-tateti","7":"product_cat-brinquedos-jogos-e-brinquedos","9":"first","10":"instock","11":"shipping-taxable","12":"purchasable","13":"product-type-simple"},"_links":{"self":[{"href":"https:\/\/educaredigital.online\/loja\/wp-json\/wp\/v2\/product\/8821","targetHints":{"allow":["GET"]}}],"collection":[{"href":"https:\/\/educaredigital.online\/loja\/wp-json\/wp\/v2\/product"}],"about":[{"href":"https:\/\/educaredigital.online\/loja\/wp-json\/wp\/v2\/types\/product"}],"replies":[{"embeddable":true,"href":"https:\/\/educaredigital.online\/loja\/wp-json\/wp\/v2\/comments?post=8821"}],"wp:featuredmedia":[{"embeddable":true,"href":"https:\/\/educaredigital.online\/loja\/wp-json\/wp\/v2\/media\/8820"}],"wp:attachment":[{"href":"https:\/\/educaredigital.online\/loja\/wp-json\/wp\/v2\/media?parent=8821"}],"wp:term":[{"taxonomy":"product_brand","embeddable":true,"href":"https:\/\/educaredigital.online\/loja\/wp-json\/wp\/v2\/product_brand?post=8821"},{"taxonomy":"product_cat","embeddable":true,"href":"https:\/\/educaredigital.online\/loja\/wp-json\/wp\/v2\/product_cat?post=8821"},{"taxonomy":"product_tag","embeddable":true,"href":"https:\/\/educaredigital.online\/loja\/wp-json\/wp\/v2\/product_tag?post=8821"}],"curies":[{"name":"wp","href":"https:\/\/api.w.org\/{rel}","templated":true}]}}