{"id":8819,"date":"2026-04-20T19:08:37","date_gmt":"2026-04-20T19:08:37","guid":{"rendered":"https:\/\/educaredigital.online\/loja\/produto\/music-table\/"},"modified":"2026-04-24T19:55:32","modified_gmt":"2026-04-24T19:55:32","slug":"music-table","status":"publish","type":"product","link":"https:\/\/educaredigital.online\/loja\/produto\/music-table\/","title":{"rendered":"Music Table"},"content":{"rendered":"<p class=\"ds-markdown-paragraph\"><strong>Music Table <\/strong>O brinquedo conta com engrenagens, pe\u00e7as girat\u00f3rias e teclas que tocam diferentes melodias, al\u00e9m de luzes que acendem ao apertar os bot\u00f5es\u00a0. O conjunto inclui a mesa, quatro p\u00e9s e cinco pe\u00e7as para encaixar, proporcionando m\u00faltiplas atividades sensoriais em um \u00fanico produto\u00a0.<\/p>\n<p class=\"ds-markdown-paragraph\">Este brinquedo desenvolve habilidades como aten\u00e7\u00e3o e concentra\u00e7\u00e3o, compreens\u00e3o de causa e efeito, coordena\u00e7\u00e3o motora fina (m\u00e3os e dedos), curiosidade e descoberta, al\u00e9m de express\u00e3o e comunica\u00e7\u00e3o\u00a0. As engrenagens girat\u00f3rias e as teclas musicais estimulam os sentidos auditivo e visual dos pequenos, enquanto as atividades de encaixe trabalham a percep\u00e7\u00e3o t\u00e1til e a coordena\u00e7\u00e3o, tornando a brincadeira completa para o desenvolvimento infantil na primeira inf\u00e2ncia<\/p>\n<div class=\"details-table-wrapper\">\n<table class=\"product-details-table\">\n<tbody>\n<tr>\n<td>Marca<\/td>\n<td>Tateti<\/td>\n<\/tr>\n<tr>\n<td>Material<\/td>\n<td>\u00a0Pl\u00e1stico<\/td>\n<\/tr>\n<tr>\n<td>Faixa Et\u00e1ria<\/td>\n<td>A partir de 1 Ano<\/td>\n<\/tr>\n<\/tbody>\n<\/table>\n<\/div>\n","protected":false},"excerpt":{"rendered":"<p>Music Table O brinquedo conta com engrenagens, pe\u00e7as girat\u00f3rias e teclas que tocam diferentes melodias, al\u00e9m de luzes que acendem ao apertar os bot\u00f5es\u00a0. O conjunto inclui a mesa, quatro p\u00e9s e cinco pe\u00e7as para encaixar, proporcionando m\u00faltiplas atividades sensoriais<\/p>\n","protected":false},"featured_media":8818,"comment_status":"open","ping_status":"closed","template":"","meta":[],"product_brand":[231],"product_cat":[213],"product_tag":[],"class_list":{"0":"post-8819","1":"product","2":"type-product","3":"status-publish","6":"product_brand-tateti","7":"product_cat-brinquedos-jogos-e-brinquedos","9":"first","10":"instock","11":"shipping-taxable","12":"purchasable","13":"product-type-simple"},"_links":{"self":[{"href":"https:\/\/educaredigital.online\/loja\/wp-json\/wp\/v2\/product\/8819","targetHints":{"allow":["GET"]}}],"collection":[{"href":"https:\/\/educaredigital.online\/loja\/wp-json\/wp\/v2\/product"}],"about":[{"href":"https:\/\/educaredigital.online\/loja\/wp-json\/wp\/v2\/types\/product"}],"replies":[{"embeddable":true,"href":"https:\/\/educaredigital.online\/loja\/wp-json\/wp\/v2\/comments?post=8819"}],"wp:featuredmedia":[{"embeddable":true,"href":"https:\/\/educaredigital.online\/loja\/wp-json\/wp\/v2\/media\/8818"}],"wp:attachment":[{"href":"https:\/\/educaredigital.online\/loja\/wp-json\/wp\/v2\/media?parent=8819"}],"wp:term":[{"taxonomy":"product_brand","embeddable":true,"href":"https:\/\/educaredigital.online\/loja\/wp-json\/wp\/v2\/product_brand?post=8819"},{"taxonomy":"product_cat","embeddable":true,"href":"https:\/\/educaredigital.online\/loja\/wp-json\/wp\/v2\/product_cat?post=8819"},{"taxonomy":"product_tag","embeddable":true,"href":"https:\/\/educaredigital.online\/loja\/wp-json\/wp\/v2\/product_tag?post=8819"}],"curies":[{"name":"wp","href":"https:\/\/api.w.org\/{rel}","templated":true}]}}