{"id":8817,"date":"2026-04-20T19:08:36","date_gmt":"2026-04-20T19:08:36","guid":{"rendered":"https:\/\/educaredigital.online\/loja\/produto\/sitio-animado\/"},"modified":"2026-04-24T19:55:40","modified_gmt":"2026-04-24T19:55:40","slug":"sitio-animado","status":"publish","type":"product","link":"https:\/\/educaredigital.online\/loja\/produto\/sitio-animado\/","title":{"rendered":"S\u00edtio Animado"},"content":{"rendered":"<p class=\"ds-markdown-paragraph\"><strong>S\u00edtio Animado da Tateti<\/strong> \u00e9 um quebra-cabe\u00e7a educativo de encaixe tridimensional . O brinquedo \u00e9 composto por duas bases e sete pe\u00e7as coloridas que se encaixam para formar um cen\u00e1rio de s\u00edtio, estimulando o reconhecimento de cores, formas e tamanhos de forma l\u00fadica . O produto possui dimens\u00f5es aproximadas de 35 x 24,5 x 5 cm e \u00e9 fabricado em pl\u00e1stico resistente .<\/p>\n<p class=\"ds-markdown-paragraph\">Este brinquedo desenvolve habilidades essenciais como coordena\u00e7\u00e3o motora fina (ao manusear e encaixar as pe\u00e7as), desenvolvimento cognitivo, integra\u00e7\u00e3o visoespacial, al\u00e9m de no\u00e7\u00f5es de causa e efeito, curiosidade e descoberta\u00a0. Ao montar o quebra-cabe\u00e7a, a crian\u00e7a exercita a percep\u00e7\u00e3o visual, a concentra\u00e7\u00e3o e a resolu\u00e7\u00e3o de problemas, sendo uma excelente ferramenta para o aprendizado na primeira inf\u00e2ncia\u00a0.<\/p>\n<div class=\"details-table-wrapper\">\n<table class=\"product-details-table\">\n<tbody>\n<tr>\n<td>Marca<\/td>\n<td>Tateti<\/td>\n<\/tr>\n<tr>\n<td>Material<\/td>\n<td>\u00a0Pl\u00e1stico<\/td>\n<\/tr>\n<tr>\n<td>Faixa Et\u00e1ria<\/td>\n<td>A partir de 1 Ano<\/td>\n<\/tr>\n<\/tbody>\n<\/table>\n<\/div>\n","protected":false},"excerpt":{"rendered":"<p>S\u00edtio Animado da Tateti \u00e9 um quebra-cabe\u00e7a educativo de encaixe tridimensional . O brinquedo \u00e9 composto por duas bases e sete pe\u00e7as coloridas que se encaixam para formar um cen\u00e1rio de s\u00edtio, estimulando o reconhecimento de cores, formas e tamanhos<\/p>\n","protected":false},"featured_media":8816,"comment_status":"open","ping_status":"closed","template":"","meta":[],"product_brand":[231],"product_cat":[213],"product_tag":[],"class_list":{"0":"post-8817","1":"product","2":"type-product","3":"status-publish","6":"product_brand-tateti","7":"product_cat-brinquedos-jogos-e-brinquedos","9":"first","10":"instock","11":"shipping-taxable","12":"purchasable","13":"product-type-simple"},"_links":{"self":[{"href":"https:\/\/educaredigital.online\/loja\/wp-json\/wp\/v2\/product\/8817","targetHints":{"allow":["GET"]}}],"collection":[{"href":"https:\/\/educaredigital.online\/loja\/wp-json\/wp\/v2\/product"}],"about":[{"href":"https:\/\/educaredigital.online\/loja\/wp-json\/wp\/v2\/types\/product"}],"replies":[{"embeddable":true,"href":"https:\/\/educaredigital.online\/loja\/wp-json\/wp\/v2\/comments?post=8817"}],"wp:featuredmedia":[{"embeddable":true,"href":"https:\/\/educaredigital.online\/loja\/wp-json\/wp\/v2\/media\/8816"}],"wp:attachment":[{"href":"https:\/\/educaredigital.online\/loja\/wp-json\/wp\/v2\/media?parent=8817"}],"wp:term":[{"taxonomy":"product_brand","embeddable":true,"href":"https:\/\/educaredigital.online\/loja\/wp-json\/wp\/v2\/product_brand?post=8817"},{"taxonomy":"product_cat","embeddable":true,"href":"https:\/\/educaredigital.online\/loja\/wp-json\/wp\/v2\/product_cat?post=8817"},{"taxonomy":"product_tag","embeddable":true,"href":"https:\/\/educaredigital.online\/loja\/wp-json\/wp\/v2\/product_tag?post=8817"}],"curies":[{"name":"wp","href":"https:\/\/api.w.org\/{rel}","templated":true}]}}