{"id":8815,"date":"2026-04-20T19:08:35","date_gmt":"2026-04-20T19:08:35","guid":{"rendered":"https:\/\/educaredigital.online\/loja\/produto\/jojoaninha\/"},"modified":"2026-04-24T19:55:47","modified_gmt":"2026-04-24T19:55:47","slug":"jojoaninha","status":"publish","type":"product","link":"https:\/\/educaredigital.online\/loja\/produto\/jojoaninha\/","title":{"rendered":"Jojoaninha"},"content":{"rendered":"<p class=\"ds-markdown-paragraph\">\u00a0<strong>Jojoaninha<\/strong>\u00a0\u00e9 um brinquedo 2 em 1 que combina encaixe de formas e brinquedo de puxar\u00a0. Com um ador\u00e1vel design de joaninha, o produto acompanha\u00a0<strong>4 pe\u00e7as did\u00e1ticas coloridas<\/strong>\u00a0em formatos variados que a crian\u00e7a deve encaixar no corpo do brinquedo, trabalhando o reconhecimento de formas e cores\u00a0. Quando a crian\u00e7a segura a joaninha pelo cord\u00e3o e a puxa, suas asas se movem, incentivando o deslocamento e tornando a brincadeira ainda mais interativa\u00a0.<\/p>\n<p class=\"ds-markdown-paragraph\">Este brinquedo desenvolve diversas habilidades essenciais, como\u00a0<strong>coordena\u00e7\u00e3o motora fina<\/strong>\u00a0(ao manusear e encaixar as pe\u00e7as),\u00a0<strong>racioc\u00ednio l\u00f3gico<\/strong>,\u00a0<strong>percep\u00e7\u00e3o de formas e cores<\/strong>, al\u00e9m da\u00a0<strong>coordena\u00e7\u00e3o motora ampla<\/strong>\u00a0e\u00a0<strong>percep\u00e7\u00e3o de espa\u00e7o<\/strong>\u00a0ao puxar a joaninha\u00a0. Fabricado com materiais de alta qualidade e seguros, com pe\u00e7as grandes adequadas para m\u00e3os pequenas, a Jojoaninha \u00e9 uma excelente op\u00e7\u00e3o para unir divers\u00e3o e aprendizado, estimulando a imagina\u00e7\u00e3o e o desenvolvimento infantil de forma l\u00fadica\u00a0.<\/p>\n<div class=\"details-table-wrapper\">\n<table class=\"product-details-table\">\n<tbody>\n<tr>\n<td>Marca<\/td>\n<td>Tateti<\/td>\n<\/tr>\n<tr>\n<td>Material<\/td>\n<td>\u00a0Pl\u00e1stico<\/td>\n<\/tr>\n<tr>\n<td>Faixa Et\u00e1ria<\/td>\n<td>A partir de 2 Anos<\/td>\n<\/tr>\n<\/tbody>\n<\/table>\n<\/div>\n","protected":false},"excerpt":{"rendered":"<p>\u00a0Jojoaninha\u00a0\u00e9 um brinquedo 2 em 1 que combina encaixe de formas e brinquedo de puxar\u00a0. Com um ador\u00e1vel design de joaninha, o produto acompanha\u00a04 pe\u00e7as did\u00e1ticas coloridas\u00a0em formatos variados que a crian\u00e7a deve encaixar no corpo do brinquedo, trabalhando o<\/p>\n","protected":false},"featured_media":8814,"comment_status":"open","ping_status":"closed","template":"","meta":[],"product_brand":[231],"product_cat":[213],"product_tag":[],"class_list":{"0":"post-8815","1":"product","2":"type-product","3":"status-publish","6":"product_brand-tateti","7":"product_cat-brinquedos-jogos-e-brinquedos","9":"first","10":"instock","11":"shipping-taxable","12":"purchasable","13":"product-type-simple"},"_links":{"self":[{"href":"https:\/\/educaredigital.online\/loja\/wp-json\/wp\/v2\/product\/8815","targetHints":{"allow":["GET"]}}],"collection":[{"href":"https:\/\/educaredigital.online\/loja\/wp-json\/wp\/v2\/product"}],"about":[{"href":"https:\/\/educaredigital.online\/loja\/wp-json\/wp\/v2\/types\/product"}],"replies":[{"embeddable":true,"href":"https:\/\/educaredigital.online\/loja\/wp-json\/wp\/v2\/comments?post=8815"}],"wp:featuredmedia":[{"embeddable":true,"href":"https:\/\/educaredigital.online\/loja\/wp-json\/wp\/v2\/media\/8814"}],"wp:attachment":[{"href":"https:\/\/educaredigital.online\/loja\/wp-json\/wp\/v2\/media?parent=8815"}],"wp:term":[{"taxonomy":"product_brand","embeddable":true,"href":"https:\/\/educaredigital.online\/loja\/wp-json\/wp\/v2\/product_brand?post=8815"},{"taxonomy":"product_cat","embeddable":true,"href":"https:\/\/educaredigital.online\/loja\/wp-json\/wp\/v2\/product_cat?post=8815"},{"taxonomy":"product_tag","embeddable":true,"href":"https:\/\/educaredigital.online\/loja\/wp-json\/wp\/v2\/product_tag?post=8815"}],"curies":[{"name":"wp","href":"https:\/\/api.w.org\/{rel}","templated":true}]}}