{"id":8813,"date":"2026-04-20T19:08:34","date_gmt":"2026-04-20T19:08:34","guid":{"rendered":"https:\/\/educaredigital.online\/loja\/produto\/polvo-para-puxar\/"},"modified":"2026-04-24T19:55:54","modified_gmt":"2026-04-24T19:55:54","slug":"polvo-para-puxar","status":"publish","type":"product","link":"https:\/\/educaredigital.online\/loja\/produto\/polvo-para-puxar\/","title":{"rendered":"Polvo Para Puxar"},"content":{"rendered":"<p class=\"ds-markdown-paragraph\"><strong>Polvo para Puxar <\/strong>\u00a0Ao ser puxado pelo barbante, suas perninhas se movimentam e as rodinhas giram, incentivando os primeiros passos e estimulando a locomo\u00e7\u00e3o . Este tipo de brinquedo, comum na linha Tateti, acompanha pe\u00e7as did\u00e1ticas para encaixar, desenvolvendo a coordena\u00e7\u00e3o motora fina e o reconhecimento de formas e cores .<\/p>\n<p class=\"ds-markdown-paragraph\">Este brinquedo desenvolve habilidades essenciais como\u00a0<strong>coordena\u00e7\u00e3o motora ampla<\/strong>\u00a0(ao puxar e caminhar),\u00a0<strong>equil\u00edbrio<\/strong>,\u00a0<strong>compreens\u00e3o de causa e efeito<\/strong>\u00a0(ao observar o movimento ao puxar), al\u00e9m da\u00a0<strong>coordena\u00e7\u00e3o motora fina<\/strong>\u00a0e\u00a0<strong>percep\u00e7\u00e3o visual<\/strong>\u00a0ao manusear as pe\u00e7as de encaixe . \u00c9 uma excelente op\u00e7\u00e3o para unir o aprendizado \u00e0 divers\u00e3o, acompanhando o beb\u00ea em suas primeiras explora\u00e7\u00f5es do mundo .<\/p>\n<div class=\"details-table-wrapper\">\n<table class=\"product-details-table\">\n<tbody>\n<tr>\n<td>Marca<\/td>\n<td>Tateti<\/td>\n<\/tr>\n<tr>\n<td>Material<\/td>\n<td>\u00a0Pl\u00e1stico<\/td>\n<\/tr>\n<tr>\n<td>Faixa Et\u00e1ria<\/td>\n<td>A partir de 1 Ano<\/td>\n<\/tr>\n<\/tbody>\n<\/table>\n<\/div>\n","protected":false},"excerpt":{"rendered":"<p>Polvo para Puxar \u00a0Ao ser puxado pelo barbante, suas perninhas se movimentam e as rodinhas giram, incentivando os primeiros passos e estimulando a locomo\u00e7\u00e3o . Este tipo de brinquedo, comum na linha Tateti, acompanha pe\u00e7as did\u00e1ticas para encaixar, desenvolvendo a<\/p>\n","protected":false},"featured_media":8812,"comment_status":"open","ping_status":"closed","template":"","meta":[],"product_brand":[231],"product_cat":[213],"product_tag":[],"class_list":{"0":"post-8813","1":"product","2":"type-product","3":"status-publish","6":"product_brand-tateti","7":"product_cat-brinquedos-jogos-e-brinquedos","9":"first","10":"instock","11":"shipping-taxable","12":"purchasable","13":"product-type-simple"},"_links":{"self":[{"href":"https:\/\/educaredigital.online\/loja\/wp-json\/wp\/v2\/product\/8813","targetHints":{"allow":["GET"]}}],"collection":[{"href":"https:\/\/educaredigital.online\/loja\/wp-json\/wp\/v2\/product"}],"about":[{"href":"https:\/\/educaredigital.online\/loja\/wp-json\/wp\/v2\/types\/product"}],"replies":[{"embeddable":true,"href":"https:\/\/educaredigital.online\/loja\/wp-json\/wp\/v2\/comments?post=8813"}],"wp:featuredmedia":[{"embeddable":true,"href":"https:\/\/educaredigital.online\/loja\/wp-json\/wp\/v2\/media\/8812"}],"wp:attachment":[{"href":"https:\/\/educaredigital.online\/loja\/wp-json\/wp\/v2\/media?parent=8813"}],"wp:term":[{"taxonomy":"product_brand","embeddable":true,"href":"https:\/\/educaredigital.online\/loja\/wp-json\/wp\/v2\/product_brand?post=8813"},{"taxonomy":"product_cat","embeddable":true,"href":"https:\/\/educaredigital.online\/loja\/wp-json\/wp\/v2\/product_cat?post=8813"},{"taxonomy":"product_tag","embeddable":true,"href":"https:\/\/educaredigital.online\/loja\/wp-json\/wp\/v2\/product_tag?post=8813"}],"curies":[{"name":"wp","href":"https:\/\/api.w.org\/{rel}","templated":true}]}}