{"id":8811,"date":"2026-04-20T19:08:33","date_gmt":"2026-04-20T19:08:33","guid":{"rendered":"https:\/\/educaredigital.online\/loja\/produto\/mix-ball\/"},"modified":"2026-04-24T19:56:03","modified_gmt":"2026-04-24T19:56:03","slug":"mix-ball","status":"publish","type":"product","link":"https:\/\/educaredigital.online\/loja\/produto\/mix-ball\/","title":{"rendered":"Mix Ball"},"content":{"rendered":"<div class=\"ds-message _63c77b1\">\n<div class=\"ds-markdown\">\n<p class=\"ds-markdown-paragraph\"><strong>Mix Ball<\/strong>\u00a0O brinquedo acompanha cinco bolinhas coloridas que a crian\u00e7a insere pelo tubo da ca\u00e7amba transparente; ao empurrar o caminh\u00e3o, as bolinhas se agitam e saem pela abertura traseira, criando um efeito surpresa que incentiva a crian\u00e7a a engatinhar ou andar atr\u00e1s do brinquedo para peg\u00e1-las\u00a0. Al\u00e9m disso, o caminh\u00e3o possui teclas que ao serem apertadas ativam sons alegres e far\u00f3is que acendem de verdade\u00a0.<\/p>\n<p class=\"ds-markdown-paragraph\">Este brinquedo desenvolve habilidades essenciais como\u00a0<strong>coordena\u00e7\u00e3o motora ampla<\/strong>\u00a0(ao empurrar o caminh\u00e3o e se movimentar),\u00a0<strong>compreens\u00e3o de causa e efeito<\/strong>\u00a0(ao observar a rela\u00e7\u00e3o entre empurrar e as bolinhas sa\u00edrem),\u00a0<strong>est\u00edmulo sensorial<\/strong>\u00a0(com luzes e sons), al\u00e9m da\u00a0<strong>coordena\u00e7\u00e3o motora fina<\/strong> ao manusear e encaixar as bolinhas.<\/p>\n<div class=\"details-table-wrapper\">\n<table class=\"product-details-table\">\n<tbody>\n<tr>\n<td>Marca<\/td>\n<td>Tateti<\/td>\n<\/tr>\n<tr>\n<td>Material<\/td>\n<td>\u00a0Pl\u00e1stico<\/td>\n<\/tr>\n<tr>\n<td>Faixa Et\u00e1ria<\/td>\n<td>A partir de 1 Ano<\/td>\n<\/tr>\n<\/tbody>\n<\/table>\n<\/div>\n<\/div>\n<\/div>\n","protected":false},"excerpt":{"rendered":"<p>Mix Ball\u00a0O brinquedo acompanha cinco bolinhas coloridas que a crian\u00e7a insere pelo tubo da ca\u00e7amba transparente; ao empurrar o caminh\u00e3o, as bolinhas se agitam e saem pela abertura traseira, criando um efeito surpresa que incentiva a crian\u00e7a a engatinhar ou<\/p>\n","protected":false},"featured_media":8810,"comment_status":"open","ping_status":"closed","template":"","meta":[],"product_brand":[231],"product_cat":[213],"product_tag":[],"class_list":{"0":"post-8811","1":"product","2":"type-product","3":"status-publish","6":"product_brand-tateti","7":"product_cat-brinquedos-jogos-e-brinquedos","9":"first","10":"instock","11":"shipping-taxable","12":"purchasable","13":"product-type-simple"},"_links":{"self":[{"href":"https:\/\/educaredigital.online\/loja\/wp-json\/wp\/v2\/product\/8811","targetHints":{"allow":["GET"]}}],"collection":[{"href":"https:\/\/educaredigital.online\/loja\/wp-json\/wp\/v2\/product"}],"about":[{"href":"https:\/\/educaredigital.online\/loja\/wp-json\/wp\/v2\/types\/product"}],"replies":[{"embeddable":true,"href":"https:\/\/educaredigital.online\/loja\/wp-json\/wp\/v2\/comments?post=8811"}],"wp:featuredmedia":[{"embeddable":true,"href":"https:\/\/educaredigital.online\/loja\/wp-json\/wp\/v2\/media\/8810"}],"wp:attachment":[{"href":"https:\/\/educaredigital.online\/loja\/wp-json\/wp\/v2\/media?parent=8811"}],"wp:term":[{"taxonomy":"product_brand","embeddable":true,"href":"https:\/\/educaredigital.online\/loja\/wp-json\/wp\/v2\/product_brand?post=8811"},{"taxonomy":"product_cat","embeddable":true,"href":"https:\/\/educaredigital.online\/loja\/wp-json\/wp\/v2\/product_cat?post=8811"},{"taxonomy":"product_tag","embeddable":true,"href":"https:\/\/educaredigital.online\/loja\/wp-json\/wp\/v2\/product_tag?post=8811"}],"curies":[{"name":"wp","href":"https:\/\/api.w.org\/{rel}","templated":true}]}}