{"id":8807,"date":"2026-04-20T19:08:28","date_gmt":"2026-04-20T19:08:28","guid":{"rendered":"https:\/\/educaredigital.online\/loja\/produto\/mini-golfe\/"},"modified":"2026-04-24T19:56:21","modified_gmt":"2026-04-24T19:56:21","slug":"mini-golfe","status":"publish","type":"product","link":"https:\/\/educaredigital.online\/loja\/produto\/mini-golfe\/","title":{"rendered":"Mini Golfe"},"content":{"rendered":"<p class=\"ds-markdown-paragraph\"><strong>Mini Golfe da Tateti<\/strong> \u00e9 um jogo educativo e interativo que transforma qualquer espa\u00e7o em um campo de golfe emocionante. O conjunto \u00e9 composto por\u00a0<strong>1 taco, 1 bola, 8 pe\u00e7as desmont\u00e1veis<\/strong>\u00a0(como rampas, tobog\u00e3, t\u00fanel e obst\u00e1culos) e\u00a0<strong>1 cartela de adesivos<\/strong>\u00a0para personalizar o circuito\u00a0. As pe\u00e7as permitem montagem livre e personalizada, estimulando a criatividade e o planejamento dos pequenos\u00a0.<\/p>\n<p class=\"ds-markdown-paragraph\">Este brinquedo desenvolve habilidades como\u00a0<strong>coordena\u00e7\u00e3o motora fina e ampla, aten\u00e7\u00e3o, concentra\u00e7\u00e3o, racioc\u00ednio l\u00f3gico e capacidade estrat\u00e9gica<\/strong> . Ao calcular a for\u00e7a e a dire\u00e7\u00e3o da tacada, a crian\u00e7a tamb\u00e9m aprende no\u00e7\u00f5es b\u00e1sicas de f\u00edsica de forma l\u00fadica , \u00e9 uma excelente op\u00e7\u00e3o para brincadeiras ao ar livre ou em ambiente<\/p>\n<div class=\"details-table-wrapper\">\n<table class=\"product-details-table\">\n<tbody>\n<tr>\n<td>Marca<\/td>\n<td>Tateti<\/td>\n<\/tr>\n<tr>\n<td>Material<\/td>\n<td>\u00a0Pl\u00e1stico<\/td>\n<\/tr>\n<tr>\n<td>Faixa Et\u00e1ria<\/td>\n<td>A partir de 3 Anos<\/td>\n<\/tr>\n<\/tbody>\n<\/table>\n<\/div>\n","protected":false},"excerpt":{"rendered":"<p>Mini Golfe da Tateti \u00e9 um jogo educativo e interativo que transforma qualquer espa\u00e7o em um campo de golfe emocionante. O conjunto \u00e9 composto por\u00a01 taco, 1 bola, 8 pe\u00e7as desmont\u00e1veis\u00a0(como rampas, tobog\u00e3, t\u00fanel e obst\u00e1culos) e\u00a01 cartela de adesivos\u00a0para<\/p>\n","protected":false},"featured_media":8806,"comment_status":"open","ping_status":"closed","template":"","meta":[],"product_brand":[231],"product_cat":[213],"product_tag":[],"class_list":{"0":"post-8807","1":"product","2":"type-product","3":"status-publish","6":"product_brand-tateti","7":"product_cat-brinquedos-jogos-e-brinquedos","9":"first","10":"instock","11":"shipping-taxable","12":"purchasable","13":"product-type-simple"},"_links":{"self":[{"href":"https:\/\/educaredigital.online\/loja\/wp-json\/wp\/v2\/product\/8807","targetHints":{"allow":["GET"]}}],"collection":[{"href":"https:\/\/educaredigital.online\/loja\/wp-json\/wp\/v2\/product"}],"about":[{"href":"https:\/\/educaredigital.online\/loja\/wp-json\/wp\/v2\/types\/product"}],"replies":[{"embeddable":true,"href":"https:\/\/educaredigital.online\/loja\/wp-json\/wp\/v2\/comments?post=8807"}],"wp:featuredmedia":[{"embeddable":true,"href":"https:\/\/educaredigital.online\/loja\/wp-json\/wp\/v2\/media\/8806"}],"wp:attachment":[{"href":"https:\/\/educaredigital.online\/loja\/wp-json\/wp\/v2\/media?parent=8807"}],"wp:term":[{"taxonomy":"product_brand","embeddable":true,"href":"https:\/\/educaredigital.online\/loja\/wp-json\/wp\/v2\/product_brand?post=8807"},{"taxonomy":"product_cat","embeddable":true,"href":"https:\/\/educaredigital.online\/loja\/wp-json\/wp\/v2\/product_cat?post=8807"},{"taxonomy":"product_tag","embeddable":true,"href":"https:\/\/educaredigital.online\/loja\/wp-json\/wp\/v2\/product_tag?post=8807"}],"curies":[{"name":"wp","href":"https:\/\/api.w.org\/{rel}","templated":true}]}}