{"id":8803,"date":"2026-04-20T19:08:25","date_gmt":"2026-04-20T19:08:25","guid":{"rendered":"https:\/\/educaredigital.online\/loja\/produto\/rodadinhos-maos-a-obra-cacamba\/"},"modified":"2026-04-24T19:56:38","modified_gmt":"2026-04-24T19:56:38","slug":"rodadinhos-maos-a-obra-cacamba","status":"publish","type":"product","link":"https:\/\/educaredigital.online\/loja\/produto\/rodadinhos-maos-a-obra-cacamba\/","title":{"rendered":"Rodadinho M\u00e3os a Obra &#8211; CA\u00c7AMBA"},"content":{"rendered":"<p class=\"ds-markdown-paragraph\"><strong>Rodadinhos M\u00e3os \u00e0 Obra Ca\u00e7amba <\/strong>O grande diferencial deste brinquedo \u00e9 a\u00a0<strong>ca\u00e7amba remov\u00edvel com al\u00e7a<\/strong>, que permite \u00e0 crian\u00e7a simular o carregamento e o despejo de materiais imagin\u00e1rios (como areia, terra ou blocos), promovendo a coordena\u00e7\u00e3o motora e a criatividade, garantindo seguran\u00e7a e qualidade para os pequenos . Suas dimens\u00f5es aproximadas s\u00e3o 22 x 33 x 36 cm, e est\u00e1 dispon\u00edvel em diversas cores.<\/p>\n<p class=\"ds-markdown-paragraph\">Este brinquedo desenvolve habilidades essenciais como\u00a0<strong>coordena\u00e7\u00e3o motora fina e ampla<\/strong>\u00a0(ao manusear a ca\u00e7amba e empurrar o caminh\u00e3o),\u00a0<strong>aten\u00e7\u00e3o e concentra\u00e7\u00e3o<\/strong>,\u00a0<strong>coordena\u00e7\u00e3o entre olhos e m\u00e3os<\/strong>,\u00a0<strong>curiosidade e descoberta<\/strong>, al\u00e9m da\u00a0<strong>imagina\u00e7\u00e3o e criatividade<\/strong>\u00a0e\u00a0<strong>resolu\u00e7\u00e3o de problemas<\/strong>\u00a0. Ao brincar de carregar e despejar materiais, a crian\u00e7a exercita o\u00a0<strong>aprendizado por imita\u00e7\u00e3o<\/strong>\u00a0e a\u00a0<strong>adapta\u00e7\u00e3o social<\/strong>, recriando situa\u00e7\u00f5es do cotidiano das obras de forma l\u00fadica e interativa.<\/p>\n<div class=\"details-table-wrapper\">\n<table class=\"product-details-table\">\n<tbody>\n<tr>\n<td>Marca<\/td>\n<td>Tateti<\/td>\n<\/tr>\n<tr>\n<td>Material<\/td>\n<td>\u00a0Pl\u00e1stico<\/td>\n<\/tr>\n<tr>\n<td>Faixa Et\u00e1ria<\/td>\n<td>A partir de 1 Ano<\/td>\n<\/tr>\n<\/tbody>\n<\/table>\n<\/div>\n","protected":false},"excerpt":{"rendered":"<p>Rodadinhos M\u00e3os \u00e0 Obra Ca\u00e7amba O grande diferencial deste brinquedo \u00e9 a\u00a0ca\u00e7amba remov\u00edvel com al\u00e7a, que permite \u00e0 crian\u00e7a simular o carregamento e o despejo de materiais imagin\u00e1rios (como areia, terra ou blocos), promovendo a coordena\u00e7\u00e3o motora e a criatividade,<\/p>\n","protected":false},"featured_media":8802,"comment_status":"open","ping_status":"closed","template":"","meta":[],"product_brand":[231],"product_cat":[213],"product_tag":[],"class_list":{"0":"post-8803","1":"product","2":"type-product","3":"status-publish","6":"product_brand-tateti","7":"product_cat-brinquedos-jogos-e-brinquedos","9":"first","10":"instock","11":"shipping-taxable","12":"purchasable","13":"product-type-simple"},"_links":{"self":[{"href":"https:\/\/educaredigital.online\/loja\/wp-json\/wp\/v2\/product\/8803","targetHints":{"allow":["GET"]}}],"collection":[{"href":"https:\/\/educaredigital.online\/loja\/wp-json\/wp\/v2\/product"}],"about":[{"href":"https:\/\/educaredigital.online\/loja\/wp-json\/wp\/v2\/types\/product"}],"replies":[{"embeddable":true,"href":"https:\/\/educaredigital.online\/loja\/wp-json\/wp\/v2\/comments?post=8803"}],"wp:featuredmedia":[{"embeddable":true,"href":"https:\/\/educaredigital.online\/loja\/wp-json\/wp\/v2\/media\/8802"}],"wp:attachment":[{"href":"https:\/\/educaredigital.online\/loja\/wp-json\/wp\/v2\/media?parent=8803"}],"wp:term":[{"taxonomy":"product_brand","embeddable":true,"href":"https:\/\/educaredigital.online\/loja\/wp-json\/wp\/v2\/product_brand?post=8803"},{"taxonomy":"product_cat","embeddable":true,"href":"https:\/\/educaredigital.online\/loja\/wp-json\/wp\/v2\/product_cat?post=8803"},{"taxonomy":"product_tag","embeddable":true,"href":"https:\/\/educaredigital.online\/loja\/wp-json\/wp\/v2\/product_tag?post=8803"}],"curies":[{"name":"wp","href":"https:\/\/api.w.org\/{rel}","templated":true}]}}