{"id":8797,"date":"2026-04-20T19:08:22","date_gmt":"2026-04-20T19:08:22","guid":{"rendered":"https:\/\/educaredigital.online\/loja\/produto\/super-blocks-97-pecas\/"},"modified":"2026-04-24T19:56:57","modified_gmt":"2026-04-24T19:56:57","slug":"super-blocks-97-pecas","status":"publish","type":"product","link":"https:\/\/educaredigital.online\/loja\/produto\/super-blocks-97-pecas\/","title":{"rendered":"Super Blocks 97 Pe\u00e7as"},"content":{"rendered":"<p class=\"ds-markdown-paragraph\"><strong>Super Blocks 97 Pe\u00e7as<\/strong>\u00a0\u00e9 um kit de blocos de montar coloridos que estimula a criatividade e a imagina\u00e7\u00e3o das crian\u00e7as . O conjunto \u00e9 composto por <strong>97 pe\u00e7as<\/strong> de pl\u00e1stico (polipropileno) em 11 formatos diferentes, incluindo ret\u00e2ngulos de 1, 2, 4 e 8 pinos, quadrados, al\u00e9m de pe\u00e7as especiais como telhado, caminh\u00e3o, trem, castelo e rob\u00f4, que permitem construir as mais variadas cria\u00e7\u00f5es\u00a0.<\/p>\n<p class=\"ds-markdown-paragraph\">Este brinquedo desenvolve habilidades essenciais como\u00a0<strong>coordena\u00e7\u00e3o motora fina<\/strong>\u00a0(ao manusear e encaixar as pe\u00e7as),\u00a0<strong>coordena\u00e7\u00e3o entre olhos e m\u00e3os<\/strong>,\u00a0<strong>racioc\u00ednio l\u00f3gico<\/strong>,\u00a0<strong>planejamento e estrat\u00e9gia<\/strong>, al\u00e9m da\u00a0<strong>resolu\u00e7\u00e3o de problemas<\/strong>\u00a0. Ao brincar de montar e desmontar, a crian\u00e7a exercita a\u00a0<strong>criatividade<\/strong>, a\u00a0<strong>concentra\u00e7\u00e3o<\/strong>\u00a0e no\u00e7\u00f5es de\u00a0<strong>cores, formas e tamanhos<\/strong>\u00a0de forma l\u00fadica e independente\u00a0.<\/p>\n<div class=\"details-table-wrapper\">\n<table class=\"product-details-table\">\n<tbody>\n<tr>\n<td>Marca<\/td>\n<td>Tateti<\/td>\n<\/tr>\n<tr>\n<td>Material<\/td>\n<td>\u00a0Pl\u00e1stico<\/td>\n<\/tr>\n<tr>\n<td>Faixa Et\u00e1ria<\/td>\n<td>A partir de 3 Anos<\/td>\n<\/tr>\n<\/tbody>\n<\/table>\n<\/div>\n","protected":false},"excerpt":{"rendered":"<p>Super Blocks 97 Pe\u00e7as\u00a0\u00e9 um kit de blocos de montar coloridos que estimula a criatividade e a imagina\u00e7\u00e3o das crian\u00e7as . O conjunto \u00e9 composto por 97 pe\u00e7as de pl\u00e1stico (polipropileno) em 11 formatos diferentes, incluindo ret\u00e2ngulos de 1, 2,<\/p>\n","protected":false},"featured_media":8796,"comment_status":"open","ping_status":"closed","template":"","meta":[],"product_brand":[231],"product_cat":[213],"product_tag":[],"class_list":{"0":"post-8797","1":"product","2":"type-product","3":"status-publish","6":"product_brand-tateti","7":"product_cat-brinquedos-jogos-e-brinquedos","9":"first","10":"instock","11":"shipping-taxable","12":"purchasable","13":"product-type-simple"},"_links":{"self":[{"href":"https:\/\/educaredigital.online\/loja\/wp-json\/wp\/v2\/product\/8797","targetHints":{"allow":["GET"]}}],"collection":[{"href":"https:\/\/educaredigital.online\/loja\/wp-json\/wp\/v2\/product"}],"about":[{"href":"https:\/\/educaredigital.online\/loja\/wp-json\/wp\/v2\/types\/product"}],"replies":[{"embeddable":true,"href":"https:\/\/educaredigital.online\/loja\/wp-json\/wp\/v2\/comments?post=8797"}],"wp:featuredmedia":[{"embeddable":true,"href":"https:\/\/educaredigital.online\/loja\/wp-json\/wp\/v2\/media\/8796"}],"wp:attachment":[{"href":"https:\/\/educaredigital.online\/loja\/wp-json\/wp\/v2\/media?parent=8797"}],"wp:term":[{"taxonomy":"product_brand","embeddable":true,"href":"https:\/\/educaredigital.online\/loja\/wp-json\/wp\/v2\/product_brand?post=8797"},{"taxonomy":"product_cat","embeddable":true,"href":"https:\/\/educaredigital.online\/loja\/wp-json\/wp\/v2\/product_cat?post=8797"},{"taxonomy":"product_tag","embeddable":true,"href":"https:\/\/educaredigital.online\/loja\/wp-json\/wp\/v2\/product_tag?post=8797"}],"curies":[{"name":"wp","href":"https:\/\/api.w.org\/{rel}","templated":true}]}}