{"id":8792,"date":"2026-04-20T19:08:20","date_gmt":"2026-04-20T19:08:20","guid":{"rendered":"https:\/\/educaredigital.online\/loja\/produto\/soft-block\/"},"modified":"2026-04-24T19:57:11","modified_gmt":"2026-04-24T19:57:11","slug":"soft-block","status":"publish","type":"product","link":"https:\/\/educaredigital.online\/loja\/produto\/soft-block\/","title":{"rendered":"Soft Block"},"content":{"rendered":"<p class=\"ds-markdown-paragraph\"><strong>Soft Block da Tateti<\/strong> \u00e9 um brinquedo de encaixe com pe\u00e7as flex\u00edveis e lav\u00e1veis . Com formato que lembra uma casinha, o produto acompanha uma base did\u00e1tica, um gabarito de encaixes, 4 blocos encaix\u00e1veis e 4 pe\u00e7as did\u00e1ticas coloridas . Seu grande diferencial \u00e9 o material de toque macio e emborrachado de algumas pe\u00e7as, al\u00e9m de uma das pe\u00e7as superiores possuir movimento de giro de 30 graus . O brinquedo tamb\u00e9m conta com um compartimento &#8220;esconderijo&#8221; para guardar as pecinhas ap\u00f3s a brincadeira, estimulando a organiza\u00e7\u00e3o .<\/p>\n<p class=\"ds-markdown-paragraph\">Este brinquedo desenvolve habilidades essenciais como\u00a0<strong>aten\u00e7\u00e3o e concentra\u00e7\u00e3o<\/strong>,\u00a0<strong>coordena\u00e7\u00e3o entre olhos e m\u00e3os<\/strong>,\u00a0<strong>coordena\u00e7\u00e3o motora fina<\/strong>\u00a0(m\u00e3os e dedos),\u00a0<strong>curiosidade e descoberta<\/strong>, al\u00e9m da\u00a0<strong>resolu\u00e7\u00e3o de problemas<\/strong> . Ao explorar o encaixe das formas coloridas e a textura macia das pe\u00e7as, a crian\u00e7a exercita o aprendizado de cores, formas e tamanhos de forma l\u00fadica e segura.<\/p>\n<div class=\"details-table-wrapper\">\n<table class=\"product-details-table\">\n<tbody>\n<tr>\n<td>Marca<\/td>\n<td>Tateti<\/td>\n<\/tr>\n<tr>\n<td>Material<\/td>\n<td>\u00a0Pl\u00e1stico<\/td>\n<\/tr>\n<tr>\n<td>Faixa Et\u00e1ria<\/td>\n<td>A partir de 1 Ano<\/td>\n<\/tr>\n<\/tbody>\n<\/table>\n<\/div>\n","protected":false},"excerpt":{"rendered":"<p>Soft Block da Tateti \u00e9 um brinquedo de encaixe com pe\u00e7as flex\u00edveis e lav\u00e1veis . Com formato que lembra uma casinha, o produto acompanha uma base did\u00e1tica, um gabarito de encaixes, 4 blocos encaix\u00e1veis e 4 pe\u00e7as did\u00e1ticas coloridas .<\/p>\n","protected":false},"featured_media":8790,"comment_status":"open","ping_status":"closed","template":"","meta":[],"product_brand":[231],"product_cat":[213],"product_tag":[],"class_list":{"0":"post-8792","1":"product","2":"type-product","3":"status-publish","6":"product_brand-tateti","7":"product_cat-brinquedos-jogos-e-brinquedos","9":"first","10":"instock","11":"shipping-taxable","12":"purchasable","13":"product-type-simple"},"_links":{"self":[{"href":"https:\/\/educaredigital.online\/loja\/wp-json\/wp\/v2\/product\/8792","targetHints":{"allow":["GET"]}}],"collection":[{"href":"https:\/\/educaredigital.online\/loja\/wp-json\/wp\/v2\/product"}],"about":[{"href":"https:\/\/educaredigital.online\/loja\/wp-json\/wp\/v2\/types\/product"}],"replies":[{"embeddable":true,"href":"https:\/\/educaredigital.online\/loja\/wp-json\/wp\/v2\/comments?post=8792"}],"wp:featuredmedia":[{"embeddable":true,"href":"https:\/\/educaredigital.online\/loja\/wp-json\/wp\/v2\/media\/8790"}],"wp:attachment":[{"href":"https:\/\/educaredigital.online\/loja\/wp-json\/wp\/v2\/media?parent=8792"}],"wp:term":[{"taxonomy":"product_brand","embeddable":true,"href":"https:\/\/educaredigital.online\/loja\/wp-json\/wp\/v2\/product_brand?post=8792"},{"taxonomy":"product_cat","embeddable":true,"href":"https:\/\/educaredigital.online\/loja\/wp-json\/wp\/v2\/product_cat?post=8792"},{"taxonomy":"product_tag","embeddable":true,"href":"https:\/\/educaredigital.online\/loja\/wp-json\/wp\/v2\/product_tag?post=8792"}],"curies":[{"name":"wp","href":"https:\/\/api.w.org\/{rel}","templated":true}]}}