{"id":8789,"date":"2026-04-20T19:08:19","date_gmt":"2026-04-20T19:08:19","guid":{"rendered":"https:\/\/educaredigital.online\/loja\/produto\/balde-com-pas\/"},"modified":"2026-04-24T19:57:21","modified_gmt":"2026-04-24T19:57:21","slug":"balde-com-pas","status":"publish","type":"product","link":"https:\/\/educaredigital.online\/loja\/produto\/balde-com-pas\/","title":{"rendered":"Balde com P\u00e1s"},"content":{"rendered":"<div class=\"ds-message _63c77b1\">\n<div class=\"ds-markdown\">\n<p class=\"ds-markdown-paragraph\"><strong>Balde com P\u00e1s<\/strong>\u00a0\u00e9 um kit cl\u00e1ssico de praia e areia . O conjunto \u00e9 composto por <strong>6 pe\u00e7as<\/strong>: 1 balde, 1 p\u00e1, 1 rastelo e 3 moldes para criar formas divertidas na areia . As cores s\u00e3o sortidas (podendo variar entre verde, rosa, roxo e outras), enviadas conforme a disponibilidade do estoque . Fabricado em pl\u00e1stico resistente.<\/p>\n<p class=\"ds-markdown-paragraph\">Este brinquedo desenvolve diversas habilidades essenciais, como\u00a0<strong>coordena\u00e7\u00e3o motora fina e grossa<\/strong>\u00a0(ao manusear a p\u00e1, o rastelo e moldar a areia),\u00a0<strong>compreens\u00e3o de causa e efeito<\/strong>,\u00a0<strong>coordena\u00e7\u00e3o entre olhos e m\u00e3os<\/strong>, al\u00e9m da\u00a0<strong>imagina\u00e7\u00e3o e criatividade<\/strong>\u00a0. Ao criar esculturas e inventar historinhas, a crian\u00e7a exercita a\u00a0<strong>curiosidade<\/strong>, a\u00a0<strong>descoberta<\/strong>\u00a0e as\u00a0<strong>habilidades sensoriais<\/strong> de forma l\u00fadica, aproveitando momentos inesquec\u00edveis de divers\u00e3o ao ar livre\u00a0.<\/p>\n<div class=\"details-table-wrapper\">\n<table class=\"product-details-table\">\n<tbody>\n<tr>\n<td>Marca<\/td>\n<td>Tateti<\/td>\n<\/tr>\n<tr>\n<td>Material<\/td>\n<td>\u00a0Pl\u00e1stico<\/td>\n<\/tr>\n<tr>\n<td>Faixa Et\u00e1ria<\/td>\n<td>A partir de 1 Ano<\/td>\n<\/tr>\n<\/tbody>\n<\/table>\n<\/div>\n<\/div>\n<\/div>\n","protected":false},"excerpt":{"rendered":"<p>Balde com P\u00e1s\u00a0\u00e9 um kit cl\u00e1ssico de praia e areia . O conjunto \u00e9 composto por 6 pe\u00e7as: 1 balde, 1 p\u00e1, 1 rastelo e 3 moldes para criar formas divertidas na areia . As cores s\u00e3o sortidas (podendo variar<\/p>\n","protected":false},"featured_media":8788,"comment_status":"open","ping_status":"closed","template":"","meta":[],"product_brand":[231],"product_cat":[213],"product_tag":[],"class_list":{"0":"post-8789","1":"product","2":"type-product","3":"status-publish","6":"product_brand-tateti","7":"product_cat-brinquedos-jogos-e-brinquedos","9":"first","10":"instock","11":"shipping-taxable","12":"purchasable","13":"product-type-simple"},"_links":{"self":[{"href":"https:\/\/educaredigital.online\/loja\/wp-json\/wp\/v2\/product\/8789","targetHints":{"allow":["GET"]}}],"collection":[{"href":"https:\/\/educaredigital.online\/loja\/wp-json\/wp\/v2\/product"}],"about":[{"href":"https:\/\/educaredigital.online\/loja\/wp-json\/wp\/v2\/types\/product"}],"replies":[{"embeddable":true,"href":"https:\/\/educaredigital.online\/loja\/wp-json\/wp\/v2\/comments?post=8789"}],"wp:featuredmedia":[{"embeddable":true,"href":"https:\/\/educaredigital.online\/loja\/wp-json\/wp\/v2\/media\/8788"}],"wp:attachment":[{"href":"https:\/\/educaredigital.online\/loja\/wp-json\/wp\/v2\/media?parent=8789"}],"wp:term":[{"taxonomy":"product_brand","embeddable":true,"href":"https:\/\/educaredigital.online\/loja\/wp-json\/wp\/v2\/product_brand?post=8789"},{"taxonomy":"product_cat","embeddable":true,"href":"https:\/\/educaredigital.online\/loja\/wp-json\/wp\/v2\/product_cat?post=8789"},{"taxonomy":"product_tag","embeddable":true,"href":"https:\/\/educaredigital.online\/loja\/wp-json\/wp\/v2\/product_tag?post=8789"}],"curies":[{"name":"wp","href":"https:\/\/api.w.org\/{rel}","templated":true}]}}