{"id":8787,"date":"2026-04-20T19:08:16","date_gmt":"2026-04-20T19:08:16","guid":{"rendered":"https:\/\/educaredigital.online\/loja\/produto\/kit-de-limpeza-simples\/"},"modified":"2026-04-24T19:57:29","modified_gmt":"2026-04-24T19:57:29","slug":"kit-de-limpeza-simples","status":"publish","type":"product","link":"https:\/\/educaredigital.online\/loja\/produto\/kit-de-limpeza-simples\/","title":{"rendered":"Kit de Limpeza Simples"},"content":{"rendered":"<p class=\"ds-markdown-paragraph\"><strong>Kit de Limpeza Simples<\/strong>\u00a0\u00e9 um brinquedo de faz de conta que permite \u00e0s crian\u00e7as imitarem as tarefas dom\u00e9sticas dos adultos, recomendado para crian\u00e7as a partir de\u00a0<strong>3 anos<\/strong>\u00a0. O conjunto \u00e9 composto por\u00a0<strong>3 pe\u00e7as<\/strong>: 1 vassoura, 1 rodo e 1 p\u00e1, todos em tamanhos adequados para as m\u00e3os pequenas . O produto possui aproximadamente 60 cm de altura (vassoura) e 52 cm (rodo) . As cores s\u00e3o sortidas (podendo variar entre rosa, roxo e outras), enviadas aleatoriamente conforme a disponibilidade do estoque .<\/p>\n<p class=\"ds-markdown-paragraph\">Este brinquedo desenvolve habilidades essenciais como\u00a0<strong>aprendizado pela imita\u00e7\u00e3o<\/strong>\u00a0(ao reproduzir comportamentos dos pais),\u00a0<strong>imagina\u00e7\u00e3o e criatividade<\/strong>,\u00a0<strong>adapta\u00e7\u00e3o social e intera\u00e7\u00e3o<\/strong>, al\u00e9m da\u00a0<strong>integra\u00e7\u00e3o visoespacial<\/strong>\u00a0e\u00a0<strong>coordena\u00e7\u00e3o motora<\/strong>\u00a0. Ao brincar de limpar a casa, a crian\u00e7a exercita a\u00a0<strong>express\u00e3o e comunica\u00e7\u00e3o<\/strong>\u00a0e come\u00e7a a compreender no\u00e7\u00f5es de\u00a0<strong>responsabilidade e organiza\u00e7\u00e3o<\/strong>\u00a0de forma l\u00fadica e prazerosa\u00a0. \u00c9 importante ressaltar que as pe\u00e7as s\u00e3o brinquedos que imitam utens\u00edlios reais e n\u00e3o possuem funcionalidades mec\u00e2nicas, garantindo a seguran\u00e7a necess\u00e1ria para os pequenos\u00a0.<\/p>\n<div class=\"details-table-wrapper\">\n<table class=\"product-details-table\">\n<tbody>\n<tr>\n<td>Marca<\/td>\n<td>Tateti<\/td>\n<\/tr>\n<tr>\n<td>Material<\/td>\n<td>\u00a0Pl\u00e1stico<\/td>\n<\/tr>\n<tr>\n<td>Faixa Et\u00e1ria<\/td>\n<td>A partir de 3 Anos<\/td>\n<\/tr>\n<\/tbody>\n<\/table>\n<\/div>\n","protected":false},"excerpt":{"rendered":"<p>Kit de Limpeza Simples\u00a0\u00e9 um brinquedo de faz de conta que permite \u00e0s crian\u00e7as imitarem as tarefas dom\u00e9sticas dos adultos, recomendado para crian\u00e7as a partir de\u00a03 anos\u00a0. O conjunto \u00e9 composto por\u00a03 pe\u00e7as: 1 vassoura, 1 rodo e 1 p\u00e1,<\/p>\n","protected":false},"featured_media":8786,"comment_status":"open","ping_status":"closed","template":"","meta":[],"product_brand":[231],"product_cat":[213],"product_tag":[],"class_list":{"0":"post-8787","1":"product","2":"type-product","3":"status-publish","6":"product_brand-tateti","7":"product_cat-brinquedos-jogos-e-brinquedos","9":"first","10":"instock","11":"shipping-taxable","12":"purchasable","13":"product-type-simple"},"_links":{"self":[{"href":"https:\/\/educaredigital.online\/loja\/wp-json\/wp\/v2\/product\/8787","targetHints":{"allow":["GET"]}}],"collection":[{"href":"https:\/\/educaredigital.online\/loja\/wp-json\/wp\/v2\/product"}],"about":[{"href":"https:\/\/educaredigital.online\/loja\/wp-json\/wp\/v2\/types\/product"}],"replies":[{"embeddable":true,"href":"https:\/\/educaredigital.online\/loja\/wp-json\/wp\/v2\/comments?post=8787"}],"wp:featuredmedia":[{"embeddable":true,"href":"https:\/\/educaredigital.online\/loja\/wp-json\/wp\/v2\/media\/8786"}],"wp:attachment":[{"href":"https:\/\/educaredigital.online\/loja\/wp-json\/wp\/v2\/media?parent=8787"}],"wp:term":[{"taxonomy":"product_brand","embeddable":true,"href":"https:\/\/educaredigital.online\/loja\/wp-json\/wp\/v2\/product_brand?post=8787"},{"taxonomy":"product_cat","embeddable":true,"href":"https:\/\/educaredigital.online\/loja\/wp-json\/wp\/v2\/product_cat?post=8787"},{"taxonomy":"product_tag","embeddable":true,"href":"https:\/\/educaredigital.online\/loja\/wp-json\/wp\/v2\/product_tag?post=8787"}],"curies":[{"name":"wp","href":"https:\/\/api.w.org\/{rel}","templated":true}]}}