{"id":8783,"date":"2026-04-20T19:08:14","date_gmt":"2026-04-20T19:08:14","guid":{"rendered":"https:\/\/educaredigital.online\/loja\/produto\/monta-palhaco\/"},"modified":"2026-04-24T19:57:46","modified_gmt":"2026-04-24T19:57:46","slug":"monta-palhaco","status":"publish","type":"product","link":"https:\/\/educaredigital.online\/loja\/produto\/monta-palhaco\/","title":{"rendered":"Monta Palha\u00e7o"},"content":{"rendered":"<p class=\"ds-markdown-paragraph\"><strong>Monta Palha\u00e7o da Tateti<\/strong> \u00e9 um quebra-cabe\u00e7a educativo onde a figura de um palha\u00e7o \u00e9 formada por pe\u00e7as desmont\u00e1vei\u00a0. O conjunto cont\u00e9m\u00a0<strong>1 base e 12 pe\u00e7as<\/strong> coloridas que se encaixam para formar a figura completa do palhacinho, permitindo que a crian\u00e7a monte e desmonte quantas vezes quiser , \u00e9 fabricado em pl\u00e1stico resistente, com dimens\u00f5es aproximadas de 5 x 19,5 x 29 cm .<\/p>\n<p class=\"ds-markdown-paragraph\">Este brinquedo desenvolve habilidades essenciais como\u00a0<strong>aten\u00e7\u00e3o e concentra\u00e7\u00e3o, coordena\u00e7\u00e3o entre olhos e m\u00e3os, coordena\u00e7\u00e3o motora fina (m\u00e3os e dedos), curiosidade e descoberta, imagina\u00e7\u00e3o e criatividade, al\u00e9m da resolu\u00e7\u00e3o de problemas<\/strong>\u00a0. Ao explorar o encaixe das pe\u00e7as para formar a figura do palha\u00e7o, a crian\u00e7a exercita o racioc\u00ednio l\u00f3gico e a percep\u00e7\u00e3o visual de forma l\u00fadica e interativa, sendo uma excelente ferramenta para o aprendizado na primeira inf\u00e2ncia.<\/p>\n<div class=\"details-table-wrapper\">\n<table class=\"product-details-table\">\n<tbody>\n<tr>\n<td>Marca<\/td>\n<td>Tateti<\/td>\n<\/tr>\n<tr>\n<td>Material<\/td>\n<td>\u00a0Pl\u00e1stico<\/td>\n<\/tr>\n<tr>\n<td>Faixa Et\u00e1ria<\/td>\n<td>A partir de 2 Anos<\/td>\n<\/tr>\n<\/tbody>\n<\/table>\n<\/div>\n","protected":false},"excerpt":{"rendered":"<p>Monta Palha\u00e7o da Tateti \u00e9 um quebra-cabe\u00e7a educativo onde a figura de um palha\u00e7o \u00e9 formada por pe\u00e7as desmont\u00e1vei\u00a0. O conjunto cont\u00e9m\u00a01 base e 12 pe\u00e7as coloridas que se encaixam para formar a figura completa do palhacinho, permitindo que a<\/p>\n","protected":false},"featured_media":8782,"comment_status":"open","ping_status":"closed","template":"","meta":[],"product_brand":[231],"product_cat":[213],"product_tag":[],"class_list":{"0":"post-8783","1":"product","2":"type-product","3":"status-publish","6":"product_brand-tateti","7":"product_cat-brinquedos-jogos-e-brinquedos","9":"first","10":"instock","11":"shipping-taxable","12":"purchasable","13":"product-type-simple"},"_links":{"self":[{"href":"https:\/\/educaredigital.online\/loja\/wp-json\/wp\/v2\/product\/8783","targetHints":{"allow":["GET"]}}],"collection":[{"href":"https:\/\/educaredigital.online\/loja\/wp-json\/wp\/v2\/product"}],"about":[{"href":"https:\/\/educaredigital.online\/loja\/wp-json\/wp\/v2\/types\/product"}],"replies":[{"embeddable":true,"href":"https:\/\/educaredigital.online\/loja\/wp-json\/wp\/v2\/comments?post=8783"}],"wp:featuredmedia":[{"embeddable":true,"href":"https:\/\/educaredigital.online\/loja\/wp-json\/wp\/v2\/media\/8782"}],"wp:attachment":[{"href":"https:\/\/educaredigital.online\/loja\/wp-json\/wp\/v2\/media?parent=8783"}],"wp:term":[{"taxonomy":"product_brand","embeddable":true,"href":"https:\/\/educaredigital.online\/loja\/wp-json\/wp\/v2\/product_brand?post=8783"},{"taxonomy":"product_cat","embeddable":true,"href":"https:\/\/educaredigital.online\/loja\/wp-json\/wp\/v2\/product_cat?post=8783"},{"taxonomy":"product_tag","embeddable":true,"href":"https:\/\/educaredigital.online\/loja\/wp-json\/wp\/v2\/product_tag?post=8783"}],"curies":[{"name":"wp","href":"https:\/\/api.w.org\/{rel}","templated":true}]}}