{"id":8781,"date":"2026-04-20T19:08:09","date_gmt":"2026-04-20T19:08:09","guid":{"rendered":"https:\/\/educaredigital.online\/loja\/produto\/puzzle-didatico\/"},"modified":"2026-04-24T19:57:59","modified_gmt":"2026-04-24T19:57:59","slug":"puzzle-didatico","status":"publish","type":"product","link":"https:\/\/educaredigital.online\/loja\/produto\/puzzle-didatico\/","title":{"rendered":"Puzzle Didatico"},"content":{"rendered":"<p class=\"ds-markdown-paragraph\"><strong>Puzzle Did\u00e1tico<\/strong>\u00a0\u00e9 uma linha de quebra-cabe\u00e7as educativos projetada para diferentes faixas et\u00e1rias, com modelos que v\u00e3o desde os primeiros desafios a partir de\u00a0<strong>12 meses<\/strong>\u00a0at\u00e9 op\u00e7\u00f5es mais complexas para crian\u00e7as de\u00a0<strong>3 anos<\/strong> .<\/p>\n<p class=\"ds-markdown-paragraph\">Estes brinquedos desenvolvem habilidades como\u00a0<strong>coordena\u00e7\u00e3o motora fina<\/strong>\u00a0(ao manusear e encaixar as pe\u00e7as),\u00a0<strong>racioc\u00ednio l\u00f3gico<\/strong>,\u00a0<strong>percep\u00e7\u00e3o de formas e cores<\/strong>,\u00a0<strong>aten\u00e7\u00e3o e concentra\u00e7\u00e3o<\/strong>, al\u00e9m da\u00a0<strong>resolu\u00e7\u00e3o de problemas<\/strong>\u00a0e\u00a0<strong>curiosidade<\/strong> .<\/p>\n<div class=\"details-table-wrapper\">\n<table class=\"product-details-table\">\n<tbody>\n<tr>\n<td>Marca<\/td>\n<td>Tateti<\/td>\n<\/tr>\n<tr>\n<td>Material<\/td>\n<td>\u00a0Pl\u00e1stico<\/td>\n<\/tr>\n<tr>\n<td>Faixa Et\u00e1ria<\/td>\n<td>A partir de 1 Ano<\/td>\n<\/tr>\n<\/tbody>\n<\/table>\n<\/div>\n","protected":false},"excerpt":{"rendered":"<p>Puzzle Did\u00e1tico\u00a0\u00e9 uma linha de quebra-cabe\u00e7as educativos projetada para diferentes faixas et\u00e1rias, com modelos que v\u00e3o desde os primeiros desafios a partir de\u00a012 meses\u00a0at\u00e9 op\u00e7\u00f5es mais complexas para crian\u00e7as de\u00a03 anos . Estes brinquedos desenvolvem habilidades como\u00a0coordena\u00e7\u00e3o motora fina\u00a0(ao manusear<\/p>\n","protected":false},"featured_media":8780,"comment_status":"open","ping_status":"closed","template":"","meta":[],"product_brand":[231],"product_cat":[213],"product_tag":[],"class_list":{"0":"post-8781","1":"product","2":"type-product","3":"status-publish","6":"product_brand-tateti","7":"product_cat-brinquedos-jogos-e-brinquedos","9":"first","10":"instock","11":"shipping-taxable","12":"purchasable","13":"product-type-simple"},"_links":{"self":[{"href":"https:\/\/educaredigital.online\/loja\/wp-json\/wp\/v2\/product\/8781","targetHints":{"allow":["GET"]}}],"collection":[{"href":"https:\/\/educaredigital.online\/loja\/wp-json\/wp\/v2\/product"}],"about":[{"href":"https:\/\/educaredigital.online\/loja\/wp-json\/wp\/v2\/types\/product"}],"replies":[{"embeddable":true,"href":"https:\/\/educaredigital.online\/loja\/wp-json\/wp\/v2\/comments?post=8781"}],"wp:featuredmedia":[{"embeddable":true,"href":"https:\/\/educaredigital.online\/loja\/wp-json\/wp\/v2\/media\/8780"}],"wp:attachment":[{"href":"https:\/\/educaredigital.online\/loja\/wp-json\/wp\/v2\/media?parent=8781"}],"wp:term":[{"taxonomy":"product_brand","embeddable":true,"href":"https:\/\/educaredigital.online\/loja\/wp-json\/wp\/v2\/product_brand?post=8781"},{"taxonomy":"product_cat","embeddable":true,"href":"https:\/\/educaredigital.online\/loja\/wp-json\/wp\/v2\/product_cat?post=8781"},{"taxonomy":"product_tag","embeddable":true,"href":"https:\/\/educaredigital.online\/loja\/wp-json\/wp\/v2\/product_tag?post=8781"}],"curies":[{"name":"wp","href":"https:\/\/api.w.org\/{rel}","templated":true}]}}