{"id":8779,"date":"2026-04-20T19:08:07","date_gmt":"2026-04-20T19:08:07","guid":{"rendered":"https:\/\/educaredigital.online\/loja\/produto\/duo-baby-puzzle\/"},"modified":"2026-04-24T19:58:09","modified_gmt":"2026-04-24T19:58:09","slug":"duo-baby-puzzle","status":"publish","type":"product","link":"https:\/\/educaredigital.online\/loja\/produto\/duo-baby-puzzle\/","title":{"rendered":"Duo Baby Puzzle"},"content":{"rendered":"<p class=\"ds-markdown-paragraph\"><strong>Duo Baby Puzzle <\/strong>\u00e9 um quebra-cabe\u00e7a educativo 3D projetado para crian\u00e7as, que combina duas formas de brincadeira em um \u00fanico produto . Composto por <strong>10 pe\u00e7as<\/strong>\u00a0coloridas e de tamanho grande, o brinquedo desafia o pequeno primeiro a montar a base como um quebra-cabe\u00e7a tradicional, com pe\u00e7as enormes que se encaixam formando um cen\u00e1rio divertido\u00a0. Ap\u00f3s a base pronta, a brincadeira evolui para o encaixe de quatro pe\u00e7as did\u00e1ticas em alto relevo (formato de bonequinhos ou animais), que devem ser combinadas com as formas geom\u00e9tricas (tri\u00e2ngulo, estrela, c\u00edrculo e quadrado) presentes na base\u00a0. Um grande diferencial \u00e9 que todas as pe\u00e7as s\u00e3o empilh\u00e1veis, permitindo que a crian\u00e7a brinque de montar, desmontar, empilhar e desempilhar de diferentes maneiras\u00a0.<\/p>\n<p class=\"ds-markdown-paragraph\">Este brinquedo \u00e9 uma excelente ferramenta para o desenvolvimento infantil, trabalhando habilidades como\u00a0<strong>aten\u00e7\u00e3o e concentra\u00e7\u00e3o, coordena\u00e7\u00e3o motora fina (m\u00e3os e dedos), integra\u00e7\u00e3o visoespacial, resolu\u00e7\u00e3o de problemas, al\u00e9m de estimular a curiosidade e a descoberta<\/strong>\u00a0. Ao manusear as pe\u00e7as grandes e explorar as formas geom\u00e9tricas e figuras de animais, a crian\u00e7a desenvolve no\u00e7\u00f5es de cores, formas e tamanhos de forma l\u00fadica e interativa, promovendo o desenvolvimento cognitivo e motor de maneira gradual e divertida\u00a0.<\/p>\n<div class=\"details-table-wrapper\">\n<table class=\"product-details-table\">\n<tbody>\n<tr>\n<td>Marca<\/td>\n<td>Tateti<\/td>\n<\/tr>\n<tr>\n<td>Material<\/td>\n<td>\u00a0Pl\u00e1stico<\/td>\n<\/tr>\n<tr>\n<td>Faixa Et\u00e1ria<\/td>\n<td>A partir de 1 Ano<\/td>\n<\/tr>\n<\/tbody>\n<\/table>\n<\/div>\n","protected":false},"excerpt":{"rendered":"<p>Duo Baby Puzzle \u00e9 um quebra-cabe\u00e7a educativo 3D projetado para crian\u00e7as, que combina duas formas de brincadeira em um \u00fanico produto . Composto por 10 pe\u00e7as\u00a0coloridas e de tamanho grande, o brinquedo desafia o pequeno primeiro a montar a base<\/p>\n","protected":false},"featured_media":8778,"comment_status":"open","ping_status":"closed","template":"","meta":[],"product_brand":[231],"product_cat":[213],"product_tag":[],"class_list":{"0":"post-8779","1":"product","2":"type-product","3":"status-publish","6":"product_brand-tateti","7":"product_cat-brinquedos-jogos-e-brinquedos","9":"first","10":"instock","11":"shipping-taxable","12":"purchasable","13":"product-type-simple"},"_links":{"self":[{"href":"https:\/\/educaredigital.online\/loja\/wp-json\/wp\/v2\/product\/8779","targetHints":{"allow":["GET"]}}],"collection":[{"href":"https:\/\/educaredigital.online\/loja\/wp-json\/wp\/v2\/product"}],"about":[{"href":"https:\/\/educaredigital.online\/loja\/wp-json\/wp\/v2\/types\/product"}],"replies":[{"embeddable":true,"href":"https:\/\/educaredigital.online\/loja\/wp-json\/wp\/v2\/comments?post=8779"}],"wp:featuredmedia":[{"embeddable":true,"href":"https:\/\/educaredigital.online\/loja\/wp-json\/wp\/v2\/media\/8778"}],"wp:attachment":[{"href":"https:\/\/educaredigital.online\/loja\/wp-json\/wp\/v2\/media?parent=8779"}],"wp:term":[{"taxonomy":"product_brand","embeddable":true,"href":"https:\/\/educaredigital.online\/loja\/wp-json\/wp\/v2\/product_brand?post=8779"},{"taxonomy":"product_cat","embeddable":true,"href":"https:\/\/educaredigital.online\/loja\/wp-json\/wp\/v2\/product_cat?post=8779"},{"taxonomy":"product_tag","embeddable":true,"href":"https:\/\/educaredigital.online\/loja\/wp-json\/wp\/v2\/product_tag?post=8779"}],"curies":[{"name":"wp","href":"https:\/\/api.w.org\/{rel}","templated":true}]}}