{"id":8775,"date":"2026-04-20T19:08:04","date_gmt":"2026-04-20T19:08:04","guid":{"rendered":"https:\/\/educaredigital.online\/loja\/produto\/logic-fun\/"},"modified":"2026-04-24T19:58:25","modified_gmt":"2026-04-24T19:58:25","slug":"logic-fun","status":"publish","type":"product","link":"https:\/\/educaredigital.online\/loja\/produto\/logic-fun\/","title":{"rendered":"Logic Fun"},"content":{"rendered":"<p>Logic Fun da Tateti \u00e9 um brinquedo educativo desafiador que trabalha racioc\u00ednio l\u00f3gico e estrat\u00e9gia . O objetivo \u00e9 simples: a crian\u00e7a deve observar uma cartinha e movimentar os 12 discos coloridos na base para replicar exatamente a combina\u00e7\u00e3o indicada . O diferencial est\u00e1 na necessidade de planejar os movimentos, deslocando os discos com estrat\u00e9gia para conseguir posicionar cada pe\u00e7a no local correto, transformando a brincadeira em um exerc\u00edcio mental completo .<\/p>\n<p>Este brinquedo desenvolve habilidades essenciais como aten\u00e7\u00e3o e concentra\u00e7\u00e3o, planejamento e estrat\u00e9gia, resolu\u00e7\u00e3o de problemas, coordena\u00e7\u00e3o motora fina, percep\u00e7\u00e3o espacial e compreens\u00e3o de causa e efeito . Ao desafiar a crian\u00e7a a encontrar a melhor forma de mover os discos para alcan\u00e7ar a combina\u00e7\u00e3o correta, o Logic Fun estimula o pensamento cr\u00edtico e a capacidade de antecipar consequ\u00eancias de forma interativa e l\u00fadica, sendo uma excelente ferramenta para o desenvolvimento cognitivo na primeira inf\u00e2ncia .<\/p>\n<div class=\"details-table-wrapper\">\n<table class=\"product-details-table\">\n<tbody>\n<tr>\n<td>Marca<\/td>\n<td>Tateti<\/td>\n<\/tr>\n<tr>\n<td>Material<\/td>\n<td>\u00a0Pl\u00e1stico<\/td>\n<\/tr>\n<tr>\n<td>Faixa Et\u00e1ria<\/td>\n<td>A partir de 3 Anos<\/td>\n<\/tr>\n<\/tbody>\n<\/table>\n<\/div>\n","protected":false},"excerpt":{"rendered":"<p>Logic Fun da Tateti \u00e9 um brinquedo educativo desafiador que trabalha racioc\u00ednio l\u00f3gico e estrat\u00e9gia . O objetivo \u00e9 simples: a crian\u00e7a deve observar uma cartinha e movimentar os 12 discos coloridos na base para replicar exatamente a combina\u00e7\u00e3o indicada<\/p>\n","protected":false},"featured_media":8774,"comment_status":"open","ping_status":"closed","template":"","meta":[],"product_brand":[231],"product_cat":[213],"product_tag":[],"class_list":{"0":"post-8775","1":"product","2":"type-product","3":"status-publish","6":"product_brand-tateti","7":"product_cat-brinquedos-jogos-e-brinquedos","9":"first","10":"instock","11":"shipping-taxable","12":"purchasable","13":"product-type-simple"},"_links":{"self":[{"href":"https:\/\/educaredigital.online\/loja\/wp-json\/wp\/v2\/product\/8775","targetHints":{"allow":["GET"]}}],"collection":[{"href":"https:\/\/educaredigital.online\/loja\/wp-json\/wp\/v2\/product"}],"about":[{"href":"https:\/\/educaredigital.online\/loja\/wp-json\/wp\/v2\/types\/product"}],"replies":[{"embeddable":true,"href":"https:\/\/educaredigital.online\/loja\/wp-json\/wp\/v2\/comments?post=8775"}],"wp:featuredmedia":[{"embeddable":true,"href":"https:\/\/educaredigital.online\/loja\/wp-json\/wp\/v2\/media\/8774"}],"wp:attachment":[{"href":"https:\/\/educaredigital.online\/loja\/wp-json\/wp\/v2\/media?parent=8775"}],"wp:term":[{"taxonomy":"product_brand","embeddable":true,"href":"https:\/\/educaredigital.online\/loja\/wp-json\/wp\/v2\/product_brand?post=8775"},{"taxonomy":"product_cat","embeddable":true,"href":"https:\/\/educaredigital.online\/loja\/wp-json\/wp\/v2\/product_cat?post=8775"},{"taxonomy":"product_tag","embeddable":true,"href":"https:\/\/educaredigital.online\/loja\/wp-json\/wp\/v2\/product_tag?post=8775"}],"curies":[{"name":"wp","href":"https:\/\/api.w.org\/{rel}","templated":true}]}}