{"id":8773,"date":"2026-04-20T19:08:03","date_gmt":"2026-04-20T19:08:03","guid":{"rendered":"https:\/\/educaredigital.online\/loja\/produto\/vai-volta-formas\/"},"modified":"2026-04-24T19:58:33","modified_gmt":"2026-04-24T19:58:33","slug":"vai-volta-formas","status":"publish","type":"product","link":"https:\/\/educaredigital.online\/loja\/produto\/vai-volta-formas\/","title":{"rendered":"Vai Volta Formas"},"content":{"rendered":"<p class=\"ds-markdown-paragraph\"><strong>Vai Volta Formas <\/strong>\u00e9 um brinquedo educativo de movimento cont\u00ednuo. O produto \u00e9 composto por <strong>1 haste e 3 pe\u00e7as fixas<\/strong>\u00a0que nunca saem do lugar, mas vivem se movimentando\u00a0. A brincadeira \u00e9 simples e cativante: basta segurar a haste e virar o brinquedo de cabe\u00e7a para baixo; as pe\u00e7as come\u00e7am a girar, descendo e subindo em um movimento hipnotizante de vai e volta\u00a0. As pe\u00e7as possuem desenhos especiais como\u00a0<strong>cora\u00e7\u00e3o, espiral, estrela e sol<\/strong>, que a crian\u00e7a pode tentar encontrar enquanto observa o movimento .<\/p>\n<p class=\"ds-markdown-paragraph\">Este brinquedo desenvolve habilidades essenciais como\u00a0<strong>coordena\u00e7\u00e3o motora fina<\/strong>\u00a0(ao segurar e manipular a haste),\u00a0<strong>compreens\u00e3o de causa e efeito<\/strong>\u00a0(ao associar o movimento de virar ao giro das pe\u00e7as),\u00a0<strong>aten\u00e7\u00e3o e concentra\u00e7\u00e3o<\/strong>\u00a0(ao observar o movimento e procurar os desenhos), al\u00e9m da\u00a0<strong>percep\u00e7\u00e3o visual<\/strong>\u00a0e\u00a0<strong>curiosidade<\/strong>\u00a0. Com formato compacto e port\u00e1til, o Vai Volta Formas pode ser levado para qualquer lugar, mantendo a crian\u00e7a entretida enquanto estimula o desenvolvimento cognitivo de forma l\u00fadica e interativa\u00a0.<\/p>\n<div class=\"details-table-wrapper\">\n<table class=\"product-details-table\">\n<tbody>\n<tr>\n<td>Marca<\/td>\n<td>Tateti<\/td>\n<\/tr>\n<tr>\n<td>Material<\/td>\n<td>\u00a0Pl\u00e1stico<\/td>\n<\/tr>\n<tr>\n<td>Faixa Et\u00e1ria<\/td>\n<td>A partir de 1 Ano<\/td>\n<\/tr>\n<\/tbody>\n<\/table>\n<\/div>\n","protected":false},"excerpt":{"rendered":"<p>Vai Volta Formas \u00e9 um brinquedo educativo de movimento cont\u00ednuo. O produto \u00e9 composto por 1 haste e 3 pe\u00e7as fixas\u00a0que nunca saem do lugar, mas vivem se movimentando\u00a0. A brincadeira \u00e9 simples e cativante: basta segurar a haste e<\/p>\n","protected":false},"featured_media":8772,"comment_status":"open","ping_status":"closed","template":"","meta":[],"product_brand":[231],"product_cat":[213],"product_tag":[],"class_list":{"0":"post-8773","1":"product","2":"type-product","3":"status-publish","6":"product_brand-tateti","7":"product_cat-brinquedos-jogos-e-brinquedos","9":"first","10":"instock","11":"shipping-taxable","12":"purchasable","13":"product-type-simple"},"_links":{"self":[{"href":"https:\/\/educaredigital.online\/loja\/wp-json\/wp\/v2\/product\/8773","targetHints":{"allow":["GET"]}}],"collection":[{"href":"https:\/\/educaredigital.online\/loja\/wp-json\/wp\/v2\/product"}],"about":[{"href":"https:\/\/educaredigital.online\/loja\/wp-json\/wp\/v2\/types\/product"}],"replies":[{"embeddable":true,"href":"https:\/\/educaredigital.online\/loja\/wp-json\/wp\/v2\/comments?post=8773"}],"wp:featuredmedia":[{"embeddable":true,"href":"https:\/\/educaredigital.online\/loja\/wp-json\/wp\/v2\/media\/8772"}],"wp:attachment":[{"href":"https:\/\/educaredigital.online\/loja\/wp-json\/wp\/v2\/media?parent=8773"}],"wp:term":[{"taxonomy":"product_brand","embeddable":true,"href":"https:\/\/educaredigital.online\/loja\/wp-json\/wp\/v2\/product_brand?post=8773"},{"taxonomy":"product_cat","embeddable":true,"href":"https:\/\/educaredigital.online\/loja\/wp-json\/wp\/v2\/product_cat?post=8773"},{"taxonomy":"product_tag","embeddable":true,"href":"https:\/\/educaredigital.online\/loja\/wp-json\/wp\/v2\/product_tag?post=8773"}],"curies":[{"name":"wp","href":"https:\/\/api.w.org\/{rel}","templated":true}]}}