{"id":8771,"date":"2026-04-20T19:08:02","date_gmt":"2026-04-20T19:08:02","guid":{"rendered":"https:\/\/educaredigital.online\/loja\/produto\/gire-jogue\/"},"modified":"2026-04-24T19:58:41","modified_gmt":"2026-04-24T19:58:41","slug":"gire-jogue","status":"publish","type":"product","link":"https:\/\/educaredigital.online\/loja\/produto\/gire-jogue\/","title":{"rendered":"Gire &#038; Jogue"},"content":{"rendered":"<p class=\"ds-markdown-paragraph\"><strong>GIRE &amp; JOGUE<\/strong>\u00a0\u00e9 uma vers\u00e3o inovadora e interativa do cl\u00e1ssico jogo da velha, projetada para estimular o racioc\u00ednio l\u00f3gico e a coordena\u00e7\u00e3o motora de crian\u00e7as e adultos. Diferente do tabuleiro tradicional est\u00e1tico, este brinquedo introduz um mecanismo girat\u00f3rio central: ap\u00f3s cada jogada, o disco superior pode ser rotacionado, embaralhando as posi\u00e7\u00f5es das pe\u00e7as (ou s\u00edmbolos) e adicionando um imprevis\u00edvel desafio estrat\u00e9gico. Os jogadores precisam n\u00e3o apenas formar uma linha reta com seus s\u00edmbolos, mas tamb\u00e9m antecipar como a rota\u00e7\u00e3o modificar\u00e1 o campo de jogo, tornando cada partida \u00fanica e din\u00e2mica.<\/p>\n<p class=\"ds-markdown-paragraph\">Ele transforma a simplicidade do tateti em uma experi\u00eancia ativa, desenvolvendo o pensamento t\u00e1tico, a percep\u00e7\u00e3o espacial e a capacidade de adapta\u00e7\u00e3o. Com regras f\u00e1ceis de aprender, mas dif\u00edcil de dominar, esse brinquedo educativo garante partidas r\u00e1pidas e viciantes, perfeitas para todas as idades \u2014 desde crian\u00e7as aprendendo a planejar movimentos at\u00e9 adultos buscando um passatempo cerebral divertido.<\/p>\n<div class=\"details-table-wrapper\">\n<table class=\"product-details-table\">\n<tbody>\n<tr>\n<td>Marca<\/td>\n<td>Tateti<\/td>\n<\/tr>\n<tr>\n<td>Material<\/td>\n<td>\u00a0Pl\u00e1stico<\/td>\n<\/tr>\n<tr>\n<td>Faixa Et\u00e1ria<\/td>\n<td>A partir de 4 Anos<\/td>\n<\/tr>\n<\/tbody>\n<\/table>\n<\/div>\n","protected":false},"excerpt":{"rendered":"<p>GIRE &amp; JOGUE\u00a0\u00e9 uma vers\u00e3o inovadora e interativa do cl\u00e1ssico jogo da velha, projetada para estimular o racioc\u00ednio l\u00f3gico e a coordena\u00e7\u00e3o motora de crian\u00e7as e adultos. Diferente do tabuleiro tradicional est\u00e1tico, este brinquedo introduz um mecanismo girat\u00f3rio central: ap\u00f3s<\/p>\n","protected":false},"featured_media":8770,"comment_status":"open","ping_status":"closed","template":"","meta":[],"product_brand":[231],"product_cat":[213],"product_tag":[],"class_list":{"0":"post-8771","1":"product","2":"type-product","3":"status-publish","6":"product_brand-tateti","7":"product_cat-brinquedos-jogos-e-brinquedos","9":"first","10":"instock","11":"shipping-taxable","12":"purchasable","13":"product-type-simple"},"_links":{"self":[{"href":"https:\/\/educaredigital.online\/loja\/wp-json\/wp\/v2\/product\/8771","targetHints":{"allow":["GET"]}}],"collection":[{"href":"https:\/\/educaredigital.online\/loja\/wp-json\/wp\/v2\/product"}],"about":[{"href":"https:\/\/educaredigital.online\/loja\/wp-json\/wp\/v2\/types\/product"}],"replies":[{"embeddable":true,"href":"https:\/\/educaredigital.online\/loja\/wp-json\/wp\/v2\/comments?post=8771"}],"wp:featuredmedia":[{"embeddable":true,"href":"https:\/\/educaredigital.online\/loja\/wp-json\/wp\/v2\/media\/8770"}],"wp:attachment":[{"href":"https:\/\/educaredigital.online\/loja\/wp-json\/wp\/v2\/media?parent=8771"}],"wp:term":[{"taxonomy":"product_brand","embeddable":true,"href":"https:\/\/educaredigital.online\/loja\/wp-json\/wp\/v2\/product_brand?post=8771"},{"taxonomy":"product_cat","embeddable":true,"href":"https:\/\/educaredigital.online\/loja\/wp-json\/wp\/v2\/product_cat?post=8771"},{"taxonomy":"product_tag","embeddable":true,"href":"https:\/\/educaredigital.online\/loja\/wp-json\/wp\/v2\/product_tag?post=8771"}],"curies":[{"name":"wp","href":"https:\/\/api.w.org\/{rel}","templated":true}]}}