{"id":8769,"date":"2026-04-20T19:08:01","date_gmt":"2026-04-20T19:08:01","guid":{"rendered":"https:\/\/educaredigital.online\/loja\/produto\/infinity-house\/"},"modified":"2026-04-24T19:58:45","modified_gmt":"2026-04-24T19:58:45","slug":"infinity-house","status":"publish","type":"product","link":"https:\/\/educaredigital.online\/loja\/produto\/infinity-house\/","title":{"rendered":"Infinity House"},"content":{"rendered":"<p class=\"ds-markdown-paragraph\"><strong>Infinity House<\/strong>\u00a0\u00e9 um brinquedo de montar composto por\u00a0<strong>28 pe\u00e7as<\/strong>\u00a0que incluem portas e janelas m\u00f3veis, permitindo que as crian\u00e7as construam casinhas, torres e outras estruturas de forma livre e criativa\u00a0. Diferente de blocos tradicionais, a proposta \u00e9 montar, desmontar e reconstruir infinitas vezes, estimulando a imagina\u00e7\u00e3o e o senso de arquitetura dos pequenos\u00a0.<\/p>\n<p class=\"ds-markdown-paragraph\">\u00a0O brinquedo foi desenvolvido para trabalhar diversas habilidades essenciais, como coordena\u00e7\u00e3o motora fina, aten\u00e7\u00e3o, concentra\u00e7\u00e3o e a coordena\u00e7\u00e3o entre olhos e m\u00e3os . Ao mesmo tempo em que \u00e9 uma brincadeira l\u00fadica e interativa, a Infinity House proporciona descobertas e aprendizado, sendo uma das apostas da marca para o desenvolvimento infantil.<\/p>\n<div class=\"details-table-wrapper\">\n<table class=\"product-details-table\">\n<tbody>\n<tr>\n<td>Marca<\/td>\n<td>Tateti<\/td>\n<\/tr>\n<tr>\n<td>Material<\/td>\n<td>\u00a0Pl\u00e1stico<\/td>\n<\/tr>\n<tr>\n<td>Faixa Et\u00e1ria<\/td>\n<td>A partir de 3 Anos<\/td>\n<\/tr>\n<\/tbody>\n<\/table>\n<\/div>\n","protected":false},"excerpt":{"rendered":"<p>Infinity House\u00a0\u00e9 um brinquedo de montar composto por\u00a028 pe\u00e7as\u00a0que incluem portas e janelas m\u00f3veis, permitindo que as crian\u00e7as construam casinhas, torres e outras estruturas de forma livre e criativa\u00a0. Diferente de blocos tradicionais, a proposta \u00e9 montar, desmontar e reconstruir<\/p>\n","protected":false},"featured_media":8768,"comment_status":"open","ping_status":"closed","template":"","meta":[],"product_brand":[231],"product_cat":[213],"product_tag":[],"class_list":{"0":"post-8769","1":"product","2":"type-product","3":"status-publish","6":"product_brand-tateti","7":"product_cat-brinquedos-jogos-e-brinquedos","9":"first","10":"instock","11":"shipping-taxable","12":"purchasable","13":"product-type-simple"},"_links":{"self":[{"href":"https:\/\/educaredigital.online\/loja\/wp-json\/wp\/v2\/product\/8769","targetHints":{"allow":["GET"]}}],"collection":[{"href":"https:\/\/educaredigital.online\/loja\/wp-json\/wp\/v2\/product"}],"about":[{"href":"https:\/\/educaredigital.online\/loja\/wp-json\/wp\/v2\/types\/product"}],"replies":[{"embeddable":true,"href":"https:\/\/educaredigital.online\/loja\/wp-json\/wp\/v2\/comments?post=8769"}],"wp:featuredmedia":[{"embeddable":true,"href":"https:\/\/educaredigital.online\/loja\/wp-json\/wp\/v2\/media\/8768"}],"wp:attachment":[{"href":"https:\/\/educaredigital.online\/loja\/wp-json\/wp\/v2\/media?parent=8769"}],"wp:term":[{"taxonomy":"product_brand","embeddable":true,"href":"https:\/\/educaredigital.online\/loja\/wp-json\/wp\/v2\/product_brand?post=8769"},{"taxonomy":"product_cat","embeddable":true,"href":"https:\/\/educaredigital.online\/loja\/wp-json\/wp\/v2\/product_cat?post=8769"},{"taxonomy":"product_tag","embeddable":true,"href":"https:\/\/educaredigital.online\/loja\/wp-json\/wp\/v2\/product_tag?post=8769"}],"curies":[{"name":"wp","href":"https:\/\/api.w.org\/{rel}","templated":true}]}}