{"id":8767,"date":"2026-04-20T19:07:59","date_gmt":"2026-04-20T19:07:59","guid":{"rendered":"https:\/\/educaredigital.online\/loja\/produto\/jacare-didatico\/"},"modified":"2026-04-24T19:58:55","modified_gmt":"2026-04-24T19:58:55","slug":"jacare-didatico","status":"publish","type":"product","link":"https:\/\/educaredigital.online\/loja\/produto\/jacare-didatico\/","title":{"rendered":"Jacar\u00e9 Didatico"},"content":{"rendered":"<p class=\"ds-markdown-paragraph\"><strong>Jacar\u00e9 Did\u00e1tico <\/strong>\u00e9 um brinquedo interativo que acompanha a crian\u00e7a em v\u00e1rias fases do desenvolvimento. Ele possui\u00a0<strong>rodinhas<\/strong>\u00a0para ser puxado como um carrinho, um\u00a0<strong>telefone com discador<\/strong>\u00a0para estimular a imagina\u00e7\u00e3o e a\u00a0<strong>boca que abre e fecha<\/strong>, revelando uma l\u00edngua super did\u00e1tica\u00a0. Na parte superior do corpo (como uma &#8220;tampa&#8221;), h\u00e1 encaixes onde a crian\u00e7a coloca\u00a0<strong>6 pe\u00e7as coloridas<\/strong>, que podem ser letras (A, B, C) e n\u00fameros (1, 2, 3), ajudando no reconhecimento do alfabeto e dos primeiros numerais\u00a0.<\/p>\n<p class=\"ds-markdown-paragraph\">\u00a0Este brinquedo \u00e9 um grande aliado no desenvolvimento infantil. Girando as rodinhas ou encaixando as pe\u00e7as, a crian\u00e7a exercita a <strong>coordena\u00e7\u00e3o motora<\/strong>\u00a0e a\u00a0<strong>integra\u00e7\u00e3o entre olhos e m\u00e3os<\/strong>\u00a0. Al\u00e9m disso, as cores vibrantes e as formas diferentes agu\u00e7am a\u00a0<strong>curiosidade<\/strong>\u00a0e o racioc\u00ednio de causa e efeito, sendo uma excelente ferramenta para o aprendizado de forma leve e divertida\u00a0.<\/p>\n<div class=\"details-table-wrapper\">\n<table class=\"product-details-table\">\n<tbody>\n<tr>\n<td>Marca<\/td>\n<td>Tateti<\/td>\n<\/tr>\n<tr>\n<td>Material<\/td>\n<td>\u00a0Pl\u00e1stico<\/td>\n<\/tr>\n<tr>\n<td>Faixa Et\u00e1ria<\/td>\n<td>A partir de 1 Ano<\/td>\n<\/tr>\n<\/tbody>\n<\/table>\n<\/div>\n","protected":false},"excerpt":{"rendered":"<p>Jacar\u00e9 Did\u00e1tico \u00e9 um brinquedo interativo que acompanha a crian\u00e7a em v\u00e1rias fases do desenvolvimento. Ele possui\u00a0rodinhas\u00a0para ser puxado como um carrinho, um\u00a0telefone com discador\u00a0para estimular a imagina\u00e7\u00e3o e a\u00a0boca que abre e fecha, revelando uma l\u00edngua super did\u00e1tica\u00a0. Na<\/p>\n","protected":false},"featured_media":8766,"comment_status":"open","ping_status":"closed","template":"","meta":[],"product_brand":[231],"product_cat":[213],"product_tag":[],"class_list":{"0":"post-8767","1":"product","2":"type-product","3":"status-publish","6":"product_brand-tateti","7":"product_cat-brinquedos-jogos-e-brinquedos","9":"first","10":"instock","11":"shipping-taxable","12":"purchasable","13":"product-type-simple"},"_links":{"self":[{"href":"https:\/\/educaredigital.online\/loja\/wp-json\/wp\/v2\/product\/8767","targetHints":{"allow":["GET"]}}],"collection":[{"href":"https:\/\/educaredigital.online\/loja\/wp-json\/wp\/v2\/product"}],"about":[{"href":"https:\/\/educaredigital.online\/loja\/wp-json\/wp\/v2\/types\/product"}],"replies":[{"embeddable":true,"href":"https:\/\/educaredigital.online\/loja\/wp-json\/wp\/v2\/comments?post=8767"}],"wp:featuredmedia":[{"embeddable":true,"href":"https:\/\/educaredigital.online\/loja\/wp-json\/wp\/v2\/media\/8766"}],"wp:attachment":[{"href":"https:\/\/educaredigital.online\/loja\/wp-json\/wp\/v2\/media?parent=8767"}],"wp:term":[{"taxonomy":"product_brand","embeddable":true,"href":"https:\/\/educaredigital.online\/loja\/wp-json\/wp\/v2\/product_brand?post=8767"},{"taxonomy":"product_cat","embeddable":true,"href":"https:\/\/educaredigital.online\/loja\/wp-json\/wp\/v2\/product_cat?post=8767"},{"taxonomy":"product_tag","embeddable":true,"href":"https:\/\/educaredigital.online\/loja\/wp-json\/wp\/v2\/product_tag?post=8767"}],"curies":[{"name":"wp","href":"https:\/\/api.w.org\/{rel}","templated":true}]}}