{"id":8761,"date":"2026-04-20T19:07:54","date_gmt":"2026-04-20T19:07:54","guid":{"rendered":"https:\/\/educaredigital.online\/loja\/produto\/cestinha-meu-hortifruti\/"},"modified":"2026-04-24T19:59:21","modified_gmt":"2026-04-24T19:59:21","slug":"cestinha-meu-hortifruti","status":"publish","type":"product","link":"https:\/\/educaredigital.online\/loja\/produto\/cestinha-meu-hortifruti\/","title":{"rendered":"Cestinha Meu Hortifruti"},"content":{"rendered":"<p class=\"ds-markdown-paragraph\"><strong>Cestinha Meu Hortifruti <\/strong>\u00a0\u00e9 um brinquedo de faz de conta que simula uma ida \u00e0 feira ou ao mercadinho. O kit \u00e9 composto por uma\u00a0<strong>cestinha pr\u00e1tica com al\u00e7as<\/strong>\u00a0e diversas\u00a0<strong>frutas e verduras de pl\u00e1stico<\/strong>\u00a0(como ma\u00e7\u00e3, uva, milho e banana), sendo que alguns modelos tamb\u00e9m incluem pe\u00e7as com\u00a0<strong>velcro e uma faquinha de brinquedo<\/strong>\u00a0para que a crian\u00e7a possa &#8220;cortar&#8221; os alimentos ao meio\u00a0. \u00c9 uma forma divertida de apresentar diferentes tipos de alimentos, cores e formas.<\/p>\n<p class=\"ds-markdown-paragraph\">O brinquedo estimula a <strong>criatividade, a imagina\u00e7\u00e3o e a coordena\u00e7\u00e3o motora<\/strong>\u00a0por meio da brincadeira de &#8220;feirinha&#8221; ou &#8220;vendas&#8221;\u00a0. Ao manipular as pe\u00e7as e interagir com outras crian\u00e7as, os pequenos desenvolvem habilidades sociais e de comunica\u00e7\u00e3o enquanto aprendem, de forma l\u00fadica, sobre a import\u00e2ncia de uma alimenta\u00e7\u00e3o mais saud\u00e1vel\u00a0.<\/p>\n<div class=\"details-table-wrapper\">\n<table class=\"product-details-table\">\n<tbody>\n<tr>\n<td>Marca<\/td>\n<td>Tateti<\/td>\n<\/tr>\n<tr>\n<td>Material<\/td>\n<td>\u00a0Pl\u00e1stico<\/td>\n<\/tr>\n<tr>\n<td>Faixa Et\u00e1ria<\/td>\n<td>A partir de 3 Anos<\/td>\n<\/tr>\n<\/tbody>\n<\/table>\n<\/div>\n","protected":false},"excerpt":{"rendered":"<p>Cestinha Meu Hortifruti \u00a0\u00e9 um brinquedo de faz de conta que simula uma ida \u00e0 feira ou ao mercadinho. O kit \u00e9 composto por uma\u00a0cestinha pr\u00e1tica com al\u00e7as\u00a0e diversas\u00a0frutas e verduras de pl\u00e1stico\u00a0(como ma\u00e7\u00e3, uva, milho e banana), sendo que<\/p>\n","protected":false},"featured_media":8760,"comment_status":"open","ping_status":"closed","template":"","meta":[],"product_brand":[231],"product_cat":[213],"product_tag":[],"class_list":{"0":"post-8761","1":"product","2":"type-product","3":"status-publish","6":"product_brand-tateti","7":"product_cat-brinquedos-jogos-e-brinquedos","9":"first","10":"instock","11":"shipping-taxable","12":"purchasable","13":"product-type-simple"},"_links":{"self":[{"href":"https:\/\/educaredigital.online\/loja\/wp-json\/wp\/v2\/product\/8761","targetHints":{"allow":["GET"]}}],"collection":[{"href":"https:\/\/educaredigital.online\/loja\/wp-json\/wp\/v2\/product"}],"about":[{"href":"https:\/\/educaredigital.online\/loja\/wp-json\/wp\/v2\/types\/product"}],"replies":[{"embeddable":true,"href":"https:\/\/educaredigital.online\/loja\/wp-json\/wp\/v2\/comments?post=8761"}],"wp:featuredmedia":[{"embeddable":true,"href":"https:\/\/educaredigital.online\/loja\/wp-json\/wp\/v2\/media\/8760"}],"wp:attachment":[{"href":"https:\/\/educaredigital.online\/loja\/wp-json\/wp\/v2\/media?parent=8761"}],"wp:term":[{"taxonomy":"product_brand","embeddable":true,"href":"https:\/\/educaredigital.online\/loja\/wp-json\/wp\/v2\/product_brand?post=8761"},{"taxonomy":"product_cat","embeddable":true,"href":"https:\/\/educaredigital.online\/loja\/wp-json\/wp\/v2\/product_cat?post=8761"},{"taxonomy":"product_tag","embeddable":true,"href":"https:\/\/educaredigital.online\/loja\/wp-json\/wp\/v2\/product_tag?post=8761"}],"curies":[{"name":"wp","href":"https:\/\/api.w.org\/{rel}","templated":true}]}}