{"id":8759,"date":"2026-04-20T19:07:53","date_gmt":"2026-04-20T19:07:53","guid":{"rendered":"https:\/\/educaredigital.online\/loja\/produto\/cestinha-kit-minhas-loucas\/"},"modified":"2026-04-24T19:59:27","modified_gmt":"2026-04-24T19:59:27","slug":"cestinha-kit-minhas-loucas","status":"publish","type":"product","link":"https:\/\/educaredigital.online\/loja\/produto\/cestinha-kit-minhas-loucas\/","title":{"rendered":"Cestinha Kit Minhas Lou\u00e7as"},"content":{"rendered":"<div class=\"ds-message _63c77b1\">\n<div class=\"ds-markdown\">\n<p class=\"ds-markdown-paragraph\"><strong>Cestinha Kit Minhas Lou\u00e7as<\/strong>\u00a0\u00e9 um conjunto completo de utens\u00edlios dom\u00e9sticos para a brincadeira de faz de conta. Acompanhada de uma\u00a0<strong>cesta com al\u00e7as<\/strong>\u00a0para transportar tudo, ela cont\u00e9m\u00a0<strong>duas x\u00edcaras, dois pratos, uma leiteira, uma panela com tampa, um escorredor de macarr\u00e3o e talheres variados<\/strong>\u00a0(garfos, facas e colheres)\u00a0. Com pe\u00e7as coloridas e realistas, o kit transforma qualquer ambiente em uma cozinha imagin\u00e1ria, onde as crian\u00e7as podem organizar um ch\u00e1 da tarde, preparar um banquete e at\u00e9 lavar a lou\u00e7a depois da &#8220;festa&#8221;\u00a0.<\/p>\n<p class=\"ds-markdown-paragraph\">Este brinquedo \u00e9 perfeito para o desenvolvimento de <strong>habilidades motoras, imagina\u00e7\u00e3o e criatividade<\/strong> por meio da imita\u00e7\u00e3o das tarefas dom\u00e9sticas . Al\u00e9m de estimular o aprendizado social e a comunica\u00e7\u00e3o.<\/p>\n<div class=\"details-table-wrapper\">\n<table class=\"product-details-table\">\n<tbody>\n<tr>\n<td>Marca<\/td>\n<td>Tateti<\/td>\n<\/tr>\n<tr>\n<td>Material<\/td>\n<td>\u00a0Pl\u00e1stico<\/td>\n<\/tr>\n<tr>\n<td>Faixa Et\u00e1ria<\/td>\n<td>A partir de 3 Anos<\/td>\n<\/tr>\n<\/tbody>\n<\/table>\n<\/div>\n<\/div>\n<\/div>\n","protected":false},"excerpt":{"rendered":"<p>Cestinha Kit Minhas Lou\u00e7as\u00a0\u00e9 um conjunto completo de utens\u00edlios dom\u00e9sticos para a brincadeira de faz de conta. Acompanhada de uma\u00a0cesta com al\u00e7as\u00a0para transportar tudo, ela cont\u00e9m\u00a0duas x\u00edcaras, dois pratos, uma leiteira, uma panela com tampa, um escorredor de macarr\u00e3o e<\/p>\n","protected":false},"featured_media":8758,"comment_status":"open","ping_status":"closed","template":"","meta":[],"product_brand":[231],"product_cat":[213],"product_tag":[],"class_list":{"0":"post-8759","1":"product","2":"type-product","3":"status-publish","6":"product_brand-tateti","7":"product_cat-brinquedos-jogos-e-brinquedos","9":"first","10":"instock","11":"shipping-taxable","12":"purchasable","13":"product-type-simple"},"_links":{"self":[{"href":"https:\/\/educaredigital.online\/loja\/wp-json\/wp\/v2\/product\/8759","targetHints":{"allow":["GET"]}}],"collection":[{"href":"https:\/\/educaredigital.online\/loja\/wp-json\/wp\/v2\/product"}],"about":[{"href":"https:\/\/educaredigital.online\/loja\/wp-json\/wp\/v2\/types\/product"}],"replies":[{"embeddable":true,"href":"https:\/\/educaredigital.online\/loja\/wp-json\/wp\/v2\/comments?post=8759"}],"wp:featuredmedia":[{"embeddable":true,"href":"https:\/\/educaredigital.online\/loja\/wp-json\/wp\/v2\/media\/8758"}],"wp:attachment":[{"href":"https:\/\/educaredigital.online\/loja\/wp-json\/wp\/v2\/media?parent=8759"}],"wp:term":[{"taxonomy":"product_brand","embeddable":true,"href":"https:\/\/educaredigital.online\/loja\/wp-json\/wp\/v2\/product_brand?post=8759"},{"taxonomy":"product_cat","embeddable":true,"href":"https:\/\/educaredigital.online\/loja\/wp-json\/wp\/v2\/product_cat?post=8759"},{"taxonomy":"product_tag","embeddable":true,"href":"https:\/\/educaredigital.online\/loja\/wp-json\/wp\/v2\/product_tag?post=8759"}],"curies":[{"name":"wp","href":"https:\/\/api.w.org\/{rel}","templated":true}]}}