{"id":8755,"date":"2026-04-20T19:07:50","date_gmt":"2026-04-20T19:07:50","guid":{"rendered":"https:\/\/educaredigital.online\/loja\/produto\/guitarra-rock-star\/"},"modified":"2026-04-24T19:59:42","modified_gmt":"2026-04-24T19:59:42","slug":"guitarra-rock-star","status":"publish","type":"product","link":"https:\/\/educaredigital.online\/loja\/produto\/guitarra-rock-star\/","title":{"rendered":"Guitarra Rock Star"},"content":{"rendered":"<p class=\"ds-markdown-paragraph\"><strong>Guitarra Rock Star <\/strong>\u00e9 um brinquedo musical interativo que transforma os pequenos em verdadeiras estrelas do palco\u00a0. Com\u00a0<strong>3 melodias diferentes<\/strong>\u00a0e um\u00a0<strong>chocalho<\/strong>\u00a0que adiciona ritmo \u00e0 brincadeira, o instrumento conta com teclas coloridas que acionam\u00a0<strong>luzes e sons<\/strong>\u00a0de guitarra\u00a0. Ao apertar as teclas, a crian\u00e7a descobre a rela\u00e7\u00e3o de causa e efeito (cada a\u00e7\u00e3o gera som e luz), estimulando a criatividade para criar suas pr\u00f3prias m\u00fasicas e desenvolver habilidades musicais\u00a0.<\/p>\n<p class=\"ds-markdown-paragraph\">\u00a0O brinquedo auxilia no desenvolvimento da <strong>coordena\u00e7\u00e3o motora fina<\/strong>, da\u00a0<strong>audi\u00e7\u00e3o<\/strong>, do\u00a0<strong>reconhecimento de cores<\/strong>\u00a0e da\u00a0<strong>imagina\u00e7\u00e3o<\/strong> ,funciona com 3 pilhas LR44, garantindo seguran\u00e7a e divers\u00e3o para os pequenos rockeiros\u00a0.<\/p>\n<div class=\"details-table-wrapper\">\n<table class=\"product-details-table\">\n<tbody>\n<tr>\n<td>Marca<\/td>\n<td>Tateti<\/td>\n<\/tr>\n<tr>\n<td>Material<\/td>\n<td>\u00a0Pl\u00e1stico<\/td>\n<\/tr>\n<tr>\n<td>Faixa Et\u00e1ria<\/td>\n<td>A partir de 6 Meses<\/td>\n<\/tr>\n<\/tbody>\n<\/table>\n<\/div>\n","protected":false},"excerpt":{"rendered":"<p>Guitarra Rock Star \u00e9 um brinquedo musical interativo que transforma os pequenos em verdadeiras estrelas do palco\u00a0. Com\u00a03 melodias diferentes\u00a0e um\u00a0chocalho\u00a0que adiciona ritmo \u00e0 brincadeira, o instrumento conta com teclas coloridas que acionam\u00a0luzes e sons\u00a0de guitarra\u00a0. Ao apertar as teclas,<\/p>\n","protected":false},"featured_media":8754,"comment_status":"open","ping_status":"closed","template":"","meta":[],"product_brand":[231],"product_cat":[213],"product_tag":[],"class_list":{"0":"post-8755","1":"product","2":"type-product","3":"status-publish","6":"product_brand-tateti","7":"product_cat-brinquedos-jogos-e-brinquedos","9":"first","10":"instock","11":"shipping-taxable","12":"purchasable","13":"product-type-simple"},"_links":{"self":[{"href":"https:\/\/educaredigital.online\/loja\/wp-json\/wp\/v2\/product\/8755","targetHints":{"allow":["GET"]}}],"collection":[{"href":"https:\/\/educaredigital.online\/loja\/wp-json\/wp\/v2\/product"}],"about":[{"href":"https:\/\/educaredigital.online\/loja\/wp-json\/wp\/v2\/types\/product"}],"replies":[{"embeddable":true,"href":"https:\/\/educaredigital.online\/loja\/wp-json\/wp\/v2\/comments?post=8755"}],"wp:featuredmedia":[{"embeddable":true,"href":"https:\/\/educaredigital.online\/loja\/wp-json\/wp\/v2\/media\/8754"}],"wp:attachment":[{"href":"https:\/\/educaredigital.online\/loja\/wp-json\/wp\/v2\/media?parent=8755"}],"wp:term":[{"taxonomy":"product_brand","embeddable":true,"href":"https:\/\/educaredigital.online\/loja\/wp-json\/wp\/v2\/product_brand?post=8755"},{"taxonomy":"product_cat","embeddable":true,"href":"https:\/\/educaredigital.online\/loja\/wp-json\/wp\/v2\/product_cat?post=8755"},{"taxonomy":"product_tag","embeddable":true,"href":"https:\/\/educaredigital.online\/loja\/wp-json\/wp\/v2\/product_tag?post=8755"}],"curies":[{"name":"wp","href":"https:\/\/api.w.org\/{rel}","templated":true}]}}